{"id":5171,"date":"2024-11-05T15:42:00","date_gmt":"2024-11-05T14:42:00","guid":{"rendered":"https:\/\/etev7e.pef.czu.cz\/zs2223\/?post_type=product&#038;p=5171"},"modified":"2024-11-05T16:38:00","modified_gmt":"2024-11-05T15:38:00","slug":"pilsner-urquell-12","status":"publish","type":"product","link":"https:\/\/etev7e.pef.czu.cz\/zs2223\/produkt\/pilsner-urquell-12\/","title":{"rendered":"Pilsner Urquell 12\u00b0"},"content":{"rendered":"<p>Pilsner Urquell 12\u00b0 je ikonick\u00e9 \u010desk\u00e9 pivo, kter\u00e9 se vyr\u00e1b\u00ed od roku 1842 v Plzni. M\u00e1 zlato\u017elutou barvu, bohatou a stabiln\u00ed p\u011bnu a sv\u011b\u017e\u00ed aroma s v\u00fdrazn\u00fdmi chmelov\u00fdmi t\u00f3ny. Alkoholov\u00fd obsah je 4,4 % obj., s vyv\u00e1\u017eenou chut\u00ed, kter\u00e1 kombinuje p\u0159\u00edjemnou sladovost a ho\u0159kost.<\/p>\n<p>Objem: 0,5 l<\/p>\n<p>&nbsp;<\/p>\n","protected":false},"excerpt":{"rendered":"<p>Pilsner Urquell 12\u00b0 je \u010desk\u00e9 pivo z Plzn\u011b s 4,4 % alkoholu, zlato\u017elutou barvou, stabiln\u00ed p\u011bnou, sv\u011b\u017e\u00edm chmelov\u00fdm aroma a vyv\u00e1\u017eenou chut\u00ed s p\u0159\u00edjemnou kombinac\u00ed sladovosti a ho\u0159kosti.<\/p>\n","protected":false},"featured_media":5216,"comment_status":"open","ping_status":"closed","template":"","meta":[],"product_brand":[],"product_cat":[1451],"product_tag":[1452,30],"class_list":{"0":"post-5171","1":"product","2":"type-product","3":"status-publish","4":"has-post-thumbnail","6":"product_cat-produkty-plzenskeho-prazdroje","7":"product_tag-alkoholicky-napoj","8":"product_tag-pivo","10":"first","11":"instock","12":"taxable","13":"shipping-taxable","14":"purchasable","15":"product-type-simple"},"jetpack_sharing_enabled":true,"_links":{"self":[{"href":"https:\/\/etev7e.pef.czu.cz\/zs2223\/wp-json\/wp\/v2\/product\/5171","targetHints":{"allow":["GET"]}}],"collection":[{"href":"https:\/\/etev7e.pef.czu.cz\/zs2223\/wp-json\/wp\/v2\/product"}],"about":[{"href":"https:\/\/etev7e.pef.czu.cz\/zs2223\/wp-json\/wp\/v2\/types\/product"}],"replies":[{"embeddable":true,"href":"https:\/\/etev7e.pef.czu.cz\/zs2223\/wp-json\/wp\/v2\/comments?post=5171"}],"wp:featuredmedia":[{"embeddable":true,"href":"https:\/\/etev7e.pef.czu.cz\/zs2223\/wp-json\/wp\/v2\/media\/5216"}],"wp:attachment":[{"href":"https:\/\/etev7e.pef.czu.cz\/zs2223\/wp-json\/wp\/v2\/media?parent=5171"}],"wp:term":[{"taxonomy":"product_brand","embeddable":true,"href":"https:\/\/etev7e.pef.czu.cz\/zs2223\/wp-json\/wp\/v2\/product_brand?post=5171"},{"taxonomy":"product_cat","embeddable":true,"href":"https:\/\/etev7e.pef.czu.cz\/zs2223\/wp-json\/wp\/v2\/product_cat?post=5171"},{"taxonomy":"product_tag","embeddable":true,"href":"https:\/\/etev7e.pef.czu.cz\/zs2223\/wp-json\/wp\/v2\/product_tag?post=5171"}],"curies":[{"name":"wp","href":"https:\/\/api.w.org\/{rel}","templated":true}]}}