{"id":5178,"date":"2024-11-05T16:34:07","date_gmt":"2024-11-05T15:34:07","guid":{"rendered":"https:\/\/etev7e.pef.czu.cz\/zs2223\/?post_type=product&#038;p=5178"},"modified":"2024-11-05T16:34:07","modified_gmt":"2024-11-05T15:34:07","slug":"frisco","status":"publish","type":"product","link":"https:\/\/etev7e.pef.czu.cz\/zs2223\/produkt\/frisco\/","title":{"rendered":"Frisco"},"content":{"rendered":"<p dir=\"ltr\">Frisco je modern\u00ed a osv\u011b\u017euj\u00edc\u00ed alkoholick\u00fd n\u00e1poj s jemn\u011b perlivou texturou, kter\u00fd obsahuje 4,5 % alkoholu. D\u00edky \u0161irok\u00e9 nab\u00eddce p\u0159\u00edchut\u00ed je ide\u00e1ln\u00ed pro ka\u017edou p\u0159\u00edle\u017eitost, a\u0165 u\u017e se jedn\u00e1 o letn\u00ed posezen\u00ed na zahrad\u011b, ve\u010d\u00edrek s p\u0159\u00e1teli, nebo klidn\u00fd ve\u010der doma. Frisco p\u0159in\u00e1\u0161\u00ed unik\u00e1tn\u00ed z\u00e1\u017eitek, kter\u00fd o\u017eiv\u00ed ka\u017edou chv\u00edli.<\/p>\n<p dir=\"ltr\">Objem: 330 ml<\/p>\n","protected":false},"excerpt":{"rendered":"<p style=\"text-align: left\">Frisco je modern\u00ed alkoholick\u00fd n\u00e1poj s jemn\u011b perlivou texturou, ide\u00e1ln\u00ed pro ka\u017edou p\u0159\u00edle\u017eitost. S obsahem alkoholu 4,5 %.<\/p>\n","protected":false},"featured_media":5203,"comment_status":"open","ping_status":"closed","template":"","meta":[],"product_brand":[],"product_cat":[1451],"product_tag":[367,182],"class_list":{"0":"post-5178","1":"product","2":"type-product","3":"status-publish","4":"has-post-thumbnail","6":"product_cat-produkty-plzenskeho-prazdroje","7":"product_tag-alkoholicke-napoj","8":"product_tag-cider","10":"first","11":"instock","12":"taxable","13":"shipping-taxable","14":"purchasable","15":"product-type-variable"},"jetpack_sharing_enabled":true,"_links":{"self":[{"href":"https:\/\/etev7e.pef.czu.cz\/zs2223\/wp-json\/wp\/v2\/product\/5178","targetHints":{"allow":["GET"]}}],"collection":[{"href":"https:\/\/etev7e.pef.czu.cz\/zs2223\/wp-json\/wp\/v2\/product"}],"about":[{"href":"https:\/\/etev7e.pef.czu.cz\/zs2223\/wp-json\/wp\/v2\/types\/product"}],"replies":[{"embeddable":true,"href":"https:\/\/etev7e.pef.czu.cz\/zs2223\/wp-json\/wp\/v2\/comments?post=5178"}],"wp:featuredmedia":[{"embeddable":true,"href":"https:\/\/etev7e.pef.czu.cz\/zs2223\/wp-json\/wp\/v2\/media\/5203"}],"wp:attachment":[{"href":"https:\/\/etev7e.pef.czu.cz\/zs2223\/wp-json\/wp\/v2\/media?parent=5178"}],"wp:term":[{"taxonomy":"product_brand","embeddable":true,"href":"https:\/\/etev7e.pef.czu.cz\/zs2223\/wp-json\/wp\/v2\/product_brand?post=5178"},{"taxonomy":"product_cat","embeddable":true,"href":"https:\/\/etev7e.pef.czu.cz\/zs2223\/wp-json\/wp\/v2\/product_cat?post=5178"},{"taxonomy":"product_tag","embeddable":true,"href":"https:\/\/etev7e.pef.czu.cz\/zs2223\/wp-json\/wp\/v2\/product_tag?post=5178"}],"curies":[{"name":"wp","href":"https:\/\/api.w.org\/{rel}","templated":true}]}}