{"id":5186,"date":"2024-12-01T10:18:16","date_gmt":"2024-12-01T09:18:16","guid":{"rendered":"https:\/\/etev7e.pef.czu.cz\/zs2223\/?post_type=product&#038;p=5186"},"modified":"2024-12-02T12:31:38","modified_gmt":"2024-12-02T11:31:38","slug":"vonne-tycinky","status":"publish","type":"product","link":"https:\/\/etev7e.pef.czu.cz\/zs2223\/produkt\/vonne-tycinky\/","title":{"rendered":"Vonn\u00e9 ty\u010dinky \u2013 Jasmine Oasis"},"content":{"rendered":"<p>Balen\u00ed obsahuje 20 vonn\u00fdch ty\u010dinek, z nich\u017e ka\u017ed\u00e1 poskytne p\u0159ibli\u017en\u011b 45 minut \u010dist\u00e9ho aromatick\u00e9ho z\u00e1\u017eitku. Tyto ty\u010dinky jsou ru\u010dn\u011b vyroben\u00e9 z kvalitn\u00edch p\u0159\u00edrodn\u00edch ingredienc\u00ed, co\u017e zaru\u010duje dlouhotrvaj\u00edc\u00ed v\u016fni bez p\u0159idan\u00fdch chemik\u00e1li\u00ed. Ka\u017ed\u00e9 balen\u00ed je nav\u00edc baleno v ekologicky \u0161etrn\u00e9m obalu, ide\u00e1ln\u00edm pro udr\u017een\u00ed \u010derstvosti a intenzity v\u016fn\u011b.<\/p>\n<p>\ud83c\udf3f <strong>V\u00fdjime\u010dn\u00e1 kvalita<\/strong> \u2013 Bez syntetick\u00fdch p\u0159\u00edm\u011bs\u00ed, pouze \u010dist\u00e1 p\u0159\u00edroda<\/p>\n<p>\ud83c\udf38 <strong>Dlouhotrvaj\u00edc\u00ed v\u016fn\u011b<\/strong> \u2013 Jedna ty\u010dinka provon\u00ed prostor a\u017e na 45 minut<\/p>\n<p>\ud83c\udf31 <strong>Ekologicky \u0161etrn\u00e9<\/strong> \u2013 Balen\u00ed v recyklovateln\u00fdch a p\u0159\u00edrodn\u00edch materi\u00e1lech<\/p>\n<p>A\u0165 u\u017e hled\u00e1te p\u0159\u00edjemnou v\u016fni pro sv\u016fj domov nebo dokonal\u00fd dopln\u011bk k va\u0161\u00ed meditaci, tyto ty\u010dinky jsou ide\u00e1ln\u00ed volbou. P\u0159ineste si dom\u016f kousek exotick\u00e9ho klidu s v\u016fn\u00ed, kter\u00e1 harmonizuje mysl i t\u011blo.<\/p>\n","protected":false},"excerpt":{"rendered":"<p>Tyto ru\u010dn\u011b vyr\u00e1b\u011bn\u00e9 ty\u010dinky jsou perfektn\u00ed pro meditaci nebo jednodu\u0161e pro vytvo\u0159en\u00ed klidn\u00e9ho a p\u0159\u00edjemn\u00e9ho prost\u0159ed\u00ed ve va\u0161em domov\u011b. Omamn\u00e1 kv\u011btinov\u00e1 v\u016fn\u011b jasm\u00ednu s\u00a0exotick\u00fdmi t\u00f3ny d\u0159eva dod\u00e1 pocit harmonie a relaxace.<\/p>\n","protected":false},"featured_media":5190,"comment_status":"open","ping_status":"closed","template":"","meta":[],"product_brand":[],"product_cat":[1363],"product_tag":[370,997,924,283,923,1454,752,317,643],"class_list":{"0":"post-5186","1":"product","2":"type-product","3":"status-publish","4":"has-post-thumbnail","6":"product_cat-vonne-produkty","7":"product_tag-dekorace","8":"product_tag-drogerie","9":"product_tag-home-decor","10":"product_tag-prirodni","11":"product_tag-sojove","12":"product_tag-vonne-produkty","13":"product_tag-vonne-svicky","14":"product_tag-vune","15":"product_tag-vune-do-auta","17":"first","18":"instock","19":"sale","20":"taxable","21":"shipping-taxable","22":"purchasable","23":"product-type-simple"},"jetpack_sharing_enabled":true,"_links":{"self":[{"href":"https:\/\/etev7e.pef.czu.cz\/zs2223\/wp-json\/wp\/v2\/product\/5186","targetHints":{"allow":["GET"]}}],"collection":[{"href":"https:\/\/etev7e.pef.czu.cz\/zs2223\/wp-json\/wp\/v2\/product"}],"about":[{"href":"https:\/\/etev7e.pef.czu.cz\/zs2223\/wp-json\/wp\/v2\/types\/product"}],"replies":[{"embeddable":true,"href":"https:\/\/etev7e.pef.czu.cz\/zs2223\/wp-json\/wp\/v2\/comments?post=5186"}],"wp:featuredmedia":[{"embeddable":true,"href":"https:\/\/etev7e.pef.czu.cz\/zs2223\/wp-json\/wp\/v2\/media\/5190"}],"wp:attachment":[{"href":"https:\/\/etev7e.pef.czu.cz\/zs2223\/wp-json\/wp\/v2\/media?parent=5186"}],"wp:term":[{"taxonomy":"product_brand","embeddable":true,"href":"https:\/\/etev7e.pef.czu.cz\/zs2223\/wp-json\/wp\/v2\/product_brand?post=5186"},{"taxonomy":"product_cat","embeddable":true,"href":"https:\/\/etev7e.pef.czu.cz\/zs2223\/wp-json\/wp\/v2\/product_cat?post=5186"},{"taxonomy":"product_tag","embeddable":true,"href":"https:\/\/etev7e.pef.czu.cz\/zs2223\/wp-json\/wp\/v2\/product_tag?post=5186"}],"curies":[{"name":"wp","href":"https:\/\/api.w.org\/{rel}","templated":true}]}}