{"id":5202,"date":"2024-11-05T16:39:18","date_gmt":"2024-11-05T15:39:18","guid":{"rendered":"https:\/\/etev7e.pef.czu.cz\/zs2223\/?post_type=product&#038;p=5202"},"modified":"2024-11-16T23:04:04","modified_gmt":"2024-11-16T22:04:04","slug":"prazdniny-v-cesku-ladislav-zibura","status":"publish","type":"product","link":"https:\/\/etev7e.pef.czu.cz\/zs2223\/produkt\/prazdniny-v-cesku-ladislav-zibura\/","title":{"rendered":"Pr\u00e1zdniny v \u010cesku &#8211; Ladislav Zibura"},"content":{"rendered":"<div class=\"flex-shrink-0 flex flex-col relative items-end\">\n<div>\n<div class=\"pt-0\">\n<div class=\"gizmo-bot-avatar flex h-8 w-8 items-center justify-center overflow-hidden rounded-full\">\n<div class=\"relative p-1 rounded-sm flex items-center justify-center bg-token-main-surface-primary text-token-text-primary h-8 w-8\">Pr\u00e1zdniny v \u010cesku od Ladislava Zibury je humorn\u00e1 cestopisn\u00e1 kniha, kter\u00e1 zaujme nejen milovn\u00edky p\u0159\u00edrody a cestov\u00e1n\u00ed, ale i ty, kte\u0159\u00ed hledaj\u00ed \u010dten\u00ed s d\u00e1vkou humoru a ironie. Autor se vyd\u00e1v\u00e1 na nezvyklou p\u011b\u0161\u00ed t\u00faru po \u010cesk\u00e9 republice, a to nejen po zn\u00e1m\u00fdch turistick\u00fdch tras\u00e1ch, ale i po m\u00e9n\u011b prozkouman\u00fdch a \u010dasto zapomenut\u00fdch koutech na\u0161\u00ed krajiny. V pr\u016fb\u011bhu sv\u00e9ho putov\u00e1n\u00ed potk\u00e1v\u00e1 fascinuj\u00edc\u00ed postavy, a\u0165 u\u017e m\u00edstn\u00ed obyvatele nebo cestovatele, kte\u0159\u00ed mu zanech\u00e1vaj\u00ed nezapomenuteln\u00e9 z\u00e1\u017eitky. Zibura se neboj\u00ed odhalovat vtipn\u00e9 a n\u011bkdy absurdn\u00ed momenty, kter\u00e9 dokresluj\u00ed jeho pohled na \u010deskou realitu a z\u00e1rove\u0148 ukazuj\u00ed kr\u00e1sy a rozmanitost \u010desk\u00e9 krajiny. Kniha je pln\u00e1 osobit\u00fdch post\u0159eh\u016f, vtipn\u00fdch p\u0159\u00edb\u011bh\u016f a z\u00e1rove\u0148 i hlub\u0161\u00ed reflexe nad t\u00edm, co znamen\u00e1 b\u00fdt \u010cechem, jak\u00e9 jsou na\u0161e stereotypy a jak je vn\u00edm\u00e1me. S lehkost\u00ed a nadhledem se tak autor dot\u00fdk\u00e1 jak ka\u017edodenn\u00edho \u017eivota, tak i t\u011bch m\u00edst, kter\u00e1 jsou v\u011bt\u0161inou opom\u00edjena, a p\u0159itom skr\u00fdvaj\u00ed svou vlastn\u00ed historii a kouzlo. &#8222;Pr\u00e1zdniny v \u010cesku&#8220; jsou skv\u011blou volbou pro ka\u017ed\u00e9ho, kdo si chce u\u017e\u00edt \u010dten\u00ed pln\u00e9 humoru, ale z\u00e1rove\u0148 se pod\u00edvat na na\u0161\u00ed zemi o\u010dima, kter\u00e9 ne\u0161et\u0159\u00ed nads\u00e1zkou a vtipem.<\/div>\n<\/div>\n<\/div>\n<\/div>\n<\/div>\n","protected":false},"excerpt":{"rendered":"<p>Pr\u00e1zdniny v \u010cesku od Ladislava Zibury je humorn\u00e1 cestopisn\u00e1 kniha, ve kter\u00e9 autor popisuje sv\u00e9 dobrodru\u017estv\u00ed po m\u00e9n\u011b zn\u00e1m\u00fdch koutech \u010cesk\u00e9 republiky. Zibura se vyd\u00e1v\u00e1 na p\u011b\u0161\u00ed t\u00faru nap\u0159\u00ed\u010d krajinou, potk\u00e1v\u00e1 zaj\u00edmav\u00e9 lidi a objevuje zapomenut\u00e1 m\u00edsta. Kniha nab\u00edz\u00ed sv\u011b\u017e\u00ed pohled na kr\u00e1sy \u010ceska, oko\u0159en\u011bn\u00fd autorov\u00fdm charakteristick\u00fdm vtipem a ironick\u00fdm nadhledem.<\/p>\n","protected":false},"featured_media":5213,"comment_status":"open","ping_status":"closed","template":"","meta":[],"product_brand":[],"product_cat":[1461],"product_tag":[1113,1465,1463,1462,1464,1112,351,903],"class_list":{"0":"post-5202","1":"product","2":"type-product","3":"status-publish","4":"has-post-thumbnail","6":"product_cat-knihy","7":"product_tag-beletrie","8":"product_tag-cestopisy","9":"product_tag-cestovani","10":"product_tag-cteni","11":"product_tag-darky","12":"product_tag-knihy","13":"product_tag-volny-cas","14":"product_tag-zabava","16":"first","17":"instock","18":"sale","19":"taxable","20":"shipping-taxable","21":"purchasable","22":"product-type-simple"},"jetpack_sharing_enabled":true,"_links":{"self":[{"href":"https:\/\/etev7e.pef.czu.cz\/zs2223\/wp-json\/wp\/v2\/product\/5202","targetHints":{"allow":["GET"]}}],"collection":[{"href":"https:\/\/etev7e.pef.czu.cz\/zs2223\/wp-json\/wp\/v2\/product"}],"about":[{"href":"https:\/\/etev7e.pef.czu.cz\/zs2223\/wp-json\/wp\/v2\/types\/product"}],"replies":[{"embeddable":true,"href":"https:\/\/etev7e.pef.czu.cz\/zs2223\/wp-json\/wp\/v2\/comments?post=5202"}],"wp:featuredmedia":[{"embeddable":true,"href":"https:\/\/etev7e.pef.czu.cz\/zs2223\/wp-json\/wp\/v2\/media\/5213"}],"wp:attachment":[{"href":"https:\/\/etev7e.pef.czu.cz\/zs2223\/wp-json\/wp\/v2\/media?parent=5202"}],"wp:term":[{"taxonomy":"product_brand","embeddable":true,"href":"https:\/\/etev7e.pef.czu.cz\/zs2223\/wp-json\/wp\/v2\/product_brand?post=5202"},{"taxonomy":"product_cat","embeddable":true,"href":"https:\/\/etev7e.pef.czu.cz\/zs2223\/wp-json\/wp\/v2\/product_cat?post=5202"},{"taxonomy":"product_tag","embeddable":true,"href":"https:\/\/etev7e.pef.czu.cz\/zs2223\/wp-json\/wp\/v2\/product_tag?post=5202"}],"curies":[{"name":"wp","href":"https:\/\/api.w.org\/{rel}","templated":true}]}}