{"id":5217,"date":"2024-11-05T16:47:13","date_gmt":"2024-11-05T15:47:13","guid":{"rendered":"https:\/\/etev7e.pef.czu.cz\/zs2223\/?post_type=product&#038;p=5217"},"modified":"2024-11-05T17:28:03","modified_gmt":"2024-11-05T16:28:03","slug":"kozel-11","status":"publish","type":"product","link":"https:\/\/etev7e.pef.czu.cz\/zs2223\/produkt\/kozel-11\/","title":{"rendered":"Kozel 11\u00b0"},"content":{"rendered":"<p>Kozel 11\u00b0 je osv\u011b\u017euj\u00edc\u00ed \u010desk\u00fd le\u017e\u00e1k s vyv\u00e1\u017eenou ho\u0159kost\u00ed. S obsahem alkoholu 4,6 % je ide\u00e1ln\u00ed pro milovn\u00edky kvalitn\u00edch n\u00e1poj\u016f a skv\u011ble se hod\u00ed k relaxaci nebo posezen\u00ed s p\u0159\u00e1teli. Spojuje tradi\u010dn\u00ed recepturu s modern\u00edm pojet\u00edm, co\u017e z n\u011bj \u010din\u00ed perfektn\u00ed volbu pro ka\u017edou p\u0159\u00edle\u017eitost.<\/p>\n<p>Objem: 0,5 l<\/p>\n","protected":false},"excerpt":{"rendered":"<p>Kozel 11\u00b0 je osv\u011b\u017euj\u00edc\u00ed \u010desk\u00fd le\u017e\u00e1k s plnou chut\u00ed a vyv\u00e1\u017eenou ho\u0159kost\u00ed. S obsahem alkoholu 4,6%.<\/p>\n","protected":false},"featured_media":5221,"comment_status":"open","ping_status":"closed","template":"","meta":[],"product_brand":[],"product_cat":[1451],"product_tag":[1452,30],"class_list":{"0":"post-5217","1":"product","2":"type-product","3":"status-publish","4":"has-post-thumbnail","6":"product_cat-produkty-plzenskeho-prazdroje","7":"product_tag-alkoholicky-napoj","8":"product_tag-pivo","10":"first","11":"instock","12":"taxable","13":"shipping-taxable","14":"purchasable","15":"product-type-simple"},"jetpack_sharing_enabled":true,"_links":{"self":[{"href":"https:\/\/etev7e.pef.czu.cz\/zs2223\/wp-json\/wp\/v2\/product\/5217","targetHints":{"allow":["GET"]}}],"collection":[{"href":"https:\/\/etev7e.pef.czu.cz\/zs2223\/wp-json\/wp\/v2\/product"}],"about":[{"href":"https:\/\/etev7e.pef.czu.cz\/zs2223\/wp-json\/wp\/v2\/types\/product"}],"replies":[{"embeddable":true,"href":"https:\/\/etev7e.pef.czu.cz\/zs2223\/wp-json\/wp\/v2\/comments?post=5217"}],"wp:featuredmedia":[{"embeddable":true,"href":"https:\/\/etev7e.pef.czu.cz\/zs2223\/wp-json\/wp\/v2\/media\/5221"}],"wp:attachment":[{"href":"https:\/\/etev7e.pef.czu.cz\/zs2223\/wp-json\/wp\/v2\/media?parent=5217"}],"wp:term":[{"taxonomy":"product_brand","embeddable":true,"href":"https:\/\/etev7e.pef.czu.cz\/zs2223\/wp-json\/wp\/v2\/product_brand?post=5217"},{"taxonomy":"product_cat","embeddable":true,"href":"https:\/\/etev7e.pef.czu.cz\/zs2223\/wp-json\/wp\/v2\/product_cat?post=5217"},{"taxonomy":"product_tag","embeddable":true,"href":"https:\/\/etev7e.pef.czu.cz\/zs2223\/wp-json\/wp\/v2\/product_tag?post=5217"}],"curies":[{"name":"wp","href":"https:\/\/api.w.org\/{rel}","templated":true}]}}