{"id":5218,"date":"2024-11-05T17:05:34","date_gmt":"2024-11-05T16:05:34","guid":{"rendered":"https:\/\/etev7e.pef.czu.cz\/zs2223\/?post_type=product&#038;p=5218"},"modified":"2024-11-17T21:11:55","modified_gmt":"2024-11-17T20:11:55","slug":"oura-ring","status":"publish","type":"product","link":"https:\/\/etev7e.pef.czu.cz\/zs2223\/produkt\/oura-ring\/","title":{"rendered":"Chytr\u00fd prsten Oura ring"},"content":{"rendered":"<p><span class=\"TextRun SCXW102357786 BCX0\" lang=\"CS-CZ\" xml:lang=\"CS-CZ\" data-contrast=\"auto\"><span class=\"NormalTextRun SpellingErrorV2Themed SCXW102357786 BCX0\">Oura<\/span><span class=\"NormalTextRun SCXW102357786 BCX0\"> Ring je chytr\u00fd prsten, kter\u00fd kombinuje minimalistick\u00fd design <\/span><span class=\"NormalTextRun SCXW102357786 BCX0\">s<\/span><span class=\"NormalTextRun SCXW102357786 BCX0\"> pokro\u010dilou technologii pro monitorov\u00e1n\u00ed zdrav\u00ed a sp\u00e1nku. <\/span><span class=\"NormalTextRun SpellingErrorV2Themed SCXW102357786 BCX0\">Oura<\/span><span class=\"NormalTextRun SCXW102357786 BCX0\"> Ring je vhodn\u00fd pro celodenn\u00ed no\u0161en\u00ed, proto\u017ee je lehk\u00fd, odoln\u00fd a je vyroben\u00fd z titanu. Nab\u00edz\u00ed p\u0159esn\u00e9 sledov\u00e1n\u00ed zdravotn\u00edch metrik jako je srde\u010dn\u00ed frekvence, variabilita srde\u010dn\u00edho tepu, t\u011blesn\u00e1 teplota a okysli\u010den\u00ed krve. Jednou z jeho hlavn\u00edch funkc\u00ed je detailn\u00ed anal\u00fdza sp\u00e1nku, kter\u00e1 poskytuje u\u017eivatel\u016fm p\u0159ehled o jednotliv\u00fdch f\u00e1z\u00edch sp\u00e1nku a kvalit\u011b, z\u00e1rove\u0148 pomoc\u00ed aplikace nab\u00eddne u\u017eivateli doporu\u010den\u00ed pro zlep\u0161en\u00ed regenerace. Prsten z\u00e1rove\u0148 sleduje denn\u00ed aktivitu, v\u010detn\u011b krok\u016f, sp\u00e1len\u00fdch kalori\u00ed a m\u00edry aktivity.\u00a0<\/span><\/span><span class=\"EOP SCXW102357786 BCX0\" data-ccp-props=\"{&quot;201341983&quot;:0,&quot;335559739&quot;:0,&quot;335559740&quot;:257}\">\u00a0<\/span><\/p>\n","protected":false},"excerpt":{"rendered":"<p>Oura Ring je chytr\u00fd prsten z titanu, kter\u00fd kombinuje minimalistick\u00fd design s pokro\u010dil\u00fdm sledov\u00e1n\u00edm zdrav\u00ed a sp\u00e1nku. M\u011b\u0159\u00ed srde\u010dn\u00ed frekvenci, variabilitu tepu, teplotu t\u011bla a okysli\u010den\u00ed krve. Detailn\u011b analyzuje sp\u00e1nek a denn\u00ed aktivitu v\u010detn\u011b krok\u016f a sp\u00e1len\u00fdch kalori\u00ed, p\u0159i\u010dem\u017e aplikace nab\u00edz\u00ed doporu\u010den\u00ed pro lep\u0161\u00ed regeneraci.<\/p>\n","protected":false},"featured_media":5228,"comment_status":"open","ping_status":"closed","template":"","meta":[],"product_brand":[],"product_cat":[1453],"product_tag":[1798,1799,333,350,1800,116],"class_list":{"0":"post-5218","1":"product","2":"type-product","3":"status-publish","4":"has-post-thumbnail","6":"product_cat-smart-tech","7":"product_tag-chytry-prsten","8":"product_tag-mereni","9":"product_tag-spanek","10":"product_tag-sport","11":"product_tag-vykon","12":"product_tag-zdravi","14":"first","15":"instock","16":"sale","17":"taxable","18":"shipping-taxable","19":"purchasable","20":"product-type-simple"},"jetpack_sharing_enabled":true,"_links":{"self":[{"href":"https:\/\/etev7e.pef.czu.cz\/zs2223\/wp-json\/wp\/v2\/product\/5218","targetHints":{"allow":["GET"]}}],"collection":[{"href":"https:\/\/etev7e.pef.czu.cz\/zs2223\/wp-json\/wp\/v2\/product"}],"about":[{"href":"https:\/\/etev7e.pef.czu.cz\/zs2223\/wp-json\/wp\/v2\/types\/product"}],"replies":[{"embeddable":true,"href":"https:\/\/etev7e.pef.czu.cz\/zs2223\/wp-json\/wp\/v2\/comments?post=5218"}],"wp:featuredmedia":[{"embeddable":true,"href":"https:\/\/etev7e.pef.czu.cz\/zs2223\/wp-json\/wp\/v2\/media\/5228"}],"wp:attachment":[{"href":"https:\/\/etev7e.pef.czu.cz\/zs2223\/wp-json\/wp\/v2\/media?parent=5218"}],"wp:term":[{"taxonomy":"product_brand","embeddable":true,"href":"https:\/\/etev7e.pef.czu.cz\/zs2223\/wp-json\/wp\/v2\/product_brand?post=5218"},{"taxonomy":"product_cat","embeddable":true,"href":"https:\/\/etev7e.pef.czu.cz\/zs2223\/wp-json\/wp\/v2\/product_cat?post=5218"},{"taxonomy":"product_tag","embeddable":true,"href":"https:\/\/etev7e.pef.czu.cz\/zs2223\/wp-json\/wp\/v2\/product_tag?post=5218"}],"curies":[{"name":"wp","href":"https:\/\/api.w.org\/{rel}","templated":true}]}}