{"id":5219,"date":"2024-11-05T16:47:13","date_gmt":"2024-11-05T15:47:13","guid":{"rendered":"https:\/\/etev7e.pef.czu.cz\/zs2223\/?post_type=product&#038;p=5219"},"modified":"2024-11-16T23:00:26","modified_gmt":"2024-11-16T22:00:26","slug":"terapie-sdilenim-rozchodove-vety-ester-geislerova-josefina-bakosova","status":"publish","type":"product","link":"https:\/\/etev7e.pef.czu.cz\/zs2223\/produkt\/terapie-sdilenim-rozchodove-vety-ester-geislerova-josefina-bakosova\/","title":{"rendered":"Terapie sd\u00edlen\u00edm #rozchodov\u00e9 v\u011bty &#8211; Ester Geislerov\u00e1, Josefina Bako\u0161ov\u00e1"},"content":{"rendered":"<p>Ester a Josef\u00edna: Terapie sd\u00edlen\u00edm #rozchodov\u00e9 v\u011bty\u00a0je pokra\u010dov\u00e1n\u00edm \u00fasp\u011b\u0161n\u00e9ho projektu Terapie sd\u00edlen\u00edm, kter\u00fd vznikl d\u00edky spolupr\u00e1ci dvou talentovan\u00fdch autorek, Ester Geislerov\u00e9 a Josef\u00edny Bako\u0161ov\u00e9. V t\u00e9to knize se autorky zam\u011b\u0159uj\u00ed na jednu z nejbolestiv\u011bj\u0161\u00edch, ale z\u00e1rove\u0148 nejb\u011b\u017en\u011bj\u0161\u00edch situac\u00ed v \u017eivot\u011b \u2013 rozchody. Shroma\u017e\u010fuj\u00ed a zve\u0159ej\u0148uj\u00ed autentick\u00e9 rozchodov\u00e9 zpr\u00e1vy a v\u011bty, kter\u00e9 zas\u00edlaj\u00ed lid\u00e9 z cel\u00e9ho \u010ceska, \u010d\u00edm\u017e vytv\u00e1\u0159ej\u00ed up\u0159\u00edmnou, n\u011bkdy vtipnou, jindy smutnou, ale v\u017edy autentickou sb\u00edrku lidsk\u00fdch emoc\u00ed a p\u0159\u00edb\u011bh\u016f.<\/p>\n<p>Kniha nen\u00ed jen o samotn\u00fdch rozchodech, ale p\u0159in\u00e1\u0161\u00ed nadhled, empatii a \u00falevu pro ka\u017ed\u00e9ho, kdo proch\u00e1z\u00ed obdob\u00edm vztahov\u00fdch zm\u011bn. Ester a Josef\u00edna nab\u00edz\u00ed \u010dten\u00e1\u0159\u016fm cenn\u00fd pohled na to, jak se s takov\u00fdmi situacemi vyrovn\u00e1v\u00e1me, a jak n\u00e1m humor a otev\u0159enost mohou pomoci se vyrovnat s n\u00e1ro\u010dn\u00fdmi \u017eivotn\u00edmi okam\u017eiky. Dopln\u011bn\u00e1 o ilustrace a koment\u00e1\u0159e, kniha nejen odleh\u010duje t\u011b\u017ek\u00e1 t\u00e9mata, ale z\u00e1rove\u0148 jim d\u00e1v\u00e1 hlub\u0161\u00ed a lidsk\u00fd rozm\u011br. Tento vtipn\u011b i dojemn\u011b napsan\u00fd pr\u016fvodce rozchodov\u00fdmi momenty je skv\u011bl\u00fdm \u010dten\u00edm pro ka\u017ed\u00e9ho, kdo hled\u00e1 nejen z\u00e1bavu, ale i \u00fat\u011bchu v t\u011b\u017ek\u00fdch chv\u00edl\u00edch.<\/p>\n","protected":false},"excerpt":{"rendered":"<p>Ester a Josef\u00edna: Terapie sd\u00edlen\u00edm #rozchodov\u00e9 v\u011bty je kniha, kter\u00e1 vznikla jako pokra\u010dov\u00e1n\u00ed \u00fasp\u011b\u0161n\u00e9ho projektu Terapie sd\u00edlen\u00edm, kdy autorky Ester Geislerov\u00e1 a Josefina Bako\u0161ov\u00e1 shroma\u017e\u010fuj\u00ed autentick\u00e9 rozchodov\u00e9 zpr\u00e1vy a v\u011bty od lid\u00ed z cel\u00e9ho \u010ceska. Tato kniha je humornou a z\u00e1rove\u0148 dojemnou sb\u00edrkou rozchodov\u00fdch moment\u016f, kter\u00e1 nab\u00edz\u00ed nadhled, empatii a \u00falevu pro ty, kdo proch\u00e1zej\u00ed obdob\u00edm vztahov\u00fdch zm\u011bn. Kniha je dopln\u011bna ilustracemi a koment\u00e1\u0159i, kter\u00e9 dod\u00e1vaj\u00ed situac\u00edm dal\u0161\u00ed rozm\u011br.<\/p>\n","protected":false},"featured_media":5222,"comment_status":"open","ping_status":"closed","template":"","meta":[],"product_brand":[],"product_cat":[1461],"product_tag":[1468,1112,1472,1467,1470,1471,1466,1469,903],"class_list":{"0":"post-5219","1":"product","2":"type-product","3":"status-publish","4":"has-post-thumbnail","6":"product_cat-knihy","7":"product_tag-humor","8":"product_tag-knihy","9":"product_tag-konverzace","10":"product_tag-meme","11":"product_tag-rozchod","12":"product_tag-tinder","13":"product_tag-vtip","14":"product_tag-vztahy","15":"product_tag-zabava","17":"first","18":"instock","19":"sale","20":"taxable","21":"shipping-taxable","22":"purchasable","23":"product-type-simple"},"jetpack_sharing_enabled":true,"_links":{"self":[{"href":"https:\/\/etev7e.pef.czu.cz\/zs2223\/wp-json\/wp\/v2\/product\/5219","targetHints":{"allow":["GET"]}}],"collection":[{"href":"https:\/\/etev7e.pef.czu.cz\/zs2223\/wp-json\/wp\/v2\/product"}],"about":[{"href":"https:\/\/etev7e.pef.czu.cz\/zs2223\/wp-json\/wp\/v2\/types\/product"}],"replies":[{"embeddable":true,"href":"https:\/\/etev7e.pef.czu.cz\/zs2223\/wp-json\/wp\/v2\/comments?post=5219"}],"wp:featuredmedia":[{"embeddable":true,"href":"https:\/\/etev7e.pef.czu.cz\/zs2223\/wp-json\/wp\/v2\/media\/5222"}],"wp:attachment":[{"href":"https:\/\/etev7e.pef.czu.cz\/zs2223\/wp-json\/wp\/v2\/media?parent=5219"}],"wp:term":[{"taxonomy":"product_brand","embeddable":true,"href":"https:\/\/etev7e.pef.czu.cz\/zs2223\/wp-json\/wp\/v2\/product_brand?post=5219"},{"taxonomy":"product_cat","embeddable":true,"href":"https:\/\/etev7e.pef.czu.cz\/zs2223\/wp-json\/wp\/v2\/product_cat?post=5219"},{"taxonomy":"product_tag","embeddable":true,"href":"https:\/\/etev7e.pef.czu.cz\/zs2223\/wp-json\/wp\/v2\/product_tag?post=5219"}],"curies":[{"name":"wp","href":"https:\/\/api.w.org\/{rel}","templated":true}]}}