{"id":5220,"date":"2024-11-05T16:58:29","date_gmt":"2024-11-05T15:58:29","guid":{"rendered":"https:\/\/etev7e.pef.czu.cz\/zs2223\/?post_type=product&#038;p=5220"},"modified":"2024-11-06T07:36:27","modified_gmt":"2024-11-06T06:36:27","slug":"vonna-svicka-vanilla-bliss","status":"publish","type":"product","link":"https:\/\/etev7e.pef.czu.cz\/zs2223\/produkt\/vonna-svicka-vanilla-bliss\/","title":{"rendered":"Vonn\u00e1 sv\u00ed\u010dka \u2013 Vanilla Bliss"},"content":{"rendered":"<p>Na\u0161e luxusn\u00ed sv\u00ed\u010dka je vyrobena z \u010dist\u00e9ho, p\u0159\u00edrodn\u00edho s\u00f3jov\u00e9ho vosku, kter\u00fd ho\u0159\u00ed \u010dist\u011bji a d\u00e9le ne\u017e b\u011b\u017en\u00e9 paraf\u00ednov\u00e9 sv\u00ed\u010dky. Ka\u017ed\u00fd kousek je pe\u010dliv\u011b ru\u010dn\u011b vyroben, aby v\u00e1m p\u0159inesl z\u00e1\u017eitek jemn\u00e9 a p\u0159\u00edjemn\u011b uklid\u0148uj\u00edc\u00ed v\u016fn\u011b vanilky, jemn\u011b podtr\u017een\u00e9 n\u00e1dechem sko\u0159ice. Tato v\u016fn\u011b nejen povzbud\u00ed va\u0161e smysly, ale tak\u00e9 navod\u00ed pocit pohodl\u00ed a relaxace, kter\u00fd je ide\u00e1ln\u00ed pro odpo\u010dinkov\u00e9 ve\u010dery.<\/p>\n<p>\u2728 <strong>Vysoce kvalitn\u00ed p\u0159\u00edrodn\u00ed ingredience<\/strong> \u2013 Bez paraf\u00ednu a bez chemick\u00fdch p\u0159\u00edm\u011bs\u00ed<\/p>\n<p>\ud83d\udd25 <strong>Dlouh\u00e1 doba ho\u0159en\u00ed<\/strong> \u2013 Ho\u0159\u00ed a\u017e 12 hodin p\u0159i rovnom\u011brn\u00e9m a pomal\u00e9m taven\u00ed<\/p>\n<p>\ud83c\udf43 <strong>Ekologick\u00fd v\u00fdb\u011br<\/strong> \u2013 S\u00f3jov\u00fd vosk je obnoviteln\u00fd a \u0161etrn\u00fd k \u017eivotn\u00edmu prost\u0159ed\u00ed<\/p>\n<p>Tato sv\u00ed\u010dka je perfektn\u00ed volbou nejen pro relaxa\u010dn\u00ed ve\u010dery, ale tak\u00e9 jako origin\u00e1ln\u00ed d\u00e1rek, kter\u00fdm pot\u011b\u0161\u00edte sv\u00e9 bl\u00edzk\u00e9.<\/p>\n","protected":false},"excerpt":{"rendered":"<p>Tato luxusn\u00ed sv\u00ed\u010dka je vyrobena z p\u0159\u00edrodn\u00edho s\u00f3jov\u00e9ho vosku a napln\u00ed v\u00e1\u0161 prostor jemnou, dlouhotrvaj\u00edc\u00ed v\u016fn\u00ed vanilky s\u00a0lehk\u00fdm n\u00e1dechem sko\u0159ice, kter\u00e1 povzbud\u00ed smysly a navod\u00ed pocit relaxace. Vydr\u017e\u00ed ho\u0159et a\u017e 12 hodin a je tak ide\u00e1ln\u00ed volbou pro dlouh\u00e9 klidn\u00e9 ve\u010dery.<\/p>\n","protected":false},"featured_media":5243,"comment_status":"open","ping_status":"closed","template":"","meta":[],"product_brand":[],"product_cat":[1363],"product_tag":[997,1146,466,1454,752,317],"class_list":{"0":"post-5220","1":"product","2":"type-product","3":"status-publish","4":"has-post-thumbnail","6":"product_cat-vonne-produkty","7":"product_tag-drogerie","8":"product_tag-sladke-vune","9":"product_tag-svicka","10":"product_tag-vonne-produkty","11":"product_tag-vonne-svicky","12":"product_tag-vune","14":"first","15":"instock","16":"sale","17":"taxable","18":"shipping-taxable","19":"purchasable","20":"product-type-variable"},"jetpack_sharing_enabled":true,"_links":{"self":[{"href":"https:\/\/etev7e.pef.czu.cz\/zs2223\/wp-json\/wp\/v2\/product\/5220","targetHints":{"allow":["GET"]}}],"collection":[{"href":"https:\/\/etev7e.pef.czu.cz\/zs2223\/wp-json\/wp\/v2\/product"}],"about":[{"href":"https:\/\/etev7e.pef.czu.cz\/zs2223\/wp-json\/wp\/v2\/types\/product"}],"replies":[{"embeddable":true,"href":"https:\/\/etev7e.pef.czu.cz\/zs2223\/wp-json\/wp\/v2\/comments?post=5220"}],"wp:featuredmedia":[{"embeddable":true,"href":"https:\/\/etev7e.pef.czu.cz\/zs2223\/wp-json\/wp\/v2\/media\/5243"}],"wp:attachment":[{"href":"https:\/\/etev7e.pef.czu.cz\/zs2223\/wp-json\/wp\/v2\/media?parent=5220"}],"wp:term":[{"taxonomy":"product_brand","embeddable":true,"href":"https:\/\/etev7e.pef.czu.cz\/zs2223\/wp-json\/wp\/v2\/product_brand?post=5220"},{"taxonomy":"product_cat","embeddable":true,"href":"https:\/\/etev7e.pef.czu.cz\/zs2223\/wp-json\/wp\/v2\/product_cat?post=5220"},{"taxonomy":"product_tag","embeddable":true,"href":"https:\/\/etev7e.pef.czu.cz\/zs2223\/wp-json\/wp\/v2\/product_tag?post=5220"}],"curies":[{"name":"wp","href":"https:\/\/api.w.org\/{rel}","templated":true}]}}