{"id":5225,"date":"2024-11-05T17:30:15","date_gmt":"2024-11-05T16:30:15","guid":{"rendered":"https:\/\/etev7e.pef.czu.cz\/zs2223\/?post_type=product&#038;p=5225"},"modified":"2024-11-05T17:30:32","modified_gmt":"2024-11-05T16:30:32","slug":"birell","status":"publish","type":"product","link":"https:\/\/etev7e.pef.czu.cz\/zs2223\/produkt\/birell\/","title":{"rendered":"Birell"},"content":{"rendered":"<p>Birell je nejprod\u00e1van\u011bj\u0161\u00ed nealkoholick\u00e9 pivo v \u010cR. K v\u00fdrob\u011b se pou\u017e\u00edvaj\u00ed unik\u00e1tn\u00ed kvasinky, kter\u00e9 produkuj\u00ed minimum alkoholu a dovoluj\u00ed piv\u016fm Birell proj\u00edt stejn\u00fdm procesem kva\u0161en\u00ed a dokva\u0161ov\u00e1n\u00ed, jak\u00fdm proch\u00e1zej\u00ed klasick\u00e1 \u010desk\u00e1 alkoholick\u00e1 piva.<\/p>\n<p>Objem: 0,5 l<\/p>\n","protected":false},"excerpt":{"rendered":"<p>Birell je nejprod\u00e1van\u011bj\u0161\u00ed nealkoholick\u00e9 pivo v \u010cR, uveden\u00e9 na trh v roce 1992. Vyr\u00e1b\u00ed se z unik\u00e1tn\u00edch kvasinek, kter\u00e9 umo\u017e\u0148uj\u00ed stejn\u00e9 kva\u0161en\u00ed jako u klasick\u00fdch \u010desk\u00fdch piv.<\/p>\n","protected":false},"featured_media":5239,"comment_status":"open","ping_status":"closed","template":"","meta":[],"product_brand":[],"product_cat":[1451],"product_tag":[1483,30],"class_list":{"0":"post-5225","1":"product","2":"type-product","3":"status-publish","4":"has-post-thumbnail","6":"product_cat-produkty-plzenskeho-prazdroje","7":"product_tag-nealkoholicky-napoj","8":"product_tag-pivo","10":"first","11":"instock","12":"taxable","13":"shipping-taxable","14":"purchasable","15":"product-type-variable"},"jetpack_sharing_enabled":true,"_links":{"self":[{"href":"https:\/\/etev7e.pef.czu.cz\/zs2223\/wp-json\/wp\/v2\/product\/5225","targetHints":{"allow":["GET"]}}],"collection":[{"href":"https:\/\/etev7e.pef.czu.cz\/zs2223\/wp-json\/wp\/v2\/product"}],"about":[{"href":"https:\/\/etev7e.pef.czu.cz\/zs2223\/wp-json\/wp\/v2\/types\/product"}],"replies":[{"embeddable":true,"href":"https:\/\/etev7e.pef.czu.cz\/zs2223\/wp-json\/wp\/v2\/comments?post=5225"}],"wp:featuredmedia":[{"embeddable":true,"href":"https:\/\/etev7e.pef.czu.cz\/zs2223\/wp-json\/wp\/v2\/media\/5239"}],"wp:attachment":[{"href":"https:\/\/etev7e.pef.czu.cz\/zs2223\/wp-json\/wp\/v2\/media?parent=5225"}],"wp:term":[{"taxonomy":"product_brand","embeddable":true,"href":"https:\/\/etev7e.pef.czu.cz\/zs2223\/wp-json\/wp\/v2\/product_brand?post=5225"},{"taxonomy":"product_cat","embeddable":true,"href":"https:\/\/etev7e.pef.czu.cz\/zs2223\/wp-json\/wp\/v2\/product_cat?post=5225"},{"taxonomy":"product_tag","embeddable":true,"href":"https:\/\/etev7e.pef.czu.cz\/zs2223\/wp-json\/wp\/v2\/product_tag?post=5225"}],"curies":[{"name":"wp","href":"https:\/\/api.w.org\/{rel}","templated":true}]}}