{"id":5240,"date":"2024-11-05T17:26:30","date_gmt":"2024-11-05T16:26:30","guid":{"rendered":"https:\/\/etev7e.pef.czu.cz\/zs2223\/?post_type=product&#038;p=5240"},"modified":"2024-11-05T20:01:48","modified_gmt":"2024-11-05T19:01:48","slug":"elf-bar-elfa-navy-blue","status":"publish","type":"product","link":"https:\/\/etev7e.pef.czu.cz\/zs2223\/produkt\/elf-bar-elfa-navy-blue\/","title":{"rendered":"ELF BAR ELFA Navy Blue"},"content":{"rendered":"<p id=\"yui_3_17_2_1_1730822541582_40\" dir=\"ltr\"><span id=\"yui_3_17_2_1_1730822541582_39\"><span id=\"yui_3_17_2_1_1730822541582_38\"><span id=\"yui_3_17_2_1_1730822541582_37\">Za\u0159\u00edzen\u00ed pro jednor\u00e1zov\u00fd vym\u011bniteln\u00fd pod (hlava e-cigarety) s r\u016fzn\u00fdmi variantami p\u0159\u00edchut\u00ed. Na rozd\u00edl od jednor\u00e1zov\u00fdch za\u0159\u00edzen\u00ed ELF BAR disponuje ELFA dob\u00edjec\u00ed bateri\u00ed prost\u0159ednictv\u00edm USB-C o kapacit\u011b 500 mAh, jej\u00ed\u017e v\u00fddr\u017e umo\u017e\u0148uje konzumentovi a\u017e 600 potah\u016f.<\/span><\/span><\/span><\/p>\n<p dir=\"ltr\">\n","protected":false},"excerpt":{"rendered":"<p>Dob\u00edjec\u00ed za\u0159\u00edzen\u00ed s vym\u011bniteln\u00fdm podem o odporu 1,6 \u03a9 s 600 potahy.<\/p>\n","protected":false},"featured_media":5248,"comment_status":"open","ping_status":"closed","template":"","meta":[],"product_brand":[],"product_cat":[1481],"product_tag":[270,1482,635],"class_list":{"0":"post-5240","1":"product","2":"type-product","3":"status-publish","4":"has-post-thumbnail","6":"product_cat-elektronicke_cigarety","7":"product_tag-elektronicke-cigarety","8":"product_tag-nikotin","9":"product_tag-vaporizer","11":"first","12":"instock","13":"sale","14":"taxable","15":"shipping-taxable","16":"purchasable","17":"product-type-simple"},"jetpack_sharing_enabled":true,"_links":{"self":[{"href":"https:\/\/etev7e.pef.czu.cz\/zs2223\/wp-json\/wp\/v2\/product\/5240","targetHints":{"allow":["GET"]}}],"collection":[{"href":"https:\/\/etev7e.pef.czu.cz\/zs2223\/wp-json\/wp\/v2\/product"}],"about":[{"href":"https:\/\/etev7e.pef.czu.cz\/zs2223\/wp-json\/wp\/v2\/types\/product"}],"replies":[{"embeddable":true,"href":"https:\/\/etev7e.pef.czu.cz\/zs2223\/wp-json\/wp\/v2\/comments?post=5240"}],"wp:featuredmedia":[{"embeddable":true,"href":"https:\/\/etev7e.pef.czu.cz\/zs2223\/wp-json\/wp\/v2\/media\/5248"}],"wp:attachment":[{"href":"https:\/\/etev7e.pef.czu.cz\/zs2223\/wp-json\/wp\/v2\/media?parent=5240"}],"wp:term":[{"taxonomy":"product_brand","embeddable":true,"href":"https:\/\/etev7e.pef.czu.cz\/zs2223\/wp-json\/wp\/v2\/product_brand?post=5240"},{"taxonomy":"product_cat","embeddable":true,"href":"https:\/\/etev7e.pef.czu.cz\/zs2223\/wp-json\/wp\/v2\/product_cat?post=5240"},{"taxonomy":"product_tag","embeddable":true,"href":"https:\/\/etev7e.pef.czu.cz\/zs2223\/wp-json\/wp\/v2\/product_tag?post=5240"}],"curies":[{"name":"wp","href":"https:\/\/api.w.org\/{rel}","templated":true}]}}