{"id":5249,"date":"2024-11-05T17:35:50","date_gmt":"2024-11-05T16:35:50","guid":{"rendered":"https:\/\/etev7e.pef.czu.cz\/zs2223\/?post_type=product&#038;p=5249"},"modified":"2024-11-05T17:57:40","modified_gmt":"2024-11-05T16:57:40","slug":"oxva-xlim-go","status":"publish","type":"product","link":"https:\/\/etev7e.pef.czu.cz\/zs2223\/produkt\/oxva-xlim-go\/","title":{"rendered":"OXVA xlim go"},"content":{"rendered":"<p>Produkt se syst\u00e9mem vym\u011bniteln\u00fdch pod\u016f s doplniteln\u00fdm z\u00e1sobn\u00edkem pro v\u00edce\u010detn\u00e9 pou\u017eit\u00ed. Disponuje dob\u00edjec\u00ed bateri\u00ed o celkov\u00e9 kapacit\u011b 1000mAh s rychlonab\u00edjec\u00ed funkc\u00ed pomoc\u00ed portu USB-C. Technologie doplniteln\u00fdch pod\u016f zprost\u0159edkov\u00e1v\u00e1 u\u017eivatel\u016fm mo\u017enost variability ve volb\u011b p\u0159\u00edchut\u00ed, intenzity a mno\u017estv\u00ed nikotinu, kter\u00fd je pro ka\u017ed\u00e9ho jednotlivce rozd\u00edln\u00fd. Jedine\u010dnou technologi\u00ed nastavitelnosti odporu potahu si ka\u017ed\u00fd m\u016f\u017ee nastavit podle libovosti p\u0159i jak\u00e9m odporu bude za\u0159\u00edzen\u00ed \u201ct\u00e1hnout\u201d. P\u0159\u00edvod vzduchu lze nastavit na odpor 0,33\u03a9-3\u03a9.<\/p>\n","protected":false},"excerpt":{"rendered":"<p>Podov\u00fd syst\u00e9m s dob\u00edjec\u00ed bateri\u00ed o kapacit\u011b 1000mAh.<\/p>\n","protected":false},"featured_media":5254,"comment_status":"open","ping_status":"closed","template":"","meta":[],"product_brand":[],"product_cat":[1481],"product_tag":[270,1482,635],"class_list":{"0":"post-5249","1":"product","2":"type-product","3":"status-publish","4":"has-post-thumbnail","6":"product_cat-elektronicke_cigarety","7":"product_tag-elektronicke-cigarety","8":"product_tag-nikotin","9":"product_tag-vaporizer","11":"first","12":"instock","13":"sale","14":"taxable","15":"shipping-taxable","16":"purchasable","17":"product-type-simple"},"jetpack_sharing_enabled":true,"_links":{"self":[{"href":"https:\/\/etev7e.pef.czu.cz\/zs2223\/wp-json\/wp\/v2\/product\/5249","targetHints":{"allow":["GET"]}}],"collection":[{"href":"https:\/\/etev7e.pef.czu.cz\/zs2223\/wp-json\/wp\/v2\/product"}],"about":[{"href":"https:\/\/etev7e.pef.czu.cz\/zs2223\/wp-json\/wp\/v2\/types\/product"}],"replies":[{"embeddable":true,"href":"https:\/\/etev7e.pef.czu.cz\/zs2223\/wp-json\/wp\/v2\/comments?post=5249"}],"wp:featuredmedia":[{"embeddable":true,"href":"https:\/\/etev7e.pef.czu.cz\/zs2223\/wp-json\/wp\/v2\/media\/5254"}],"wp:attachment":[{"href":"https:\/\/etev7e.pef.czu.cz\/zs2223\/wp-json\/wp\/v2\/media?parent=5249"}],"wp:term":[{"taxonomy":"product_brand","embeddable":true,"href":"https:\/\/etev7e.pef.czu.cz\/zs2223\/wp-json\/wp\/v2\/product_brand?post=5249"},{"taxonomy":"product_cat","embeddable":true,"href":"https:\/\/etev7e.pef.czu.cz\/zs2223\/wp-json\/wp\/v2\/product_cat?post=5249"},{"taxonomy":"product_tag","embeddable":true,"href":"https:\/\/etev7e.pef.czu.cz\/zs2223\/wp-json\/wp\/v2\/product_tag?post=5249"}],"curies":[{"name":"wp","href":"https:\/\/api.w.org\/{rel}","templated":true}]}}