{"id":5252,"date":"2024-11-05T17:35:40","date_gmt":"2024-11-05T16:35:40","guid":{"rendered":"https:\/\/etev7e.pef.czu.cz\/zs2223\/?post_type=product&#038;p=5252"},"modified":"2024-11-05T17:37:07","modified_gmt":"2024-11-05T16:37:07","slug":"proud","status":"publish","type":"product","link":"https:\/\/etev7e.pef.czu.cz\/zs2223\/produkt\/proud\/","title":{"rendered":"Proud"},"content":{"rendered":"<p>Proud je modern\u00ed \u010desk\u00fd le\u017e\u00e1k, kter\u00fd nab\u00edz\u00ed jemnou ho\u0159kost a osv\u011b\u017euj\u00edc\u00ed chu\u0165 s ovocn\u00fdmi t\u00f3ny. S obsahem alkoholu 3,9 % je ide\u00e1ln\u00ed pro ka\u017edodenn\u00ed pop\u00edjen\u00ed, a\u0165 u\u017e p\u0159i setk\u00e1n\u00ed s p\u0159\u00e1teli nebo k obl\u00edben\u00e9mu j\u00eddlu. U\u017e\u00edvejte si kvalitn\u00ed pivn\u00ed z\u00e1\u017eitek s t\u00edmto lahodn\u00fdm le\u017e\u00e1kem!<\/p>\n<p>Objem: 0,33 l<\/p>\n","protected":false},"excerpt":{"rendered":"<p>Proud je modern\u00ed \u010desk\u00fd le\u017e\u00e1k, kter\u00fd se vyzna\u010duje men\u0161\u00ed ho\u0159kost\u00ed a lehkou chut\u00ed s ovocn\u00fdmi t\u00f3ny. S obsahem alkoholu 3,9 %.<\/p>\n","protected":false},"featured_media":5255,"comment_status":"open","ping_status":"closed","template":"","meta":[],"product_brand":[],"product_cat":[1451],"product_tag":[1452,30],"class_list":{"0":"post-5252","1":"product","2":"type-product","3":"status-publish","4":"has-post-thumbnail","6":"product_cat-produkty-plzenskeho-prazdroje","7":"product_tag-alkoholicky-napoj","8":"product_tag-pivo","10":"first","11":"instock","12":"taxable","13":"shipping-taxable","14":"purchasable","15":"product-type-simple"},"jetpack_sharing_enabled":true,"_links":{"self":[{"href":"https:\/\/etev7e.pef.czu.cz\/zs2223\/wp-json\/wp\/v2\/product\/5252","targetHints":{"allow":["GET"]}}],"collection":[{"href":"https:\/\/etev7e.pef.czu.cz\/zs2223\/wp-json\/wp\/v2\/product"}],"about":[{"href":"https:\/\/etev7e.pef.czu.cz\/zs2223\/wp-json\/wp\/v2\/types\/product"}],"replies":[{"embeddable":true,"href":"https:\/\/etev7e.pef.czu.cz\/zs2223\/wp-json\/wp\/v2\/comments?post=5252"}],"wp:featuredmedia":[{"embeddable":true,"href":"https:\/\/etev7e.pef.czu.cz\/zs2223\/wp-json\/wp\/v2\/media\/5255"}],"wp:attachment":[{"href":"https:\/\/etev7e.pef.czu.cz\/zs2223\/wp-json\/wp\/v2\/media?parent=5252"}],"wp:term":[{"taxonomy":"product_brand","embeddable":true,"href":"https:\/\/etev7e.pef.czu.cz\/zs2223\/wp-json\/wp\/v2\/product_brand?post=5252"},{"taxonomy":"product_cat","embeddable":true,"href":"https:\/\/etev7e.pef.czu.cz\/zs2223\/wp-json\/wp\/v2\/product_cat?post=5252"},{"taxonomy":"product_tag","embeddable":true,"href":"https:\/\/etev7e.pef.czu.cz\/zs2223\/wp-json\/wp\/v2\/product_tag?post=5252"}],"curies":[{"name":"wp","href":"https:\/\/api.w.org\/{rel}","templated":true}]}}