{"id":5253,"date":"2024-11-05T18:03:59","date_gmt":"2024-11-05T17:03:59","guid":{"rendered":"https:\/\/etev7e.pef.czu.cz\/zs2223\/?post_type=product&#038;p=5253"},"modified":"2024-11-28T11:28:49","modified_gmt":"2024-11-28T10:28:49","slug":"dres-sparta-adidas-domaci-2024-25","status":"publish","type":"product","link":"https:\/\/etev7e.pef.czu.cz\/zs2223\/produkt\/dres-sparta-adidas-domaci-2024-25\/","title":{"rendered":"Dres Sparta adidas dom\u00e1c\u00ed 2024\/25"},"content":{"rendered":"<p>P\u00e1nsk\u00fd dres s kr\u00e1tk\u00fdm ruk\u00e1vem je sofistikovan\u00fd a n\u00e1padit\u00fd. Je vyroben ze 100% polyesteru, je prody\u0161n\u00fd a \u0161etrn\u00fd k \u017eivotn\u00edmu prost\u0159ed\u00ed. Jeho v\u00ednov\u00e1 barva s vodorovn\u00fdmi znaky a zjednodu\u0161en\u00fdm t\u00fdmov\u00fdm znakem bude odpov\u00eddat pot\u0159eb\u00e1m ka\u017ed\u00e9ho spar\u0165ansk\u00e9ho fanou\u0161ka a hr\u00e1\u010de fotbalu. Je vybaven technologi\u00ed AEROREADY, kter\u00e1 na h\u0159i\u0161ti perfektn\u011b reguluje vlhkost.<\/p>\n","protected":false},"excerpt":{"rendered":"<p>P\u00e1nsk\u00fd dres s kr\u00e1tk\u00fdm ruk\u00e1vem z prody\u0161n\u00e9ho 100% polyesteru ve v\u00ednov\u00e9 barv\u011b s t\u00fdmov\u00fdm znakem. D\u00edky technologii AEROREADY skv\u011ble odv\u00e1d\u00ed vlhkost je ide\u00e1ln\u00ed pro fanou\u0161ky a hr\u00e1\u010de.<\/p>\n","protected":false},"featured_media":5264,"comment_status":"open","ping_status":"closed","template":"","meta":[],"product_brand":[],"product_cat":[1484],"product_tag":[1486,1485,350],"class_list":{"0":"post-5253","1":"product","2":"type-product","3":"status-publish","4":"has-post-thumbnail","6":"product_cat-dresy-fotbalove","7":"product_tag-fotbal","8":"product_tag-sparta","9":"product_tag-sport","11":"first","12":"instock","13":"sale","14":"taxable","15":"shipping-taxable","16":"purchasable","17":"product-type-variable"},"jetpack_sharing_enabled":true,"_links":{"self":[{"href":"https:\/\/etev7e.pef.czu.cz\/zs2223\/wp-json\/wp\/v2\/product\/5253","targetHints":{"allow":["GET"]}}],"collection":[{"href":"https:\/\/etev7e.pef.czu.cz\/zs2223\/wp-json\/wp\/v2\/product"}],"about":[{"href":"https:\/\/etev7e.pef.czu.cz\/zs2223\/wp-json\/wp\/v2\/types\/product"}],"replies":[{"embeddable":true,"href":"https:\/\/etev7e.pef.czu.cz\/zs2223\/wp-json\/wp\/v2\/comments?post=5253"}],"wp:featuredmedia":[{"embeddable":true,"href":"https:\/\/etev7e.pef.czu.cz\/zs2223\/wp-json\/wp\/v2\/media\/5264"}],"wp:attachment":[{"href":"https:\/\/etev7e.pef.czu.cz\/zs2223\/wp-json\/wp\/v2\/media?parent=5253"}],"wp:term":[{"taxonomy":"product_brand","embeddable":true,"href":"https:\/\/etev7e.pef.czu.cz\/zs2223\/wp-json\/wp\/v2\/product_brand?post=5253"},{"taxonomy":"product_cat","embeddable":true,"href":"https:\/\/etev7e.pef.czu.cz\/zs2223\/wp-json\/wp\/v2\/product_cat?post=5253"},{"taxonomy":"product_tag","embeddable":true,"href":"https:\/\/etev7e.pef.czu.cz\/zs2223\/wp-json\/wp\/v2\/product_tag?post=5253"}],"curies":[{"name":"wp","href":"https:\/\/api.w.org\/{rel}","templated":true}]}}