{"id":5257,"date":"2024-11-05T17:46:07","date_gmt":"2024-11-05T16:46:07","guid":{"rendered":"https:\/\/etev7e.pef.czu.cz\/zs2223\/?post_type=product&#038;p=5257"},"modified":"2024-11-05T17:56:43","modified_gmt":"2024-11-05T16:56:43","slug":"kurwa-collection-blueberry-pomegranate","status":"publish","type":"product","link":"https:\/\/etev7e.pef.czu.cz\/zs2223\/produkt\/kurwa-collection-blueberry-pomegranate\/","title":{"rendered":"KURWA COLLECTION BLUEBERRY POMEGRANATE"},"content":{"rendered":"<p id=\"yui_3_17_2_1_1730822541582_72\" dir=\"ltr\">Jednor\u00e1zov\u00e1 e-cigareta o kapacit\u011b baterie 500mAh s v\u00fddr\u017e\u00ed a\u017e na 700 potah\u016f. Jednoduch\u00fd kapesn\u00ed design nab\u00edz\u00ed elegantn\u00ed a u\u017eivatelsky p\u0159\u00edjemn\u00fd tvar padnouc\u00ed do ka\u017ed\u00e9 ruky. Za\u0159\u00edzen\u00ed nenab\u00edz\u00ed mo\u017enost dopl\u0148ov\u00e1n\u00ed likvidu do z\u00e1sobn\u00edku. Obsah n\u00e1pln\u011b v za\u0159\u00edzen\u00ed: 2ml.<\/p>\n<p dir=\"ltr\">\n","protected":false},"excerpt":{"rendered":"<p>Jednor\u00e1zov\u00e1 elektronick\u00e1 cigareta s v\u00fddr\u017e\u00ed a\u017e na 700 potah\u016f o odporu 1,6\u03a9.<\/p>\n","protected":false},"featured_media":5258,"comment_status":"open","ping_status":"closed","template":"","meta":[],"product_brand":[],"product_cat":[1481],"product_tag":[270,1482,635],"class_list":{"0":"post-5257","1":"product","2":"type-product","3":"status-publish","4":"has-post-thumbnail","6":"product_cat-elektronicke_cigarety","7":"product_tag-elektronicke-cigarety","8":"product_tag-nikotin","9":"product_tag-vaporizer","11":"first","12":"instock","13":"sale","14":"taxable","15":"shipping-taxable","16":"purchasable","17":"product-type-simple"},"jetpack_sharing_enabled":true,"_links":{"self":[{"href":"https:\/\/etev7e.pef.czu.cz\/zs2223\/wp-json\/wp\/v2\/product\/5257","targetHints":{"allow":["GET"]}}],"collection":[{"href":"https:\/\/etev7e.pef.czu.cz\/zs2223\/wp-json\/wp\/v2\/product"}],"about":[{"href":"https:\/\/etev7e.pef.czu.cz\/zs2223\/wp-json\/wp\/v2\/types\/product"}],"replies":[{"embeddable":true,"href":"https:\/\/etev7e.pef.czu.cz\/zs2223\/wp-json\/wp\/v2\/comments?post=5257"}],"wp:featuredmedia":[{"embeddable":true,"href":"https:\/\/etev7e.pef.czu.cz\/zs2223\/wp-json\/wp\/v2\/media\/5258"}],"wp:attachment":[{"href":"https:\/\/etev7e.pef.czu.cz\/zs2223\/wp-json\/wp\/v2\/media?parent=5257"}],"wp:term":[{"taxonomy":"product_brand","embeddable":true,"href":"https:\/\/etev7e.pef.czu.cz\/zs2223\/wp-json\/wp\/v2\/product_brand?post=5257"},{"taxonomy":"product_cat","embeddable":true,"href":"https:\/\/etev7e.pef.czu.cz\/zs2223\/wp-json\/wp\/v2\/product_cat?post=5257"},{"taxonomy":"product_tag","embeddable":true,"href":"https:\/\/etev7e.pef.czu.cz\/zs2223\/wp-json\/wp\/v2\/product_tag?post=5257"}],"curies":[{"name":"wp","href":"https:\/\/api.w.org\/{rel}","templated":true}]}}