{"id":5261,"date":"2024-11-05T17:55:17","date_gmt":"2024-11-05T16:55:17","guid":{"rendered":"https:\/\/etev7e.pef.czu.cz\/zs2223\/?post_type=product&#038;p=5261"},"modified":"2024-11-05T17:55:17","modified_gmt":"2024-11-05T16:55:17","slug":"venix-max-pod","status":"publish","type":"product","link":"https:\/\/etev7e.pef.czu.cz\/zs2223\/produkt\/venix-max-pod\/","title":{"rendered":"VENIX Max POD"},"content":{"rendered":"<p>Dob\u00edjec\u00ed pod syst\u00e9m disponuje bateri\u00ed o v\u00fdkonu 400mAh, dob\u00edjenou pomoc\u00ed USB-C portu, um\u00edst\u011bn\u00fdm ve spodn\u00ed \u010d\u00e1sti za\u0159\u00edzen\u00ed. P\u0159i pln\u00e9m nabit\u00ed lze po\u010d\u00edtat a\u017e s 900 potahy o pr\u016fm\u011brn\u00e9m odporu 1,6\u03a9. Vym\u011bniteln\u00e9 pody (hlavy e-cigarety) o kapacit\u011b 2 ml jsou um\u00edst\u011bny na \u0161pi\u010dce za\u0159\u00edzen\u00ed pomoc\u00ed magnetick\u00e9ho uchycovac\u00edho syst\u00e9mu, co\u017e umo\u017e\u0148uje rychl\u00e9 a snadn\u00e9 vym\u011bn\u011bn\u00ed v p\u0159\u00edpad\u011b pot\u0159eby.<\/p>\n","protected":false},"excerpt":{"rendered":"<p>Dob\u00edjec\u00ed elektronick\u00e1 cigareta s vym\u011bniteln\u00fdmi pody o odporu 1,6\u03a9.<\/p>\n","protected":false},"featured_media":5263,"comment_status":"open","ping_status":"closed","template":"","meta":[],"product_brand":[],"product_cat":[1481],"product_tag":[270,1482,635],"class_list":{"0":"post-5261","1":"product","2":"type-product","3":"status-publish","4":"has-post-thumbnail","6":"product_cat-elektronicke_cigarety","7":"product_tag-elektronicke-cigarety","8":"product_tag-nikotin","9":"product_tag-vaporizer","11":"first","12":"instock","13":"sale","14":"taxable","15":"shipping-taxable","16":"purchasable","17":"product-type-simple"},"jetpack_sharing_enabled":true,"_links":{"self":[{"href":"https:\/\/etev7e.pef.czu.cz\/zs2223\/wp-json\/wp\/v2\/product\/5261","targetHints":{"allow":["GET"]}}],"collection":[{"href":"https:\/\/etev7e.pef.czu.cz\/zs2223\/wp-json\/wp\/v2\/product"}],"about":[{"href":"https:\/\/etev7e.pef.czu.cz\/zs2223\/wp-json\/wp\/v2\/types\/product"}],"replies":[{"embeddable":true,"href":"https:\/\/etev7e.pef.czu.cz\/zs2223\/wp-json\/wp\/v2\/comments?post=5261"}],"wp:featuredmedia":[{"embeddable":true,"href":"https:\/\/etev7e.pef.czu.cz\/zs2223\/wp-json\/wp\/v2\/media\/5263"}],"wp:attachment":[{"href":"https:\/\/etev7e.pef.czu.cz\/zs2223\/wp-json\/wp\/v2\/media?parent=5261"}],"wp:term":[{"taxonomy":"product_brand","embeddable":true,"href":"https:\/\/etev7e.pef.czu.cz\/zs2223\/wp-json\/wp\/v2\/product_brand?post=5261"},{"taxonomy":"product_cat","embeddable":true,"href":"https:\/\/etev7e.pef.czu.cz\/zs2223\/wp-json\/wp\/v2\/product_cat?post=5261"},{"taxonomy":"product_tag","embeddable":true,"href":"https:\/\/etev7e.pef.czu.cz\/zs2223\/wp-json\/wp\/v2\/product_tag?post=5261"}],"curies":[{"name":"wp","href":"https:\/\/api.w.org\/{rel}","templated":true}]}}