{"id":5271,"date":"2024-11-05T18:19:15","date_gmt":"2024-11-05T17:19:15","guid":{"rendered":"https:\/\/etev7e.pef.czu.cz\/zs2223\/?post_type=product&#038;p=5271"},"modified":"2024-11-28T11:32:49","modified_gmt":"2024-11-28T10:32:49","slug":"dres-sparta-adidas-cerny-2024-2025","status":"publish","type":"product","link":"https:\/\/etev7e.pef.czu.cz\/zs2223\/produkt\/dres-sparta-adidas-cerny-2024-2025\/","title":{"rendered":"Dres Sparta Adidas \u010dern\u00fd 2024\/2025"},"content":{"rendered":"<p>Unisex dres fotbalov\u00e9ho klubu Sparta v \u010dern\u00e9 barv\u011b. Dom\u00e1c\u00ed fanou\u0161ci si ho zamiluj\u00ed a soupe\u0159i ho nemohou ignorovat. Nad\u010dasov\u00e9 dresy adidas Sparta se py\u0161n\u00ed z\u00e1\u0159iv\u00fdmi \u010derven\u00fdmi d\u00edly po stran\u00e1ch a decentn\u00edm barevn\u00fdm p\u0159echodem vp\u0159edu i sadu. Materi\u00e1l AEROREADY zdob\u00ed vy\u0161\u00edvan\u00fd znak, kter\u00fd stylov\u011b podpo\u0159\u00ed t\u00fdm. Bu\u010fte hrd\u00fdm fanou\u0161kem a uka\u017ete sv\u00e9 barvy s nov\u00fdm dresem Sparty.<\/p>\n","protected":false},"excerpt":{"rendered":"<p>\u010cern\u00fd unisex dres Sparty s \u010derven\u00fdmi detaily a decentn\u00edm p\u0159echodem. Vy\u0161\u00edvan\u00fd znak a materi\u00e1l AEROREADY zaji\u0161\u0165uj\u00ed styl i pohodl\u00ed. Uka\u017ete sv\u00e9 barvy a bu\u010fte hrd\u00fdm fanou\u0161kem!<\/p>\n","protected":false},"featured_media":5276,"comment_status":"open","ping_status":"closed","template":"","meta":[],"product_brand":[],"product_cat":[1484],"product_tag":[1486,1485,350],"class_list":{"0":"post-5271","1":"product","2":"type-product","3":"status-publish","4":"has-post-thumbnail","6":"product_cat-dresy-fotbalove","7":"product_tag-fotbal","8":"product_tag-sparta","9":"product_tag-sport","11":"first","12":"instock","13":"taxable","14":"shipping-taxable","15":"purchasable","16":"product-type-variable"},"jetpack_sharing_enabled":true,"_links":{"self":[{"href":"https:\/\/etev7e.pef.czu.cz\/zs2223\/wp-json\/wp\/v2\/product\/5271","targetHints":{"allow":["GET"]}}],"collection":[{"href":"https:\/\/etev7e.pef.czu.cz\/zs2223\/wp-json\/wp\/v2\/product"}],"about":[{"href":"https:\/\/etev7e.pef.czu.cz\/zs2223\/wp-json\/wp\/v2\/types\/product"}],"replies":[{"embeddable":true,"href":"https:\/\/etev7e.pef.czu.cz\/zs2223\/wp-json\/wp\/v2\/comments?post=5271"}],"wp:featuredmedia":[{"embeddable":true,"href":"https:\/\/etev7e.pef.czu.cz\/zs2223\/wp-json\/wp\/v2\/media\/5276"}],"wp:attachment":[{"href":"https:\/\/etev7e.pef.czu.cz\/zs2223\/wp-json\/wp\/v2\/media?parent=5271"}],"wp:term":[{"taxonomy":"product_brand","embeddable":true,"href":"https:\/\/etev7e.pef.czu.cz\/zs2223\/wp-json\/wp\/v2\/product_brand?post=5271"},{"taxonomy":"product_cat","embeddable":true,"href":"https:\/\/etev7e.pef.czu.cz\/zs2223\/wp-json\/wp\/v2\/product_cat?post=5271"},{"taxonomy":"product_tag","embeddable":true,"href":"https:\/\/etev7e.pef.czu.cz\/zs2223\/wp-json\/wp\/v2\/product_tag?post=5271"}],"curies":[{"name":"wp","href":"https:\/\/api.w.org\/{rel}","templated":true}]}}