{"id":5278,"date":"2024-11-05T18:27:57","date_gmt":"2024-11-05T17:27:57","guid":{"rendered":"https:\/\/etev7e.pef.czu.cz\/zs2223\/?post_type=product&#038;p=5278"},"modified":"2024-11-28T11:33:40","modified_gmt":"2024-11-28T10:33:40","slug":"dres-adidas-juventus-2019-2020","status":"publish","type":"product","link":"https:\/\/etev7e.pef.czu.cz\/zs2223\/produkt\/dres-adidas-juventus-2019-2020\/","title":{"rendered":"Dres Adidas Juventus 2019\/2020"},"content":{"rendered":"<p>Dres s kr\u00e1tk\u00fdm ruk\u00e1vem je povedenou replikou dresu italsk\u00e9ho t\u00fdmu Juventus Tur\u00edn na sez\u00f3nu 2019\/2020. Jedn\u00e1 se verzi, kter\u00e1 je pohodln\u011bj\u0161\u00ed streetovou napodobeninou origin\u00e1lu, je\u017e je \u0161ir\u0161\u00ed v oblasti ramenou a trupu. Jednou z v\u00fdhod je vybavenost technologi\u00ed climalite, co\u017e je sav\u00e1 tkanina, kter\u00e1 spolehliv\u011b odv\u00e1d\u00ed pot od t\u011bla.<\/p>\n","protected":false},"excerpt":{"rendered":"<p>Dres s kr\u00e1tk\u00fdm ruk\u00e1vem je pohodlnou streetovou replikou dresu Juventusu Tur\u00edn pro sez\u00f3nu 2019\/2020.<\/p>\n","protected":false},"featured_media":5281,"comment_status":"open","ping_status":"closed","template":"","meta":[],"product_brand":[],"product_cat":[1484],"product_tag":[1486,1489,72,1391],"class_list":{"0":"post-5278","1":"product","2":"type-product","3":"status-publish","4":"has-post-thumbnail","6":"product_cat-dresy-fotbalove","7":"product_tag-fotbal","8":"product_tag-juventus","9":"product_tag-sportovni","10":"product_tag-tricka","12":"first","13":"instock","14":"sale","15":"taxable","16":"shipping-taxable","17":"purchasable","18":"product-type-variable"},"jetpack_sharing_enabled":true,"_links":{"self":[{"href":"https:\/\/etev7e.pef.czu.cz\/zs2223\/wp-json\/wp\/v2\/product\/5278","targetHints":{"allow":["GET"]}}],"collection":[{"href":"https:\/\/etev7e.pef.czu.cz\/zs2223\/wp-json\/wp\/v2\/product"}],"about":[{"href":"https:\/\/etev7e.pef.czu.cz\/zs2223\/wp-json\/wp\/v2\/types\/product"}],"replies":[{"embeddable":true,"href":"https:\/\/etev7e.pef.czu.cz\/zs2223\/wp-json\/wp\/v2\/comments?post=5278"}],"wp:featuredmedia":[{"embeddable":true,"href":"https:\/\/etev7e.pef.czu.cz\/zs2223\/wp-json\/wp\/v2\/media\/5281"}],"wp:attachment":[{"href":"https:\/\/etev7e.pef.czu.cz\/zs2223\/wp-json\/wp\/v2\/media?parent=5278"}],"wp:term":[{"taxonomy":"product_brand","embeddable":true,"href":"https:\/\/etev7e.pef.czu.cz\/zs2223\/wp-json\/wp\/v2\/product_brand?post=5278"},{"taxonomy":"product_cat","embeddable":true,"href":"https:\/\/etev7e.pef.czu.cz\/zs2223\/wp-json\/wp\/v2\/product_cat?post=5278"},{"taxonomy":"product_tag","embeddable":true,"href":"https:\/\/etev7e.pef.czu.cz\/zs2223\/wp-json\/wp\/v2\/product_tag?post=5278"}],"curies":[{"name":"wp","href":"https:\/\/api.w.org\/{rel}","templated":true}]}}