{"id":5280,"date":"2024-11-05T18:33:15","date_gmt":"2024-11-05T17:33:15","guid":{"rendered":"https:\/\/etev7e.pef.czu.cz\/zs2223\/?post_type=product&#038;p=5280"},"modified":"2024-11-18T12:35:32","modified_gmt":"2024-11-18T11:35:32","slug":"flexfit-damske-leginy","status":"publish","type":"product","link":"https:\/\/etev7e.pef.czu.cz\/zs2223\/produkt\/flexfit-damske-leginy\/","title":{"rendered":"FlexFit d\u00e1msk\u00e9 leg\u00edny"},"content":{"rendered":"<p><span lang=\"cs-cz\" xml:lang=\"cs-cz\"><strong>D\u00e1msk\u00e9 sportovn\u00ed leg\u00edny FlexFit<\/strong> jsou nejlep\u0161\u00ed volbou pro cvi\u010den\u00ed. D\u00edky vysok\u00e9mu pasu a elastick\u00e9mu materi\u00e1lu nebudou omezovat v pohybu. Leg\u00edny jsou navr\u017eeny s d\u016frazem na pohodl\u00ed a skv\u011ble odv\u00e1d\u00ed pot. Logo FlexFit je um\u00edst\u011bno v oblasti pasu. Jsou ur\u010den\u00e9 pro sport, ale m\u016f\u017eete je vyu\u017e\u00edt tak\u00e9 pro b\u011b\u017en\u00e9 denn\u00ed no\u0161en\u00ed.\u00a0<\/span><\/p>\n","protected":false},"excerpt":{"rendered":"<p><span lang=\"cs-cz\" xml:lang=\"cs-cz\"><strong>D\u00e1msk\u00e9 sportovn\u00ed leg\u00edny FlexFit<\/strong> <\/span> vhodn\u00e9 pro jak\u00fdkoli druh sportu. Podpo\u0159\u00ed v\u00e1s p\u0159i pohybu a zajist\u00ed abyste se c\u00edtili pohodln\u011b cel\u00fd den.<\/p>\n","protected":false},"featured_media":5283,"comment_status":"open","ping_status":"closed","template":"","meta":[],"product_brand":[],"product_cat":[1488],"product_tag":[1491,1492,1493,1490],"class_list":{"0":"post-5280","1":"product","2":"type-product","3":"status-publish","4":"has-post-thumbnail","6":"product_cat-sportovniobleceni","7":"product_tag-elasticky-material","8":"product_tag-prodysny","9":"product_tag-vhodny-do-posilovny","10":"product_tag-vysoky-pas","12":"first","13":"instock","14":"sale","15":"taxable","16":"shipping-taxable","17":"purchasable","18":"product-type-variable"},"jetpack_sharing_enabled":true,"_links":{"self":[{"href":"https:\/\/etev7e.pef.czu.cz\/zs2223\/wp-json\/wp\/v2\/product\/5280","targetHints":{"allow":["GET"]}}],"collection":[{"href":"https:\/\/etev7e.pef.czu.cz\/zs2223\/wp-json\/wp\/v2\/product"}],"about":[{"href":"https:\/\/etev7e.pef.czu.cz\/zs2223\/wp-json\/wp\/v2\/types\/product"}],"replies":[{"embeddable":true,"href":"https:\/\/etev7e.pef.czu.cz\/zs2223\/wp-json\/wp\/v2\/comments?post=5280"}],"wp:featuredmedia":[{"embeddable":true,"href":"https:\/\/etev7e.pef.czu.cz\/zs2223\/wp-json\/wp\/v2\/media\/5283"}],"wp:attachment":[{"href":"https:\/\/etev7e.pef.czu.cz\/zs2223\/wp-json\/wp\/v2\/media?parent=5280"}],"wp:term":[{"taxonomy":"product_brand","embeddable":true,"href":"https:\/\/etev7e.pef.czu.cz\/zs2223\/wp-json\/wp\/v2\/product_brand?post=5280"},{"taxonomy":"product_cat","embeddable":true,"href":"https:\/\/etev7e.pef.czu.cz\/zs2223\/wp-json\/wp\/v2\/product_cat?post=5280"},{"taxonomy":"product_tag","embeddable":true,"href":"https:\/\/etev7e.pef.czu.cz\/zs2223\/wp-json\/wp\/v2\/product_tag?post=5280"}],"curies":[{"name":"wp","href":"https:\/\/api.w.org\/{rel}","templated":true}]}}