{"id":5285,"date":"2024-11-05T18:43:41","date_gmt":"2024-11-05T17:43:41","guid":{"rendered":"https:\/\/etev7e.pef.czu.cz\/zs2223\/?post_type=product&#038;p=5285"},"modified":"2024-11-28T11:34:37","modified_gmt":"2024-11-28T10:34:37","slug":"dres-chorvatskeho-narodniho-fotbaloveho-tymu-2011-2012","status":"publish","type":"product","link":"https:\/\/etev7e.pef.czu.cz\/zs2223\/produkt\/dres-chorvatskeho-narodniho-fotbaloveho-tymu-2011-2012\/","title":{"rendered":"Dres chorvatsk\u00e9ho n\u00e1rodn\u00edho fotbalov\u00e9ho t\u00fdmu 2011\/2012"},"content":{"rendered":"<p>Ka\u017ed\u00fd dres vypr\u00e1v\u00ed p\u0159\u00edb\u011bh, kter\u00fd je protk\u00e1n v\u00edt\u011bzstv\u00edmi a por\u00e1\u017ekami, v\u00e1\u0161n\u00ed a oddanost\u00ed. Tyto dresy zosob\u0148uj\u00ed okam\u017eiky, kter\u00e9 zanechaly stopu v historii chorvatsk\u00e9ho fotbalu, zachycuj\u00edc\u00ed ducha hry.<\/p>\n","protected":false},"excerpt":{"rendered":"<p>Ka\u017ed\u00fd dres vypr\u00e1v\u00ed p\u0159\u00edb\u011bh pln\u00fd v\u00edt\u011bzstv\u00ed, por\u00e1\u017eek, v\u00e1\u0161n\u011b a oddanosti. Tyto dresy zachycuj\u00ed kl\u00ed\u010dov\u00e9 okam\u017eiky a ducha chorvatsk\u00e9ho fotbalu.<\/p>\n","protected":false},"featured_media":5288,"comment_status":"open","ping_status":"closed","template":"","meta":[],"product_brand":[],"product_cat":[1484],"product_tag":[1495,1486,72,1391],"class_list":{"0":"post-5285","1":"product","2":"type-product","3":"status-publish","4":"has-post-thumbnail","6":"product_cat-dresy-fotbalove","7":"product_tag-dres","8":"product_tag-fotbal","9":"product_tag-sportovni","10":"product_tag-tricka","12":"first","13":"instock","14":"taxable","15":"shipping-taxable","16":"purchasable","17":"product-type-variable"},"jetpack_sharing_enabled":true,"_links":{"self":[{"href":"https:\/\/etev7e.pef.czu.cz\/zs2223\/wp-json\/wp\/v2\/product\/5285","targetHints":{"allow":["GET"]}}],"collection":[{"href":"https:\/\/etev7e.pef.czu.cz\/zs2223\/wp-json\/wp\/v2\/product"}],"about":[{"href":"https:\/\/etev7e.pef.czu.cz\/zs2223\/wp-json\/wp\/v2\/types\/product"}],"replies":[{"embeddable":true,"href":"https:\/\/etev7e.pef.czu.cz\/zs2223\/wp-json\/wp\/v2\/comments?post=5285"}],"wp:featuredmedia":[{"embeddable":true,"href":"https:\/\/etev7e.pef.czu.cz\/zs2223\/wp-json\/wp\/v2\/media\/5288"}],"wp:attachment":[{"href":"https:\/\/etev7e.pef.czu.cz\/zs2223\/wp-json\/wp\/v2\/media?parent=5285"}],"wp:term":[{"taxonomy":"product_brand","embeddable":true,"href":"https:\/\/etev7e.pef.czu.cz\/zs2223\/wp-json\/wp\/v2\/product_brand?post=5285"},{"taxonomy":"product_cat","embeddable":true,"href":"https:\/\/etev7e.pef.czu.cz\/zs2223\/wp-json\/wp\/v2\/product_cat?post=5285"},{"taxonomy":"product_tag","embeddable":true,"href":"https:\/\/etev7e.pef.czu.cz\/zs2223\/wp-json\/wp\/v2\/product_tag?post=5285"}],"curies":[{"name":"wp","href":"https:\/\/api.w.org\/{rel}","templated":true}]}}