{"id":5290,"date":"2024-11-05T19:17:00","date_gmt":"2024-11-05T18:17:00","guid":{"rendered":"https:\/\/etev7e.pef.czu.cz\/zs2223\/?post_type=product&#038;p=5290"},"modified":"2024-11-18T12:31:52","modified_gmt":"2024-11-18T11:31:52","slug":"flexfit-damska-sportovni-podprsenka","status":"publish","type":"product","link":"https:\/\/etev7e.pef.czu.cz\/zs2223\/produkt\/flexfit-damska-sportovni-podprsenka\/","title":{"rendered":"FlexFit d\u00e1msk\u00e1 sportovn\u00ed podprsenka"},"content":{"rendered":"<div>\n<p><span lang=\"cs-cz\" xml:lang=\"cs-cz\">Objevte maxim\u00e1ln\u00ed pohodl\u00ed a podporu s na\u0161\u00ed sportovn\u00ed podprsenkou FlexFit, kter\u00e1 je ide\u00e1ln\u00ed pro jak\u00fdkoli cvi\u010den\u00ed. Je navr\u017eena p\u0159edev\u0161\u00edm pro aktivn\u00ed \u017eeny, kter\u00e9 vyhled\u00e1vaj\u00ed maxim\u00e1ln\u00ed komfort b\u011bhem intenzivn\u00edho cvi\u010den\u00ed jako je b\u011bh, fitness \u010di j\u00f3ga.<\/span><\/p>\n<\/div>\n<div>\n<p><span lang=\"cs-cz\" xml:lang=\"cs-cz\">Podprsenka je vyrobena z lehk\u00e9ho, prody\u0161n\u00e9ho materi\u00e1lu s rychleschnouc\u00ed technologi\u00ed, kter\u00e1 udr\u017euje t\u011blo v suchu i p\u0159i n\u00e1ro\u010dn\u00e9m v\u00fdkonu. Elastick\u00fd p\u00e1s pod prsy zaji\u0161\u0165uje pohodln\u00e9 no\u0161en\u00ed a oporu a bezpe\u010dn\u00e9 upevn\u011bn\u00ed, zat\u00edmco \u0161irok\u00e1 ram\u00ednka zamezuj\u00ed nep\u0159\u00edjemn\u00e9mu tlaku. D\u00edky sv\u00e9mu p\u0159\u00edjemn\u00e9mu materi\u00e1lu zabra\u0148uje podr\u00e1\u017ed\u011bn\u00ed poko\u017eky a od\u0159enin\u00e1m.\u00a0<\/span><\/p>\n<\/div>\n","protected":false},"excerpt":{"rendered":"<p><strong>D\u00e1msk\u00e1 sportovn\u00ed podprsenka FlexFit<\/strong> vhodn\u00e1 pro jak\u00fdkoli cvi\u010den\u00ed i voln\u00fd \u010das s maxim\u00e1ln\u00ed oporou.<\/p>\n","protected":false},"featured_media":5299,"comment_status":"open","ping_status":"closed","template":"","meta":[],"product_brand":[],"product_cat":[1488],"product_tag":[1496,1498,1493,1497],"class_list":{"0":"post-5290","1":"product","2":"type-product","3":"status-publish","4":"has-post-thumbnail","6":"product_cat-sportovniobleceni","7":"product_tag-elasticky-pas","8":"product_tag-siroka-raminka","9":"product_tag-vhodny-do-posilovny","10":"product_tag-vysoka-opora","12":"first","13":"instock","14":"sale","15":"purchasable","16":"product-type-variable"},"jetpack_sharing_enabled":true,"_links":{"self":[{"href":"https:\/\/etev7e.pef.czu.cz\/zs2223\/wp-json\/wp\/v2\/product\/5290","targetHints":{"allow":["GET"]}}],"collection":[{"href":"https:\/\/etev7e.pef.czu.cz\/zs2223\/wp-json\/wp\/v2\/product"}],"about":[{"href":"https:\/\/etev7e.pef.czu.cz\/zs2223\/wp-json\/wp\/v2\/types\/product"}],"replies":[{"embeddable":true,"href":"https:\/\/etev7e.pef.czu.cz\/zs2223\/wp-json\/wp\/v2\/comments?post=5290"}],"wp:featuredmedia":[{"embeddable":true,"href":"https:\/\/etev7e.pef.czu.cz\/zs2223\/wp-json\/wp\/v2\/media\/5299"}],"wp:attachment":[{"href":"https:\/\/etev7e.pef.czu.cz\/zs2223\/wp-json\/wp\/v2\/media?parent=5290"}],"wp:term":[{"taxonomy":"product_brand","embeddable":true,"href":"https:\/\/etev7e.pef.czu.cz\/zs2223\/wp-json\/wp\/v2\/product_brand?post=5290"},{"taxonomy":"product_cat","embeddable":true,"href":"https:\/\/etev7e.pef.czu.cz\/zs2223\/wp-json\/wp\/v2\/product_cat?post=5290"},{"taxonomy":"product_tag","embeddable":true,"href":"https:\/\/etev7e.pef.czu.cz\/zs2223\/wp-json\/wp\/v2\/product_tag?post=5290"}],"curies":[{"name":"wp","href":"https:\/\/api.w.org\/{rel}","templated":true}]}}