{"id":5307,"date":"2024-11-05T21:43:07","date_gmt":"2024-11-05T20:43:07","guid":{"rendered":"https:\/\/etev7e.pef.czu.cz\/zs2223\/?post_type=product&#038;p=5307"},"modified":"2024-11-18T12:25:49","modified_gmt":"2024-11-18T11:25:49","slug":"flexfit-damske-sportovni-tricko","status":"publish","type":"product","link":"https:\/\/etev7e.pef.czu.cz\/zs2223\/produkt\/flexfit-damske-sportovni-tricko\/","title":{"rendered":"FlexFit d\u00e1msk\u00e9 sportovn\u00ed tri\u010dko"},"content":{"rendered":"<p><span lang=\"cs-cz\" xml:lang=\"cs-cz\">Toto sportovn\u00ed d\u00e1msk\u00e9 tri\u010dko vynik\u00e1 sv\u00fdm modern\u00edm designem a je navr\u017eeno speci\u00e1ln\u011b pro pohodl\u00ed b\u011bhem fyzick\u00fdch aktivit &#8211; pro cvi\u010den\u00ed, fitness. D\u00edky lehk\u00e9mu a prody\u0161n\u00e9mu materi\u00e1lu zaji\u0161\u0165uje skv\u011bl\u00fd odvod potu a udr\u017euje t\u011blo v suchu po celou dobu tr\u00e9ninku. P\u0159il\u00e9hav\u00fd st\u0159ih a pru\u017en\u00fd materi\u00e1l poskytuj\u00ed volnost pohybu. Sportovn\u00ed d\u00e1msk\u00e9 tri\u010dko m\u00e1 vkusn\u00fd detail ve form\u011b grafick\u00e9ho pruhu na hrudi a logo Flexfit. <\/span><\/p>\n<p>&nbsp;<\/p>\n<p><span lang=\"cs-cz\" xml:lang=\"cs-cz\">\u00a0<\/span><\/p>\n","protected":false},"excerpt":{"rendered":"<p><span lang=\"cs-cz\" xml:lang=\"cs-cz\">D\u00e1msk\u00e9 sportovn\u00ed tri\u010dko FlexFit je ide\u00e1ln\u00ed volbou pro aktivn\u00ed sportovkyn\u011b na jak\u00e9koli cvi\u010den\u00ed.<br \/>\n<\/span><\/p>\n","protected":false},"featured_media":5310,"comment_status":"open","ping_status":"closed","template":"","meta":[],"product_brand":[],"product_cat":[1488],"product_tag":[1505,1503,1504,1506],"class_list":{"0":"post-5307","1":"product","2":"type-product","3":"status-publish","4":"has-post-thumbnail","6":"product_cat-sportovniobleceni","7":"product_tag-lehky-a-pohodlny","8":"product_tag-prodysny-material","9":"product_tag-sportovni-design","10":"product_tag-vhodne-pro-vsechny-druhy-sportu","12":"first","13":"instock","14":"sale","15":"taxable","16":"shipping-taxable","17":"purchasable","18":"product-type-variable"},"jetpack_sharing_enabled":true,"_links":{"self":[{"href":"https:\/\/etev7e.pef.czu.cz\/zs2223\/wp-json\/wp\/v2\/product\/5307","targetHints":{"allow":["GET"]}}],"collection":[{"href":"https:\/\/etev7e.pef.czu.cz\/zs2223\/wp-json\/wp\/v2\/product"}],"about":[{"href":"https:\/\/etev7e.pef.czu.cz\/zs2223\/wp-json\/wp\/v2\/types\/product"}],"replies":[{"embeddable":true,"href":"https:\/\/etev7e.pef.czu.cz\/zs2223\/wp-json\/wp\/v2\/comments?post=5307"}],"wp:featuredmedia":[{"embeddable":true,"href":"https:\/\/etev7e.pef.czu.cz\/zs2223\/wp-json\/wp\/v2\/media\/5310"}],"wp:attachment":[{"href":"https:\/\/etev7e.pef.czu.cz\/zs2223\/wp-json\/wp\/v2\/media?parent=5307"}],"wp:term":[{"taxonomy":"product_brand","embeddable":true,"href":"https:\/\/etev7e.pef.czu.cz\/zs2223\/wp-json\/wp\/v2\/product_brand?post=5307"},{"taxonomy":"product_cat","embeddable":true,"href":"https:\/\/etev7e.pef.czu.cz\/zs2223\/wp-json\/wp\/v2\/product_cat?post=5307"},{"taxonomy":"product_tag","embeddable":true,"href":"https:\/\/etev7e.pef.czu.cz\/zs2223\/wp-json\/wp\/v2\/product_tag?post=5307"}],"curies":[{"name":"wp","href":"https:\/\/api.w.org\/{rel}","templated":true}]}}