{"id":5316,"date":"2024-11-06T07:46:12","date_gmt":"2024-11-06T06:46:12","guid":{"rendered":"https:\/\/etev7e.pef.czu.cz\/zs2223\/?post_type=product&#038;p=5316"},"modified":"2024-11-06T07:46:12","modified_gmt":"2024-11-06T06:46:12","slug":"aroma-difuzer-lavender-garden","status":"publish","type":"product","link":"https:\/\/etev7e.pef.czu.cz\/zs2223\/produkt\/aroma-difuzer-lavender-garden\/","title":{"rendered":"Aroma difuz\u00e9r \u2013 Lavender Garden"},"content":{"rendered":"<p>Provo\u0148te sv\u016fj domov p\u0159\u00edjemnou a uklid\u0148uj\u00edc\u00ed v\u016fn\u00ed pomoc\u00ed na\u0161eho elegantn\u00edho aroma difuz\u00e9ru Lavender Garden. Tento jedine\u010dn\u00fd p\u0159\u00edstroj nejen\u017ee navod\u00ed p\u0159\u00edjemnou atmosf\u00e9ru, ale tak\u00e9 dokonale dopln\u00ed jak\u00fdkoliv interi\u00e9r d\u00edky sv\u00e9mu modern\u00edmu designu a jemn\u00fdm lini\u00edm. V kombinaci s p\u0159\u00edrodn\u00edmi esenci\u00e1ln\u00edmi oleji se postar\u00e1 o \u010derstv\u00e9 a harmonick\u00e9 prost\u0159ed\u00ed, kter\u00e9 v\u00e1m pom\u016f\u017ee uvolnit se po n\u00e1ro\u010dn\u00e9m dni.<\/p>\n<p>\ud83c\udf38 <strong>Kompatibiln\u00ed s p\u0159\u00edrodn\u00edmi oleji<\/strong> \u2013 Pou\u017eijte sv\u00e9 obl\u00edben\u00e9 esence pro \u010dist\u00e9 a p\u0159\u00edrodn\u00ed v\u016fn\u011b<\/p>\n<p>\ud83e\udd2b <strong>Neru\u0161iv\u00fd provoz<\/strong> \u2013 Tich\u00fd chod pro maxim\u00e1ln\u00ed pohodl\u00ed b\u011bhem relaxace \u010di sp\u00e1nku<\/p>\n<p>\ud83c\udfe0 <strong>Ide\u00e1ln\u00ed pro m\u00edstnosti 20\u201340 m\u00b2<\/strong> \u2013 Skv\u011bl\u00fd pro v\u011bt\u0161\u00ed i men\u0161\u00ed prostory<\/p>\n<p>Tento difuz\u00e9r je skv\u011bl\u00fdm \u0159e\u0161en\u00edm pro ka\u017ed\u00e9ho, kdo hled\u00e1 kombinaci elegance a funk\u010dnosti. Ud\u011blejte ze sv\u00e9ho domova m\u00edsto, kam se budete r\u00e1di vracet a kde budete moci na\u010derpat novou energii.<\/p>\n","protected":false},"excerpt":{"rendered":"<p>N\u00e1dhern\u011b si provo\u0148te m\u00edstnost, zlep\u0161ete n\u00e1ladu a vytvo\u0159te \u00fatulnou atmosf\u00e9ru. To v\u0161e zvl\u00e1dnete pomoc\u00ed jedin\u00e9ho p\u0159\u00edstroje \u2013 aroma difuz\u00e9ru Lavender Garden, kter\u00fd mimo jin\u00e9 perfektn\u011b dopln\u00ed jak\u00fdkoliv interi\u00e9r. P\u0159\u00edstroj lze pou\u017e\u00edvat v kombinaci s p\u0159\u00edrodn\u00edmi esenci\u00e1ln\u00edmi oleji a je vhodn\u00fd pro m\u00edstnosti o velikosti 20\u201340 m\u00b2. Jist\u011b ocen\u00edte i velmi tich\u00fd a\u017e nesly\u0161iteln\u00fd chod, d\u00edky \u010demu\u017e v\u00e1s nebude ru\u0161it p\u0159i relaxov\u00e1n\u00ed.<\/p>\n","protected":false},"featured_media":5317,"comment_status":"open","ping_status":"closed","template":"","meta":[],"product_brand":[],"product_cat":[1363],"product_tag":[1507,370,757,997,1454,317],"class_list":{"0":"post-5316","1":"product","2":"type-product","3":"status-publish","4":"has-post-thumbnail","6":"product_cat-vonne-produkty","7":"product_tag-aroma","8":"product_tag-dekorace","9":"product_tag-difuzer","10":"product_tag-drogerie","11":"product_tag-vonne-produkty","12":"product_tag-vune","14":"first","15":"instock","16":"sale","17":"taxable","18":"shipping-taxable","19":"purchasable","20":"product-type-simple"},"jetpack_sharing_enabled":true,"_links":{"self":[{"href":"https:\/\/etev7e.pef.czu.cz\/zs2223\/wp-json\/wp\/v2\/product\/5316","targetHints":{"allow":["GET"]}}],"collection":[{"href":"https:\/\/etev7e.pef.czu.cz\/zs2223\/wp-json\/wp\/v2\/product"}],"about":[{"href":"https:\/\/etev7e.pef.czu.cz\/zs2223\/wp-json\/wp\/v2\/types\/product"}],"replies":[{"embeddable":true,"href":"https:\/\/etev7e.pef.czu.cz\/zs2223\/wp-json\/wp\/v2\/comments?post=5316"}],"wp:featuredmedia":[{"embeddable":true,"href":"https:\/\/etev7e.pef.czu.cz\/zs2223\/wp-json\/wp\/v2\/media\/5317"}],"wp:attachment":[{"href":"https:\/\/etev7e.pef.czu.cz\/zs2223\/wp-json\/wp\/v2\/media?parent=5316"}],"wp:term":[{"taxonomy":"product_brand","embeddable":true,"href":"https:\/\/etev7e.pef.czu.cz\/zs2223\/wp-json\/wp\/v2\/product_brand?post=5316"},{"taxonomy":"product_cat","embeddable":true,"href":"https:\/\/etev7e.pef.czu.cz\/zs2223\/wp-json\/wp\/v2\/product_cat?post=5316"},{"taxonomy":"product_tag","embeddable":true,"href":"https:\/\/etev7e.pef.czu.cz\/zs2223\/wp-json\/wp\/v2\/product_tag?post=5316"}],"curies":[{"name":"wp","href":"https:\/\/api.w.org\/{rel}","templated":true}]}}