{"id":5320,"date":"2024-11-06T08:14:23","date_gmt":"2024-11-06T07:14:23","guid":{"rendered":"https:\/\/etev7e.pef.czu.cz\/zs2223\/?post_type=product&#038;p=5320"},"modified":"2024-11-06T08:38:47","modified_gmt":"2024-11-06T07:38:47","slug":"esencialni-olej-orange-and-lavender","status":"publish","type":"product","link":"https:\/\/etev7e.pef.czu.cz\/zs2223\/produkt\/esencialni-olej-orange-and-lavender\/","title":{"rendered":"Esenci\u00e1ln\u00ed olej \u2013 Orange and Lavender"},"content":{"rendered":"<p>P\u0159ineste do sv\u00e9ho domova harmonii a sv\u011b\u017eest s esenci\u00e1ln\u00edm olejem Orange and Lavender. Tento pe\u010dliv\u011b nam\u00edchan\u00fd olej kombinuje osv\u011b\u017euj\u00edc\u00ed v\u016fni pomeran\u010de s uklid\u0148uj\u00edc\u00ed levandul\u00ed, \u010d\u00edm\u017e vytv\u00e1\u0159\u00ed perfektn\u00ed sm\u011bs pro relaxaci t\u011bla i mysli. Sta\u010d\u00ed p\u0159idat n\u011bkolik kapek do aroma difuz\u00e9ru nebo aroma lampy, a b\u011bhem chvilky v\u00e1\u0161 prostor napln\u00ed jemn\u00e1 v\u016fn\u011b, kter\u00e1 navod\u00ed tu spr\u00e1vnou dom\u00e1c\u00ed atmosf\u00e9ru.<\/p>\n<p>Esenci\u00e1ln\u00ed olej Orange and Lavender je nejen p\u0159\u00edjemnou v\u016fn\u00ed, ale tak\u00e9 pomocn\u00edkem pro zdrav\u00ed. D\u00edky jeho vlastnostem m\u016f\u017ee pomoci uvolnit ucpan\u00e9 d\u00fdchac\u00ed cesty a zm\u00edrnit projevy alergi\u00ed. Je ide\u00e1ln\u00ed pro relaxaci po n\u00e1ro\u010dn\u00e9m dni, zlep\u0161en\u00ed n\u00e1lady nebo navozen\u00ed klidn\u00e9ho sp\u00e1nku.<\/p>\n<p>\ud83c\udf4a <strong>Osv\u011b\u017euj\u00edc\u00ed a uklid\u0148uj\u00edc\u00ed \u00fa\u010dinky<\/strong> \u2013 V\u016fn\u011b pomeran\u010de a levandule pro dokonalou rovnov\u00e1hu<\/p>\n<p>\ud83c\udf3f <strong>Podpora d\u00fdchac\u00edch cest<\/strong> \u2013 Pom\u00e1h\u00e1 uvolnit d\u00fdchac\u00ed cesty a zm\u00edr\u0148uje projevy alergi\u00ed<\/p>\n<p>\ud83d\udca7 <strong>Snadn\u00e9 pou\u017eit\u00ed<\/strong> \u2013 P\u0159idejte p\u00e1r kapek do difuz\u00e9ru a u\u017e\u00edvejte si okam\u017eit\u00fd relax<\/p>\n<p>Tento esenci\u00e1ln\u00ed olej je ide\u00e1ln\u00edm dopl\u0148kem do ka\u017ed\u00e9ho domova, kde se snoub\u00ed p\u0159\u00edrodn\u00ed v\u016fn\u011b s blahod\u00e1rn\u00fdmi \u00fa\u010dinky. Dop\u0159ejte si chvilku klidu a osv\u011b\u017een\u00ed s v\u016fn\u00ed, kter\u00e1 v\u00e1s p\u0159enese do sv\u011bta pohody a uvoln\u011bn\u00ed.<\/p>\n","protected":false},"excerpt":{"rendered":"<p>Provo\u0148te v\u00e1\u0161 domov s\u00a0esenci\u00e1ln\u00edm olejem\u00a0<em>Orange and Lavender<\/em>.\u00a0Sta\u010d\u00ed p\u0159idat p\u00e1r kapek do aroma difuz\u00e9ru nebo aroma lampy a vychutnat si tu spr\u00e1vnou dom\u00e1c\u00ed atmosf\u00e9ru. Jedn\u00e1 se o sm\u011bs v\u016fn\u00ed pomeran\u010de a levandule, tedy\u00a0sm\u011bs\u00ed bylinek pom\u00e1haj\u00edc\u00edch s relaxac\u00ed t\u011bla i mysli.\u00a0Pom\u016f\u017ee nap\u0159\u00edklad\u00a0s uvoln\u011bn\u00edm ucpan\u00fdch d\u00fdchac\u00edch cest a m\u016f\u017ee zm\u00edrnit projevy alergie.<\/p>\n","protected":false},"featured_media":5321,"comment_status":"open","ping_status":"closed","template":"","meta":[],"product_brand":[],"product_cat":[1363],"product_tag":[1507,757,997,872,1454,317],"class_list":{"0":"post-5320","1":"product","2":"type-product","3":"status-publish","4":"has-post-thumbnail","6":"product_cat-vonne-produkty","7":"product_tag-aroma","8":"product_tag-difuzer","9":"product_tag-drogerie","10":"product_tag-olej","11":"product_tag-vonne-produkty","12":"product_tag-vune","14":"first","15":"instock","16":"sale","17":"taxable","18":"shipping-taxable","19":"purchasable","20":"product-type-simple"},"jetpack_sharing_enabled":true,"_links":{"self":[{"href":"https:\/\/etev7e.pef.czu.cz\/zs2223\/wp-json\/wp\/v2\/product\/5320","targetHints":{"allow":["GET"]}}],"collection":[{"href":"https:\/\/etev7e.pef.czu.cz\/zs2223\/wp-json\/wp\/v2\/product"}],"about":[{"href":"https:\/\/etev7e.pef.czu.cz\/zs2223\/wp-json\/wp\/v2\/types\/product"}],"replies":[{"embeddable":true,"href":"https:\/\/etev7e.pef.czu.cz\/zs2223\/wp-json\/wp\/v2\/comments?post=5320"}],"wp:featuredmedia":[{"embeddable":true,"href":"https:\/\/etev7e.pef.czu.cz\/zs2223\/wp-json\/wp\/v2\/media\/5321"}],"wp:attachment":[{"href":"https:\/\/etev7e.pef.czu.cz\/zs2223\/wp-json\/wp\/v2\/media?parent=5320"}],"wp:term":[{"taxonomy":"product_brand","embeddable":true,"href":"https:\/\/etev7e.pef.czu.cz\/zs2223\/wp-json\/wp\/v2\/product_brand?post=5320"},{"taxonomy":"product_cat","embeddable":true,"href":"https:\/\/etev7e.pef.czu.cz\/zs2223\/wp-json\/wp\/v2\/product_cat?post=5320"},{"taxonomy":"product_tag","embeddable":true,"href":"https:\/\/etev7e.pef.czu.cz\/zs2223\/wp-json\/wp\/v2\/product_tag?post=5320"}],"curies":[{"name":"wp","href":"https:\/\/api.w.org\/{rel}","templated":true}]}}