{"id":5327,"date":"2024-11-06T18:31:56","date_gmt":"2024-11-06T17:31:56","guid":{"rendered":"https:\/\/etev7e.pef.czu.cz\/zs2223\/?post_type=product&#038;p=5327"},"modified":"2024-11-19T10:36:24","modified_gmt":"2024-11-19T09:36:24","slug":"vybusna-kotatka-prisprostla-verze","status":"publish","type":"product","link":"https:\/\/etev7e.pef.czu.cz\/zs2223\/produkt\/vybusna-kotatka-prisprostla-verze\/","title":{"rendered":"V\u00fdbu\u0161n\u00e1 ko\u0165\u00e1tka &#8211; p\u0159isprostl\u00e1 verze"},"content":{"rendered":"<p>V\u00fdbu\u0161n\u00e1 ko\u0165\u00e1tka p\u0159isprostl\u00e1 edice je karetn\u00ed hra pro dosp\u011bl\u00e9 (18+), kter\u00e1 vtipn\u011b kombinuje nap\u011bt\u00ed s \u010dern\u00fdm humorem. C\u00edlem hry je vyhnout se l\u00edznut\u00ed karty ,,Exploduj\u00edc\u00ed kot\u011b&#8220;, kter\u00e1 znamen\u00e1 okam\u017eitou prohru. Hr\u00e1\u010di se br\u00e1n\u00ed pomoc\u00ed karet s r\u016fzn\u00fdmi funkcemi, jako je zne\u0161kodn\u011bn\u00ed exploduj\u00edc\u00edho kot\u011bte, nahl\u00e9dnut\u00ed do bal\u00ed\u010dku nebo p\u0159esko\u010den\u00ed tahu. S ka\u017edou l\u00edznutou kartou roste nap\u011bt\u00ed, proto\u017ee se zvy\u0161uje pravd\u011bpodobnost vyta\u017een\u00ed osudn\u00e9 karty. Hra je ide\u00e1ln\u00ed pro p\u00e1rty a p\u0159\u00e1telsk\u00e1 setk\u00e1n\u00ed, kde se ocen\u00ed drsn\u011bj\u0161\u00ed humor.<\/p>\n<p><strong>Obsah hry:<\/strong>\u00a0soubor karet a pravidla hry<br \/>\n<strong>Po\u010det hr\u00e1\u010d\u016f:<\/strong>\u00a02 &#8211; 5<br \/>\n<strong>Doba hran\u00ed:\u00a0<\/strong>15 minut +<br \/>\n<strong>Doporu\u010den\u00e1 v\u011bkov\u00e1 hranice:<\/strong>\u00a018+<\/p>\n","protected":false},"excerpt":{"rendered":"<p>V\u00fdbu\u0161n\u00e1 ko\u0165\u00e1tka (18+) &#8211; Karetn\u00ed hra pln\u00e1 \u010dern\u00e9ho humoru, kde se sna\u017e\u00edte vyhnout exploduj\u00edc\u00edmu kot\u011bti! Pou\u017e\u00edvejte karty s r\u016fzn\u00fdmi funkcemi, abyste p\u0159e\u017eili. Ide\u00e1ln\u00ed pro p\u00e1rty s p\u0159\u00e1teli, kte\u0159\u00ed ocen\u00ed drsn\u011bj\u0161\u00ed humor.<\/p>\n","protected":false},"featured_media":5330,"comment_status":"open","ping_status":"closed","template":"","meta":[],"product_brand":[],"product_cat":[1511],"product_tag":[1805,300,303,1806],"class_list":{"0":"post-5327","1":"product","2":"type-product","3":"status-publish","4":"has-post-thumbnail","6":"product_cat-spolecenske_hry","7":"product_tag-hry-pro-dospele","8":"product_tag-karetni-hry","9":"product_tag-party-hry","10":"product_tag-zabavne-hry","12":"first","13":"instock","14":"taxable","15":"shipping-taxable","16":"purchasable","17":"product-type-simple"},"jetpack_sharing_enabled":true,"_links":{"self":[{"href":"https:\/\/etev7e.pef.czu.cz\/zs2223\/wp-json\/wp\/v2\/product\/5327","targetHints":{"allow":["GET"]}}],"collection":[{"href":"https:\/\/etev7e.pef.czu.cz\/zs2223\/wp-json\/wp\/v2\/product"}],"about":[{"href":"https:\/\/etev7e.pef.czu.cz\/zs2223\/wp-json\/wp\/v2\/types\/product"}],"replies":[{"embeddable":true,"href":"https:\/\/etev7e.pef.czu.cz\/zs2223\/wp-json\/wp\/v2\/comments?post=5327"}],"wp:featuredmedia":[{"embeddable":true,"href":"https:\/\/etev7e.pef.czu.cz\/zs2223\/wp-json\/wp\/v2\/media\/5330"}],"wp:attachment":[{"href":"https:\/\/etev7e.pef.czu.cz\/zs2223\/wp-json\/wp\/v2\/media?parent=5327"}],"wp:term":[{"taxonomy":"product_brand","embeddable":true,"href":"https:\/\/etev7e.pef.czu.cz\/zs2223\/wp-json\/wp\/v2\/product_brand?post=5327"},{"taxonomy":"product_cat","embeddable":true,"href":"https:\/\/etev7e.pef.czu.cz\/zs2223\/wp-json\/wp\/v2\/product_cat?post=5327"},{"taxonomy":"product_tag","embeddable":true,"href":"https:\/\/etev7e.pef.czu.cz\/zs2223\/wp-json\/wp\/v2\/product_tag?post=5327"}],"curies":[{"name":"wp","href":"https:\/\/api.w.org\/{rel}","templated":true}]}}