{"id":5331,"date":"2024-11-06T18:32:52","date_gmt":"2024-11-06T17:32:52","guid":{"rendered":"https:\/\/etev7e.pef.czu.cz\/zs2223\/?post_type=product&#038;p=5331"},"modified":"2024-11-19T10:38:07","modified_gmt":"2024-11-19T09:38:07","slug":"zeme","status":"publish","type":"product","link":"https:\/\/etev7e.pef.czu.cz\/zs2223\/produkt\/zeme\/","title":{"rendered":"Zem\u011b"},"content":{"rendered":"<p>Chcete se dozv\u011bd\u011bt spousty zaj\u00edmav\u00fdch informac\u00ed o na\u0161\u00ed planet\u011b a u\u017e\u00edt si naplno \u010das se sv\u00fdmi bl\u00edzk\u00fdmi? Tak to je tato znalostn\u00ed hra p\u0159\u00edmo pro V\u00e1s! \u010cek\u00e1 na V\u00e1s spousta zaj\u00edmav\u00fdch ot\u00e1zek ze v\u0161ech kout\u016f sv\u011bta. Obt\u00ed\u017enost hry si zvol\u00edte sami a to ze 4 mo\u017en\u00fdch obt\u00ed\u017enost\u00ed od za\u010d\u00e1te\u010dn\u00edka a\u017e po objevitele. Na polo\u017eenou ot\u00e1zku lze odpov\u011bd\u011bt hned n\u011bkolika zp\u016fsoby, a to ur\u010den\u00edm polohy, roku, po\u010dtu \u010di d\u00e9lky\/v\u00fd\u0161ky. Ka\u017ed\u00fd si zkr\u00e1tka vybere to, co je mu nejbli\u017e\u0161\u00ed. Vyhr\u00e1t m\u016f\u017eete i pokud nezn\u00e1te v\u0161echny spr\u00e1vn\u00e9 odpov\u011bdi. K v\u00edt\u011bzstv\u00ed V\u00e1m napom\u016f\u017ee dobr\u00fd odhad, spr\u00e1vn\u00e1 strategie a samoz\u0159ejm\u011b tak\u00e9 trocha \u0161t\u011bst\u00ed.<\/p>\n<p><strong>Obsah hry:<\/strong>\u00a0hern\u00ed pl\u00e1n, 36 kosti\u010dek v \u0161esti barv\u00e1ch, 150 oboustrann\u00fdch karet, krabi\u010dku na karty a pravidla hry<br \/>\n<strong>Po\u010det hr\u00e1\u010d\u016f:<\/strong>\u00a02 &#8211; 6<br \/>\n<strong>Doba hran\u00ed:<\/strong>\u00a045 minut +<br \/>\n<strong>Doporu\u010den\u00e1 v\u011bkov\u00e1 hranice:<\/strong>\u00a010+<\/p>\n","protected":false},"excerpt":{"rendered":"<p>Z\u00e1bavn\u00e1 znalostn\u00ed hra pro celou rodinu! Otestujte si znalosti o sv\u011bt\u011b a u\u017eijte si spole\u010dn\u00e9 chv\u00edle. \u010cty\u0159i \u00farovn\u011b obt\u00ed\u017enosti, r\u016fzn\u00e9 typy odpov\u011bd\u00ed a \u0161ance na v\u00fdhru i bez znalosti v\u0161ech odpov\u011bd\u00ed.<\/p>\n","protected":false},"featured_media":5332,"comment_status":"open","ping_status":"closed","template":"","meta":[],"product_brand":[],"product_cat":[1511],"product_tag":[681,862,299,307,1807],"class_list":{"0":"post-5331","1":"product","2":"type-product","3":"status-publish","4":"has-post-thumbnail","6":"product_cat-spolecenske_hry","7":"product_tag-deskove-hry","8":"product_tag-rodinne-hry","9":"product_tag-stolni-hry","10":"product_tag-vedomostni-hry","11":"product_tag-vzdelani","13":"first","14":"instock","15":"sale","16":"taxable","17":"shipping-taxable","18":"purchasable","19":"product-type-simple"},"jetpack_sharing_enabled":true,"_links":{"self":[{"href":"https:\/\/etev7e.pef.czu.cz\/zs2223\/wp-json\/wp\/v2\/product\/5331","targetHints":{"allow":["GET"]}}],"collection":[{"href":"https:\/\/etev7e.pef.czu.cz\/zs2223\/wp-json\/wp\/v2\/product"}],"about":[{"href":"https:\/\/etev7e.pef.czu.cz\/zs2223\/wp-json\/wp\/v2\/types\/product"}],"replies":[{"embeddable":true,"href":"https:\/\/etev7e.pef.czu.cz\/zs2223\/wp-json\/wp\/v2\/comments?post=5331"}],"wp:featuredmedia":[{"embeddable":true,"href":"https:\/\/etev7e.pef.czu.cz\/zs2223\/wp-json\/wp\/v2\/media\/5332"}],"wp:attachment":[{"href":"https:\/\/etev7e.pef.czu.cz\/zs2223\/wp-json\/wp\/v2\/media?parent=5331"}],"wp:term":[{"taxonomy":"product_brand","embeddable":true,"href":"https:\/\/etev7e.pef.czu.cz\/zs2223\/wp-json\/wp\/v2\/product_brand?post=5331"},{"taxonomy":"product_cat","embeddable":true,"href":"https:\/\/etev7e.pef.czu.cz\/zs2223\/wp-json\/wp\/v2\/product_cat?post=5331"},{"taxonomy":"product_tag","embeddable":true,"href":"https:\/\/etev7e.pef.czu.cz\/zs2223\/wp-json\/wp\/v2\/product_tag?post=5331"}],"curies":[{"name":"wp","href":"https:\/\/api.w.org\/{rel}","templated":true}]}}