{"id":5335,"date":"2024-11-06T18:34:04","date_gmt":"2024-11-06T17:34:04","guid":{"rendered":"https:\/\/etev7e.pef.czu.cz\/zs2223\/?post_type=product&#038;p=5335"},"modified":"2024-11-19T10:43:08","modified_gmt":"2024-11-19T09:43:08","slug":"tipni-si-cesko","status":"publish","type":"product","link":"https:\/\/etev7e.pef.czu.cz\/zs2223\/produkt\/tipni-si-cesko\/","title":{"rendered":"Tipni si! \u010cesko"},"content":{"rendered":"<p>Jedn\u00e1 se o variaci p\u016fvodn\u00ed hry Tipni si, jej\u00ed\u017e ot\u00e1zky se zam\u011b\u0159uj\u00ed na t\u00e9mata z luh\u016f a h\u00e1j\u016f \u010cesk\u00e9 republiky. Hru je mo\u017eno hr\u00e1t samostatn\u011b nebo kombinovat s p\u016fvodn\u00edm Tipni si.<br \/>\nV p\u00e1rty h\u0159e Tipni si! \u010cesko budete odhadovat rychlost, d\u00e9lku, v\u00fd\u0161ku, hmotnost nebo t\u0159eba spr\u00e1vn\u00fd letopo\u010det. Pokud si sv\u00fdm tipem nebudete jist\u00ed, m\u016f\u017eete si vsadit i na sv\u00e9ho soupe\u0159e! B\u011bhem hry se dozv\u00edte spoustu zaj\u00edmav\u00fdch informac\u00ed, rekord\u016f a kuriozit. Krabice ukr\u00fdv\u00e1 v\u00edce ne\u017e tis\u00edc ot\u00e1zek rozd\u011blen\u00fdch do 6 okruh\u016f: spole\u010dnost, fauna a fl\u00f3ra, v\u011bda a technika, stalo se, sport a r\u016fzn\u00e9.<br \/>\nTipov\u00e1n\u00ed, s\u00e1zen\u00ed a debatov\u00e1n\u00ed o zaj\u00edmav\u00fdch ot\u00e1zk\u00e1ch nebylo nikdy z\u00e1bavn\u011bj\u0161\u00ed!<\/p>\n<p><strong>Obsah hry:<\/strong>\u00a0396 karet s ot\u00e1zkami, 6 mazateln\u00fdch desti\u010dek, 6 fix\u016f s maz\u00e1tkem, 80 plastov\u00fdch bodovac\u00edch \u017eeton\u016f, 6 barevn\u00fdch hr\u00e1\u010dsk\u00fdch \u017eeton\u016f<br \/>\n<strong>Po\u010det hr\u00e1\u010d\u016f:<\/strong>\u00a03 &#8211; 6<br \/>\n<strong>Doba hran\u00ed:<\/strong>\u00a030 minut +<br \/>\n<strong>Doporu\u010den\u00e1 v\u011bkov\u00e1 hranice:<\/strong>\u00a012+<\/p>\n","protected":false},"excerpt":{"rendered":"<p>Tipni si! \u010cesko &#8211; variace obl\u00edben\u00e9 hry s ot\u00e1zkami o \u010cesk\u00e9 republice. Hrajte samostatn\u011b nebo kombinujte s p\u016fvodn\u00ed hrou. Odhadujte a s\u00e1zejte na soupe\u0159e! V\u00edce ne\u017e 1000 ot\u00e1zek v 6 okruz\u00edch: spole\u010dnost, fauna a fl\u00f3ra, v\u011bda a technika, stalo se, sport a r\u016fzn\u00e9.<\/p>\n","protected":false},"featured_media":5336,"comment_status":"open","ping_status":"closed","template":"","meta":[],"product_brand":[],"product_cat":[1511],"product_tag":[681,303,862,299,307,1807],"class_list":{"0":"post-5335","1":"product","2":"type-product","3":"status-publish","4":"has-post-thumbnail","6":"product_cat-spolecenske_hry","7":"product_tag-deskove-hry","8":"product_tag-party-hry","9":"product_tag-rodinne-hry","10":"product_tag-stolni-hry","11":"product_tag-vedomostni-hry","12":"product_tag-vzdelani","14":"first","15":"instock","16":"taxable","17":"shipping-taxable","18":"purchasable","19":"product-type-simple"},"jetpack_sharing_enabled":true,"_links":{"self":[{"href":"https:\/\/etev7e.pef.czu.cz\/zs2223\/wp-json\/wp\/v2\/product\/5335","targetHints":{"allow":["GET"]}}],"collection":[{"href":"https:\/\/etev7e.pef.czu.cz\/zs2223\/wp-json\/wp\/v2\/product"}],"about":[{"href":"https:\/\/etev7e.pef.czu.cz\/zs2223\/wp-json\/wp\/v2\/types\/product"}],"replies":[{"embeddable":true,"href":"https:\/\/etev7e.pef.czu.cz\/zs2223\/wp-json\/wp\/v2\/comments?post=5335"}],"wp:featuredmedia":[{"embeddable":true,"href":"https:\/\/etev7e.pef.czu.cz\/zs2223\/wp-json\/wp\/v2\/media\/5336"}],"wp:attachment":[{"href":"https:\/\/etev7e.pef.czu.cz\/zs2223\/wp-json\/wp\/v2\/media?parent=5335"}],"wp:term":[{"taxonomy":"product_brand","embeddable":true,"href":"https:\/\/etev7e.pef.czu.cz\/zs2223\/wp-json\/wp\/v2\/product_brand?post=5335"},{"taxonomy":"product_cat","embeddable":true,"href":"https:\/\/etev7e.pef.czu.cz\/zs2223\/wp-json\/wp\/v2\/product_cat?post=5335"},{"taxonomy":"product_tag","embeddable":true,"href":"https:\/\/etev7e.pef.czu.cz\/zs2223\/wp-json\/wp\/v2\/product_tag?post=5335"}],"curies":[{"name":"wp","href":"https:\/\/api.w.org\/{rel}","templated":true}]}}