{"id":5337,"date":"2024-11-06T18:34:16","date_gmt":"2024-11-06T17:34:16","guid":{"rendered":"https:\/\/etev7e.pef.czu.cz\/zs2223\/?post_type=product&#038;p=5337"},"modified":"2024-11-19T10:44:50","modified_gmt":"2024-11-19T09:44:50","slug":"dobble-cesko","status":"publish","type":"product","link":"https:\/\/etev7e.pef.czu.cz\/zs2223\/produkt\/dobble-cesko\/","title":{"rendered":"Dobble \u010cesko"},"content":{"rendered":"<p>P\u0159edstavte si, \u017ee se ocitnete v rychl\u00e9m a z\u00e1bavn\u00e9m souboji, kde se st\u0159et\u00e1v\u00e1 nejen Va\u0161e pozornost, ale i znalost \u010desk\u00fdch symbol\u016f. Dobble \u010cesko nen\u00ed jen hra, je to vizu\u00e1ln\u00ed z\u00e1vod, kde ka\u017ed\u00fd hr\u00e1\u010d lov\u00ed stejn\u00e9 symboly jako dravec svou ko\u0159ist.<br \/>\nKa\u017ed\u00e1 karta je mal\u00fdm kouskem \u010cesk\u00e9 republiky &#8211; od Pra\u017esk\u00e9ho hradu a\u017e po tradi\u010dn\u00ed symboly, jako je pivo nebo knedl\u00edk. Na prvn\u00ed pohled je to chaos barev a symbol\u016f, a p\u0159ece se v n\u011bm skr\u00fdv\u00e1 \u0159\u00e1d (v\u017edy jen jeden spole\u010dn\u00fd symbol spojuje dv\u011b karty). Nejd\u016fle\u017eit\u011bj\u0161\u00ed je b\u00fdt rychlej\u0161\u00ed ne\u017e ostatn\u00ed, nebo\u0165 zlomky vte\u0159iny rozhoduj\u00ed o v\u00edt\u011bzi. A\u0165 u\u017e jste zku\u0161en\u00fd hr\u00e1\u010d nebo \u00fapln\u00fd za\u010d\u00e1te\u010dn\u00edk, Dobble \u010cesko V\u00e1s vt\u00e1hne do sv\u00e9ho sv\u011bta.<br \/>\nPravidla jsou jednoduch\u00e1, ale samotn\u00e1 hra je pln\u00e1 p\u0159ekvapen\u00ed. Hr\u00e1\u010di sou\u010dasn\u011b odhaluj\u00ed karty a hledaj\u00ed stejn\u00fd symbol. Ten, kdo ho najde prvn\u00ed, vyhr\u00e1v\u00e1 kartu. A tak to pokra\u010duje, dokud nez\u016fstane posledn\u00ed karta.<\/p>\n<p><strong>Obsah hry:<\/strong>\u00a055 karet v plechov\u00e9 krabi\u010dce, 1 \u010desk\u00e1, slovensk\u00e1 a rumunsk\u00e1 pravidla<br \/>\n<strong>Po\u010det hr\u00e1\u010d\u016f:\u00a0<\/strong>2 &#8211; 8<br \/>\n<strong>Doba hran\u00ed:<\/strong>\u00a015 minut +<br \/>\n<strong>Doporu\u010den\u00e1 v\u011bkov\u00e1 hranice: 6+<\/strong><\/p>\n","protected":false},"excerpt":{"rendered":"<p>Dobble \u010cesko: Rychl\u00e1 hra pln\u00e1 \u010desk\u00fdch symbol\u016f! Lovte stejn\u00e9 symboly na kart\u00e1ch a bu\u010fte rychlej\u0161\u00ed ne\u017e soupe\u0159i. Pra\u017esk\u00fd hrad, pivo i knedl\u00edk &#8211; kdo najde shodu prvn\u00ed, vyhr\u00e1v\u00e1! Jednoduch\u00e1 pravidla, nap\u00ednav\u00e1 hra pro v\u0161echny.<\/p>\n","protected":false},"featured_media":5338,"comment_status":"open","ping_status":"closed","template":"","meta":[],"product_brand":[],"product_cat":[1511],"product_tag":[300,1809,1810,1510],"class_list":{"0":"post-5337","1":"product","2":"type-product","3":"status-publish","4":"has-post-thumbnail","6":"product_cat-spolecenske_hry","7":"product_tag-karetni-hry","8":"product_tag-postrehove-hry","9":"product_tag-rychle-hry","10":"product_tag-vizualni-hry","12":"first","13":"instock","14":"taxable","15":"shipping-taxable","16":"purchasable","17":"product-type-simple"},"jetpack_sharing_enabled":true,"_links":{"self":[{"href":"https:\/\/etev7e.pef.czu.cz\/zs2223\/wp-json\/wp\/v2\/product\/5337","targetHints":{"allow":["GET"]}}],"collection":[{"href":"https:\/\/etev7e.pef.czu.cz\/zs2223\/wp-json\/wp\/v2\/product"}],"about":[{"href":"https:\/\/etev7e.pef.czu.cz\/zs2223\/wp-json\/wp\/v2\/types\/product"}],"replies":[{"embeddable":true,"href":"https:\/\/etev7e.pef.czu.cz\/zs2223\/wp-json\/wp\/v2\/comments?post=5337"}],"wp:featuredmedia":[{"embeddable":true,"href":"https:\/\/etev7e.pef.czu.cz\/zs2223\/wp-json\/wp\/v2\/media\/5338"}],"wp:attachment":[{"href":"https:\/\/etev7e.pef.czu.cz\/zs2223\/wp-json\/wp\/v2\/media?parent=5337"}],"wp:term":[{"taxonomy":"product_brand","embeddable":true,"href":"https:\/\/etev7e.pef.czu.cz\/zs2223\/wp-json\/wp\/v2\/product_brand?post=5337"},{"taxonomy":"product_cat","embeddable":true,"href":"https:\/\/etev7e.pef.czu.cz\/zs2223\/wp-json\/wp\/v2\/product_cat?post=5337"},{"taxonomy":"product_tag","embeddable":true,"href":"https:\/\/etev7e.pef.czu.cz\/zs2223\/wp-json\/wp\/v2\/product_tag?post=5337"}],"curies":[{"name":"wp","href":"https:\/\/api.w.org\/{rel}","templated":true}]}}