{"id":5341,"date":"2024-11-06T11:21:23","date_gmt":"2024-11-06T10:21:23","guid":{"rendered":"https:\/\/etev7e.pef.czu.cz\/zs2223\/?post_type=product&#038;p=5341"},"modified":"2024-11-06T11:21:23","modified_gmt":"2024-11-06T10:21:23","slug":"snowboard-burton-process","status":"publish","type":"product","link":"https:\/\/etev7e.pef.czu.cz\/zs2223\/produkt\/snowboard-burton-process\/","title":{"rendered":"Snowboard Burton Process"},"content":{"rendered":"<p>Snowboard Burton Process m\u00e1 symetrick\u00fd twin tvar a camber profil, co\u017e zaji\u0161\u0165uje plynulou a p\u0159esnou j\u00edzdu, ide\u00e1ln\u00ed pro r\u016fzn\u00e9 druhy ter\u00e9nu. J\u00e1dro Super Fly II 700G kombinuje s\u00edlu s energick\u00fdm odrazem, zat\u00edmco sintrovan\u00e1 skluznice poskytuje rychlost a odolnost. Sklen\u011bn\u00e1 vl\u00e1kna v triaxi\u00e1ln\u00ed konstrukci dod\u00e1vaj\u00ed desce torzn\u00ed pevnost pro lep\u0161\u00ed ovladatelnost a uchycen\u00ed pomoc\u00ed kan\u00e1lkov\u00e9ho syst\u00e9mu umo\u017e\u0148uje snadn\u00e9 nastaven\u00ed ide\u00e1ln\u00edho postoje podle va\u0161eho stylu.<\/p>\n","protected":false},"excerpt":{"rendered":"<p>Snowboard Burton Process s twin tvarem a camber profilem nab\u00edz\u00ed plynulou a p\u0159esnou j\u00edzdu vhodnou pro r\u016fzn\u00e9 ter\u00e9ny. J\u00e1dro Super Fly II 700G zaji\u0161\u0165uje s\u00edlu a odraz, zat\u00edmco sintrovan\u00e1 skluznice poskytuje rychlost a odolnost. Triaxi\u00e1ln\u00ed sklen\u011bn\u00e1 vl\u00e1kna p\u0159id\u00e1vaj\u00ed pevnost, a kan\u00e1lkov\u00fd syst\u00e9m umo\u017e\u0148uje snadn\u00e9 nastaven\u00ed postoje.<\/p>\n","protected":false},"featured_media":5344,"comment_status":"open","ping_status":"closed","template":"","meta":[],"product_brand":[],"product_cat":[1340],"product_tag":[350,1033,843],"class_list":{"0":"post-5341","1":"product","2":"type-product","3":"status-publish","4":"has-post-thumbnail","6":"product_cat-sportovni-vybaveni-zimni-sporty","7":"product_tag-sport","8":"product_tag-sportovni-prislusenstvi","9":"product_tag-zima","11":"first","12":"instock","13":"sale","14":"taxable","15":"shipping-taxable","16":"purchasable","17":"product-type-variable"},"jetpack_sharing_enabled":true,"_links":{"self":[{"href":"https:\/\/etev7e.pef.czu.cz\/zs2223\/wp-json\/wp\/v2\/product\/5341","targetHints":{"allow":["GET"]}}],"collection":[{"href":"https:\/\/etev7e.pef.czu.cz\/zs2223\/wp-json\/wp\/v2\/product"}],"about":[{"href":"https:\/\/etev7e.pef.czu.cz\/zs2223\/wp-json\/wp\/v2\/types\/product"}],"replies":[{"embeddable":true,"href":"https:\/\/etev7e.pef.czu.cz\/zs2223\/wp-json\/wp\/v2\/comments?post=5341"}],"wp:featuredmedia":[{"embeddable":true,"href":"https:\/\/etev7e.pef.czu.cz\/zs2223\/wp-json\/wp\/v2\/media\/5344"}],"wp:attachment":[{"href":"https:\/\/etev7e.pef.czu.cz\/zs2223\/wp-json\/wp\/v2\/media?parent=5341"}],"wp:term":[{"taxonomy":"product_brand","embeddable":true,"href":"https:\/\/etev7e.pef.czu.cz\/zs2223\/wp-json\/wp\/v2\/product_brand?post=5341"},{"taxonomy":"product_cat","embeddable":true,"href":"https:\/\/etev7e.pef.czu.cz\/zs2223\/wp-json\/wp\/v2\/product_cat?post=5341"},{"taxonomy":"product_tag","embeddable":true,"href":"https:\/\/etev7e.pef.czu.cz\/zs2223\/wp-json\/wp\/v2\/product_tag?post=5341"}],"curies":[{"name":"wp","href":"https:\/\/api.w.org\/{rel}","templated":true}]}}