{"id":5362,"date":"2024-11-06T15:08:56","date_gmt":"2024-11-06T14:08:56","guid":{"rendered":"https:\/\/etev7e.pef.czu.cz\/zs2223\/?post_type=product&#038;p=5362"},"modified":"2024-11-16T23:33:03","modified_gmt":"2024-11-16T22:33:03","slug":"vsude-sami-lhari","status":"publish","type":"product","link":"https:\/\/etev7e.pef.czu.cz\/zs2223\/produkt\/vsude-sami-lhari\/","title":{"rendered":"V\u0161ude sam\u00ed lh\u00e1\u0159i &#8211; Shari Lapena"},"content":{"rendered":"<p><em>V\u0161ude sam\u00ed lh\u00e1\u0159i <\/em>od Shari Lapena je nap\u00ednav\u00fd psychologick\u00fd thriller, kter\u00fd \u010dten\u00e1\u0159e zav\u00e1d\u00ed do sv\u011bta l\u017e\u00ed, manipulac\u00ed a ne\u010dekan\u00fdch zvrat\u016f. Hlavn\u00ed hrdinkou knihy je mlad\u00e1 \u017eena, kter\u00e1 po z\u00e1hadn\u00e9m zmizen\u00ed sv\u00e9ho p\u0159\u00edtele za\u010d\u00edn\u00e1 p\u00e1trat po pravd\u011b. S ka\u017ed\u00fdm nov\u00fdm krokem v\u0161ak odkr\u00fdv\u00e1 nejen temn\u00e9 tajemstv\u00ed sv\u00e9ho okol\u00ed, ale i ne\u010dekan\u00e9 kousky sv\u00e9ho vlastn\u00edho \u017eivota. Jak se zapl\u00e9t\u00e1 do s\u00edt\u00ed klam\u016f, za\u010d\u00edn\u00e1 si uv\u011bdomovat, \u017ee ka\u017ed\u00e1 osoba v jej\u00edm \u017eivot\u011b skr\u00fdv\u00e1 d\u016fvod k l\u017ei. Vzduch je prosycen nap\u011bt\u00edm a \u010dten\u00e1\u0159 se ocit\u00e1 na tenk\u00e9m led\u011b, kde nic nen\u00ed takov\u00e9, jak se zd\u00e1. P\u00e1tr\u00e1n\u00ed po pravd\u011b se st\u00e1v\u00e1 cestou do hlubin lidsk\u00e9 psychologie, kde m\u016f\u017ee b\u00fdt pravda daleko d\u011bsiv\u011bj\u0161\u00ed ne\u017e v\u0161echny l\u017ei, kter\u00e9 n\u00e1s obklopuj\u00ed.<\/p>\n","protected":false},"excerpt":{"rendered":"<p>Psychologick\u00fd thriller <em>V\u0161ude sam\u00ed lh\u00e1\u0159i<\/em> od autorky Shari Lapena sleduje mladou \u017eenu, kter\u00e1 po zmizen\u00ed sv\u00e9ho p\u0159\u00edtele odhaluje temn\u00e1 tajemstv\u00ed a manipulace. B\u011bhem p\u00e1tr\u00e1n\u00ed po pravd\u011b zji\u0161\u0165uje, \u017ee v\u0161ichni kolem n\u00ed skr\u00fdvaj\u00ed n\u011bco, a ka\u017ed\u00fd krok j\u00ed p\u0159iv\u00e1d\u00ed bl\u00ed\u017ee k d\u011bsiv\u00fdm odhalen\u00edm.<\/p>\n","protected":false},"featured_media":5364,"comment_status":"open","ping_status":"closed","template":"","meta":[],"product_brand":[],"product_cat":[1461],"product_tag":[1113,1117,1112,770],"class_list":{"0":"post-5362","1":"product","2":"type-product","3":"status-publish","4":"has-post-thumbnail","6":"product_cat-knihy","7":"product_tag-beletrie","8":"product_tag-detektivky","9":"product_tag-knihy","10":"product_tag-thriller","12":"first","13":"instock","14":"sale","15":"taxable","16":"shipping-taxable","17":"purchasable","18":"product-type-simple"},"jetpack_sharing_enabled":true,"_links":{"self":[{"href":"https:\/\/etev7e.pef.czu.cz\/zs2223\/wp-json\/wp\/v2\/product\/5362","targetHints":{"allow":["GET"]}}],"collection":[{"href":"https:\/\/etev7e.pef.czu.cz\/zs2223\/wp-json\/wp\/v2\/product"}],"about":[{"href":"https:\/\/etev7e.pef.czu.cz\/zs2223\/wp-json\/wp\/v2\/types\/product"}],"replies":[{"embeddable":true,"href":"https:\/\/etev7e.pef.czu.cz\/zs2223\/wp-json\/wp\/v2\/comments?post=5362"}],"wp:featuredmedia":[{"embeddable":true,"href":"https:\/\/etev7e.pef.czu.cz\/zs2223\/wp-json\/wp\/v2\/media\/5364"}],"wp:attachment":[{"href":"https:\/\/etev7e.pef.czu.cz\/zs2223\/wp-json\/wp\/v2\/media?parent=5362"}],"wp:term":[{"taxonomy":"product_brand","embeddable":true,"href":"https:\/\/etev7e.pef.czu.cz\/zs2223\/wp-json\/wp\/v2\/product_brand?post=5362"},{"taxonomy":"product_cat","embeddable":true,"href":"https:\/\/etev7e.pef.czu.cz\/zs2223\/wp-json\/wp\/v2\/product_cat?post=5362"},{"taxonomy":"product_tag","embeddable":true,"href":"https:\/\/etev7e.pef.czu.cz\/zs2223\/wp-json\/wp\/v2\/product_tag?post=5362"}],"curies":[{"name":"wp","href":"https:\/\/api.w.org\/{rel}","templated":true}]}}