{"id":5374,"date":"2024-11-06T16:44:10","date_gmt":"2024-11-06T15:44:10","guid":{"rendered":"https:\/\/etev7e.pef.czu.cz\/zs2223\/?post_type=product&#038;p=5374"},"modified":"2024-11-06T16:44:10","modified_gmt":"2024-11-06T15:44:10","slug":"lash-sensational-sky-high","status":"publish","type":"product","link":"https:\/\/etev7e.pef.czu.cz\/zs2223\/produkt\/lash-sensational-sky-high\/","title":{"rendered":"Lash Sensational Sky High"},"content":{"rendered":"<p>Maybelline Lash Sensational Sky High je \u0159asenka, kter\u00e1 prodlu\u017euje a dod\u00e1v\u00e1 neuv\u011b\u0159iteln\u00fd objem \u0159as. \u00dazk\u00fd a flexibiln\u00ed kart\u00e1\u010dek Flex Tower zachyt\u00ed \u0159asy od ko\u0159\u00ednk\u016f a vytvo\u0159\u00ed maxim\u00e1ln\u00ed prodlou\u017een\u00ed a odd\u011bl\u00ed od sebe \u0159asy. M\u00e1 lehkou texturu a dlouhotrvaj\u00edc\u00ed v\u00fdsledek beze \u0161mouh. Lze ji odstranit jen s pomoc\u00ed vody. Je vhodn\u00e1 i pro citliv\u00e9 o\u010di a nositelky kontaktn\u00edch \u010do\u010dek.<\/p>\n","protected":false},"excerpt":{"rendered":"<p>\u0158asenka, kter\u00e1 prodlu\u017euje a dod\u00e1v\u00e1 neuv\u011b\u0159iteln\u00fd objem \u0159as.<\/p>\n","protected":false},"featured_media":5379,"comment_status":"open","ping_status":"closed","template":"","meta":[],"product_brand":[],"product_cat":[1518],"product_tag":[1523,943,1522],"class_list":{"0":"post-5374","1":"product","2":"type-product","3":"status-publish","4":"has-post-thumbnail","6":"product_cat-rasenky","7":"product_tag-dekorativni-kosmetika","8":"product_tag-kosmetika","9":"product_tag-rasenky","11":"first","12":"instock","13":"sale","14":"taxable","15":"shipping-taxable","16":"purchasable","17":"product-type-simple"},"jetpack_sharing_enabled":true,"_links":{"self":[{"href":"https:\/\/etev7e.pef.czu.cz\/zs2223\/wp-json\/wp\/v2\/product\/5374","targetHints":{"allow":["GET"]}}],"collection":[{"href":"https:\/\/etev7e.pef.czu.cz\/zs2223\/wp-json\/wp\/v2\/product"}],"about":[{"href":"https:\/\/etev7e.pef.czu.cz\/zs2223\/wp-json\/wp\/v2\/types\/product"}],"replies":[{"embeddable":true,"href":"https:\/\/etev7e.pef.czu.cz\/zs2223\/wp-json\/wp\/v2\/comments?post=5374"}],"wp:featuredmedia":[{"embeddable":true,"href":"https:\/\/etev7e.pef.czu.cz\/zs2223\/wp-json\/wp\/v2\/media\/5379"}],"wp:attachment":[{"href":"https:\/\/etev7e.pef.czu.cz\/zs2223\/wp-json\/wp\/v2\/media?parent=5374"}],"wp:term":[{"taxonomy":"product_brand","embeddable":true,"href":"https:\/\/etev7e.pef.czu.cz\/zs2223\/wp-json\/wp\/v2\/product_brand?post=5374"},{"taxonomy":"product_cat","embeddable":true,"href":"https:\/\/etev7e.pef.czu.cz\/zs2223\/wp-json\/wp\/v2\/product_cat?post=5374"},{"taxonomy":"product_tag","embeddable":true,"href":"https:\/\/etev7e.pef.czu.cz\/zs2223\/wp-json\/wp\/v2\/product_tag?post=5374"}],"curies":[{"name":"wp","href":"https:\/\/api.w.org\/{rel}","templated":true}]}}