{"id":5385,"date":"2024-11-06T16:45:23","date_gmt":"2024-11-06T15:45:23","guid":{"rendered":"https:\/\/etev7e.pef.czu.cz\/zs2223\/?post_type=product&#038;p=5385"},"modified":"2024-11-06T16:45:23","modified_gmt":"2024-11-06T15:45:23","slug":"lash-princess-curl-volume","status":"publish","type":"product","link":"https:\/\/etev7e.pef.czu.cz\/zs2223\/produkt\/lash-princess-curl-volume\/","title":{"rendered":"Lash PRINCESS Curl &amp; Volume"},"content":{"rendered":"<p>\u0158asenka Lash Princess curl &amp; volume poskytne dokonal\u00e9 nato\u010den\u00ed \u0159as s ohromuj\u00edc\u00edm objemem. Kart\u00e1\u010dek specifick\u00e9ho tvaru, kter\u00fd je \u0161ir\u0161\u00ed uprost\u0159ed a u\u017e\u0161\u00ed na konci, zv\u00fdrazn\u00ed \u0159asy i ve vnit\u0159n\u00edm a vn\u011bj\u0161\u00edm koutku oka. Slo\u017een\u00ed \u0159asenky od zna\u010dky Essence cosmetics obohacen\u00e9 o rostlinn\u00e9 oleje obal\u00ed \u0159asy \u010dernou barvou a zajist\u00ed jim d\u00e1vku hydratace.<\/p>\n","protected":false},"excerpt":{"rendered":"<p>\u0158asenka poskytne dokonal\u00e9 nato\u010den\u00ed \u0159as s ohromuj\u00edc\u00edm objemem.<\/p>\n","protected":false},"featured_media":5393,"comment_status":"open","ping_status":"closed","template":"","meta":[],"product_brand":[],"product_cat":[1518],"product_tag":[1523,943,1522],"class_list":{"0":"post-5385","1":"product","2":"type-product","3":"status-publish","4":"has-post-thumbnail","6":"product_cat-rasenky","7":"product_tag-dekorativni-kosmetika","8":"product_tag-kosmetika","9":"product_tag-rasenky","11":"first","12":"instock","13":"sale","14":"taxable","15":"shipping-taxable","16":"purchasable","17":"product-type-simple"},"jetpack_sharing_enabled":true,"_links":{"self":[{"href":"https:\/\/etev7e.pef.czu.cz\/zs2223\/wp-json\/wp\/v2\/product\/5385","targetHints":{"allow":["GET"]}}],"collection":[{"href":"https:\/\/etev7e.pef.czu.cz\/zs2223\/wp-json\/wp\/v2\/product"}],"about":[{"href":"https:\/\/etev7e.pef.czu.cz\/zs2223\/wp-json\/wp\/v2\/types\/product"}],"replies":[{"embeddable":true,"href":"https:\/\/etev7e.pef.czu.cz\/zs2223\/wp-json\/wp\/v2\/comments?post=5385"}],"wp:featuredmedia":[{"embeddable":true,"href":"https:\/\/etev7e.pef.czu.cz\/zs2223\/wp-json\/wp\/v2\/media\/5393"}],"wp:attachment":[{"href":"https:\/\/etev7e.pef.czu.cz\/zs2223\/wp-json\/wp\/v2\/media?parent=5385"}],"wp:term":[{"taxonomy":"product_brand","embeddable":true,"href":"https:\/\/etev7e.pef.czu.cz\/zs2223\/wp-json\/wp\/v2\/product_brand?post=5385"},{"taxonomy":"product_cat","embeddable":true,"href":"https:\/\/etev7e.pef.czu.cz\/zs2223\/wp-json\/wp\/v2\/product_cat?post=5385"},{"taxonomy":"product_tag","embeddable":true,"href":"https:\/\/etev7e.pef.czu.cz\/zs2223\/wp-json\/wp\/v2\/product_tag?post=5385"}],"curies":[{"name":"wp","href":"https:\/\/api.w.org\/{rel}","templated":true}]}}