{"id":5394,"date":"2024-11-06T16:45:14","date_gmt":"2024-11-06T15:45:14","guid":{"rendered":"https:\/\/etev7e.pef.czu.cz\/zs2223\/?post_type=product&#038;p=5394"},"modified":"2024-11-06T16:45:14","modified_gmt":"2024-11-06T15:45:14","slug":"glam-doll-volume-mascara","status":"publish","type":"product","link":"https:\/\/etev7e.pef.czu.cz\/zs2223\/produkt\/glam-doll-volume-mascara\/","title":{"rendered":"Glam &amp; Doll Volume Mascara"},"content":{"rendered":"<p>Vod\u011bodoln\u00e1 \u0159asenka Catrice Glam &amp; Doll Volume Mascara zaji\u0161\u0165uje dokonale dlouh\u00e9 \u0159asy. M\u00e1 speci\u00e1ln\u00ed elastomerov\u00fd kart\u00e1\u010dek, kter\u00fd obal\u00ed \u0159asy \u010dernou barvou, prodlou\u017e\u00ed je, odd\u011bl\u00ed je a dod\u00e1 jim maxim\u00e1ln\u00ed objem. \u0158asenka na \u0159as\u00e1ch p\u0159e\u017eije kapky vody i pot.<\/p>\n","protected":false},"excerpt":{"rendered":"<p>Vod\u011bodoln\u00e1 \u0159asenka zaji\u0161\u0165uje dokonale dlouh\u00e9 \u0159asy.<\/p>\n","protected":false},"featured_media":5390,"comment_status":"open","ping_status":"closed","template":"","meta":[],"product_brand":[],"product_cat":[1518],"product_tag":[1523,943,1522],"class_list":{"0":"post-5394","1":"product","2":"type-product","3":"status-publish","4":"has-post-thumbnail","6":"product_cat-rasenky","7":"product_tag-dekorativni-kosmetika","8":"product_tag-kosmetika","9":"product_tag-rasenky","11":"first","12":"instock","13":"sale","14":"taxable","15":"shipping-taxable","16":"purchasable","17":"product-type-simple"},"jetpack_sharing_enabled":true,"_links":{"self":[{"href":"https:\/\/etev7e.pef.czu.cz\/zs2223\/wp-json\/wp\/v2\/product\/5394","targetHints":{"allow":["GET"]}}],"collection":[{"href":"https:\/\/etev7e.pef.czu.cz\/zs2223\/wp-json\/wp\/v2\/product"}],"about":[{"href":"https:\/\/etev7e.pef.czu.cz\/zs2223\/wp-json\/wp\/v2\/types\/product"}],"replies":[{"embeddable":true,"href":"https:\/\/etev7e.pef.czu.cz\/zs2223\/wp-json\/wp\/v2\/comments?post=5394"}],"wp:featuredmedia":[{"embeddable":true,"href":"https:\/\/etev7e.pef.czu.cz\/zs2223\/wp-json\/wp\/v2\/media\/5390"}],"wp:attachment":[{"href":"https:\/\/etev7e.pef.czu.cz\/zs2223\/wp-json\/wp\/v2\/media?parent=5394"}],"wp:term":[{"taxonomy":"product_brand","embeddable":true,"href":"https:\/\/etev7e.pef.czu.cz\/zs2223\/wp-json\/wp\/v2\/product_brand?post=5394"},{"taxonomy":"product_cat","embeddable":true,"href":"https:\/\/etev7e.pef.czu.cz\/zs2223\/wp-json\/wp\/v2\/product_cat?post=5394"},{"taxonomy":"product_tag","embeddable":true,"href":"https:\/\/etev7e.pef.czu.cz\/zs2223\/wp-json\/wp\/v2\/product_tag?post=5394"}],"curies":[{"name":"wp","href":"https:\/\/api.w.org\/{rel}","templated":true}]}}