{"id":5397,"date":"2024-11-06T16:44:31","date_gmt":"2024-11-06T15:44:31","guid":{"rendered":"https:\/\/etev7e.pef.czu.cz\/zs2223\/?post_type=product&#038;p=5397"},"modified":"2024-11-06T16:44:31","modified_gmt":"2024-11-06T15:44:31","slug":"the-colossal-smoky-eyes","status":"publish","type":"product","link":"https:\/\/etev7e.pef.czu.cz\/zs2223\/produkt\/the-colossal-smoky-eyes\/","title":{"rendered":"The Colossal Smoky Eyes"},"content":{"rendered":"<p>The Colossal Smoky Eyes zv\u00fdraz\u0148uje \u0159asy a dod\u00e1 nep\u0159ehl\u00e9dnuteln\u00fd objem. Tato \u0159asenka obaluje \u0159asy syt\u011b \u010dernou barvou, prodlu\u017euje je a precizn\u011b odd\u011bluje jednotliv\u00e9 \u0159asy. Nerozmaz\u00e1v\u00e1 se, neslepuje, nevytv\u00e1\u0159\u00ed \u017emolky a skv\u011ble se hod\u00ed ke kou\u0159ov\u00e9mu l\u00ed\u010den\u00ed o\u010d\u00ed.<\/p>\n","protected":false},"excerpt":{"rendered":"<p>\u0158asenka zv\u00fdraz\u0148uje \u0159asy a dod\u00e1 nep\u0159ehl\u00e9dnuteln\u00fd objem.<\/p>\n","protected":false},"featured_media":5378,"comment_status":"open","ping_status":"closed","template":"","meta":[],"product_brand":[],"product_cat":[1518],"product_tag":[1523,943,1522],"class_list":{"0":"post-5397","1":"product","2":"type-product","3":"status-publish","4":"has-post-thumbnail","6":"product_cat-rasenky","7":"product_tag-dekorativni-kosmetika","8":"product_tag-kosmetika","9":"product_tag-rasenky","11":"first","12":"instock","13":"sale","14":"taxable","15":"shipping-taxable","16":"purchasable","17":"product-type-simple"},"jetpack_sharing_enabled":true,"_links":{"self":[{"href":"https:\/\/etev7e.pef.czu.cz\/zs2223\/wp-json\/wp\/v2\/product\/5397","targetHints":{"allow":["GET"]}}],"collection":[{"href":"https:\/\/etev7e.pef.czu.cz\/zs2223\/wp-json\/wp\/v2\/product"}],"about":[{"href":"https:\/\/etev7e.pef.czu.cz\/zs2223\/wp-json\/wp\/v2\/types\/product"}],"replies":[{"embeddable":true,"href":"https:\/\/etev7e.pef.czu.cz\/zs2223\/wp-json\/wp\/v2\/comments?post=5397"}],"wp:featuredmedia":[{"embeddable":true,"href":"https:\/\/etev7e.pef.czu.cz\/zs2223\/wp-json\/wp\/v2\/media\/5378"}],"wp:attachment":[{"href":"https:\/\/etev7e.pef.czu.cz\/zs2223\/wp-json\/wp\/v2\/media?parent=5397"}],"wp:term":[{"taxonomy":"product_brand","embeddable":true,"href":"https:\/\/etev7e.pef.czu.cz\/zs2223\/wp-json\/wp\/v2\/product_brand?post=5397"},{"taxonomy":"product_cat","embeddable":true,"href":"https:\/\/etev7e.pef.czu.cz\/zs2223\/wp-json\/wp\/v2\/product_cat?post=5397"},{"taxonomy":"product_tag","embeddable":true,"href":"https:\/\/etev7e.pef.czu.cz\/zs2223\/wp-json\/wp\/v2\/product_tag?post=5397"}],"curies":[{"name":"wp","href":"https:\/\/api.w.org\/{rel}","templated":true}]}}