{"id":5398,"date":"2024-11-06T16:44:52","date_gmt":"2024-11-06T15:44:52","guid":{"rendered":"https:\/\/etev7e.pef.czu.cz\/zs2223\/?post_type=product&#038;p=5398"},"modified":"2024-11-06T16:44:52","modified_gmt":"2024-11-06T15:44:52","slug":"panorama","status":"publish","type":"product","link":"https:\/\/etev7e.pef.czu.cz\/zs2223\/produkt\/panorama\/","title":{"rendered":"Panorama"},"content":{"rendered":"<p>\u0158asenka L\u2019or\u00e9al Paris Panorama vytvo\u0159\u00ed v\u011bj\u00ed\u0159ovit\u00fd efekt. \u0158asy z\u00edskaj\u00ed dokonal\u00fd objem, a to od vnit\u0159n\u00edho koutku a\u017e po vn\u011bj\u0161\u00ed okraj. V\u00edce\u00farov\u0148ov\u00fd kart\u00e1\u010dek zv\u00fdrazn\u00ed ka\u017edou \u0159asu. Opticky otev\u0159ou o\u010di a p\u0159idaj\u00ed intenzitu na pohledu. Zachov\u00e1v\u00e1 \u0159asy pru\u017en\u00e9, bez n\u00e1znaku \u017emolk\u016f a slepov\u00e1n\u00ed. Vhodn\u00e9 pro v\u0161echny typy \u0159as i pro nositelky kontaktn\u00ed \u010do\u010dek.<\/p>\n","protected":false},"excerpt":{"rendered":"<p>\u0158asenka vytvo\u0159\u00ed v\u011bj\u00ed\u0159ovit\u00fd efekt.<\/p>\n","protected":false},"featured_media":5391,"comment_status":"open","ping_status":"closed","template":"","meta":[],"product_brand":[],"product_cat":[1518],"product_tag":[1523,943,1522],"class_list":{"0":"post-5398","1":"product","2":"type-product","3":"status-publish","4":"has-post-thumbnail","6":"product_cat-rasenky","7":"product_tag-dekorativni-kosmetika","8":"product_tag-kosmetika","9":"product_tag-rasenky","11":"first","12":"instock","13":"sale","14":"taxable","15":"shipping-taxable","16":"purchasable","17":"product-type-simple"},"jetpack_sharing_enabled":true,"_links":{"self":[{"href":"https:\/\/etev7e.pef.czu.cz\/zs2223\/wp-json\/wp\/v2\/product\/5398","targetHints":{"allow":["GET"]}}],"collection":[{"href":"https:\/\/etev7e.pef.czu.cz\/zs2223\/wp-json\/wp\/v2\/product"}],"about":[{"href":"https:\/\/etev7e.pef.czu.cz\/zs2223\/wp-json\/wp\/v2\/types\/product"}],"replies":[{"embeddable":true,"href":"https:\/\/etev7e.pef.czu.cz\/zs2223\/wp-json\/wp\/v2\/comments?post=5398"}],"wp:featuredmedia":[{"embeddable":true,"href":"https:\/\/etev7e.pef.czu.cz\/zs2223\/wp-json\/wp\/v2\/media\/5391"}],"wp:attachment":[{"href":"https:\/\/etev7e.pef.czu.cz\/zs2223\/wp-json\/wp\/v2\/media?parent=5398"}],"wp:term":[{"taxonomy":"product_brand","embeddable":true,"href":"https:\/\/etev7e.pef.czu.cz\/zs2223\/wp-json\/wp\/v2\/product_brand?post=5398"},{"taxonomy":"product_cat","embeddable":true,"href":"https:\/\/etev7e.pef.czu.cz\/zs2223\/wp-json\/wp\/v2\/product_cat?post=5398"},{"taxonomy":"product_tag","embeddable":true,"href":"https:\/\/etev7e.pef.czu.cz\/zs2223\/wp-json\/wp\/v2\/product_tag?post=5398"}],"curies":[{"name":"wp","href":"https:\/\/api.w.org\/{rel}","templated":true}]}}