{"id":5420,"date":"2024-11-06T19:26:05","date_gmt":"2024-11-06T18:26:05","guid":{"rendered":"https:\/\/etev7e.pef.czu.cz\/zs2223\/?post_type=product&#038;p=5420"},"modified":"2024-11-28T20:31:51","modified_gmt":"2024-11-28T19:31:51","slug":"vypravy-do-divociny-david-attenborough","status":"publish","type":"product","link":"https:\/\/etev7e.pef.czu.cz\/zs2223\/produkt\/vypravy-do-divociny-david-attenborough\/","title":{"rendered":"V\u00fdpravy do divo\u010diny &#8211; David Attenborough"},"content":{"rendered":"<p>\u017dij\u00edc\u00ed legenda a pr\u016fvodce s\u00e9ri\u00ed Z\u00e1zra\u010dn\u00e1 planeta z produkce BBC, sir David Attenborough, vypr\u00e1v\u00ed p\u0159\u00edb\u011bh za\u010d\u00e1tku sv\u00e9 kari\u00e9ry p\u0159\u00edrodov\u011bdce, dokumentaristy a populariz\u00e1tora. V roce 1954 se mlad\u00e9mu Davidu Attenboroughovi naskytla \u017eivotn\u00ed p\u0159\u00edle\u017eitost cestovat po sv\u011bt\u011b, hledat vz\u00e1cn\u00e1, st\u011b\u017e\u00ed polapiteln\u00e1 zv\u00ed\u0159ata pro Lond\u00fdnskou zoologickou zahradu a z\u00e1rove\u0148 celou expedici zachytit pro po\u0159ad BBC V\u00fdpravy za zv\u00ed\u0159aty. V\u00fdpravy do divo\u010diny jsou p\u0159\u00edb\u011bhem t\u011bchto cest. Aby mohl Attenborough a jeho t\u00fdm p\u0159edstavit neuv\u011b\u0159itelnou kr\u00e1su a biodiverzitu na\u0161\u00ed planety, museli se p\u0159i pobytu u domorodc\u016f a v\u00fdprav\u00e1ch za mravene\u010dn\u00edky velik\u00fdmi v Guyan\u011b, varany komodsk\u00fdmi v Indon\u00e9sii a p\u00e1sovci v Paraguayi vypo\u0159\u00e1dat nejen s agresivn\u00edmi dikobrazy, divok\u00fdmi prasaty a drav\u00fdmi rybami, ale i se zr\u00e1dn\u00fdm ter\u00e9nem a nevypo\u010ditateln\u00fdm po\u010das\u00edm. Attenborough p\u00ed\u0161e s typick\u00fdm humorem a \u0161armem.<br \/>\nV\u00fdpravy do divo\u010diny ale nejsou jen p\u0159\u00edb\u011bhem fascinuj\u00edc\u00edho dobrodru\u017estv\u00ed, jsou tak\u00e9 p\u0159\u00edb\u011bhem mu\u017ee, kter\u00fd n\u00e1s p\u0159im\u011bl zamilovat si divokou p\u0159\u00edrodu a kter\u00fd n\u00e1s dodnes u\u010d\u00ed, jak d\u016fle\u017eit\u00e9 je ji chr\u00e1nit.<\/p>\n","protected":false},"excerpt":{"rendered":"<p>V\u00fdpravy do divo\u010diny od sira Davida Attenborougha vypr\u00e1v\u00ed p\u0159\u00edb\u011bh jeho ran\u00e9 kari\u00e9ry p\u0159\u00edrodov\u011bdce a dokumentaristy. V roce 1954 m\u011bl mlad\u00fd Attenborough mo\u017enost cestovat po sv\u011bt\u011b, hledat vz\u00e1cn\u00e1 zv\u00ed\u0159ata pro Lond\u00fdnskou zoologickou zahradu a dokumentovat expedice pro BBC. Kniha popisuje jeho dobrodru\u017estv\u00ed v r\u016fzn\u00fdch koutech sv\u011bta, kde se musel vypo\u0159\u00e1dat s divokou p\u0159\u00edrodou, nep\u0159edv\u00eddateln\u00fdm po\u010das\u00edm a kulturn\u00edmi rozd\u00edly. S typick\u00fdm humorem a \u0161armem Attenborough p\u0159ibli\u017euje nejen kr\u00e1su a biodiverzitu na\u0161\u00ed planety, ale i v\u00fdznam ochrany p\u0159\u00edrody, kter\u00fd n\u00e1s dodnes inspiruje.<\/p>\n","protected":false},"featured_media":5421,"comment_status":"open","ping_status":"closed","template":"","meta":[],"product_brand":[],"product_cat":[1827],"product_tag":[1565,1561,1560,1564,1562,1563,1253],"class_list":{"0":"post-5420","1":"product","2":"type-product","3":"status-publish","4":"has-post-thumbnail","6":"product_cat-knihy-2024","7":"product_tag-attenborough","8":"product_tag-biologie","9":"product_tag-legenda","10":"product_tag-londyn","11":"product_tag-memoar","12":"product_tag-popularni-veda","13":"product_tag-priroda","15":"first","16":"instock","17":"sale","18":"taxable","19":"shipping-taxable","20":"purchasable","21":"product-type-simple"},"jetpack_sharing_enabled":true,"_links":{"self":[{"href":"https:\/\/etev7e.pef.czu.cz\/zs2223\/wp-json\/wp\/v2\/product\/5420","targetHints":{"allow":["GET"]}}],"collection":[{"href":"https:\/\/etev7e.pef.czu.cz\/zs2223\/wp-json\/wp\/v2\/product"}],"about":[{"href":"https:\/\/etev7e.pef.czu.cz\/zs2223\/wp-json\/wp\/v2\/types\/product"}],"replies":[{"embeddable":true,"href":"https:\/\/etev7e.pef.czu.cz\/zs2223\/wp-json\/wp\/v2\/comments?post=5420"}],"wp:featuredmedia":[{"embeddable":true,"href":"https:\/\/etev7e.pef.czu.cz\/zs2223\/wp-json\/wp\/v2\/media\/5421"}],"wp:attachment":[{"href":"https:\/\/etev7e.pef.czu.cz\/zs2223\/wp-json\/wp\/v2\/media?parent=5420"}],"wp:term":[{"taxonomy":"product_brand","embeddable":true,"href":"https:\/\/etev7e.pef.czu.cz\/zs2223\/wp-json\/wp\/v2\/product_brand?post=5420"},{"taxonomy":"product_cat","embeddable":true,"href":"https:\/\/etev7e.pef.czu.cz\/zs2223\/wp-json\/wp\/v2\/product_cat?post=5420"},{"taxonomy":"product_tag","embeddable":true,"href":"https:\/\/etev7e.pef.czu.cz\/zs2223\/wp-json\/wp\/v2\/product_tag?post=5420"}],"curies":[{"name":"wp","href":"https:\/\/api.w.org\/{rel}","templated":true}]}}