{"id":5424,"date":"2024-11-06T19:36:54","date_gmt":"2024-11-06T18:36:54","guid":{"rendered":"https:\/\/etev7e.pef.czu.cz\/zs2223\/?post_type=product&#038;p=5424"},"modified":"2024-11-28T20:31:29","modified_gmt":"2024-11-28T19:31:29","slug":"rychle-sipy-jaroslav-foglar","status":"publish","type":"product","link":"https:\/\/etev7e.pef.czu.cz\/zs2223\/produkt\/rychle-sipy-jaroslav-foglar\/","title":{"rendered":"Rychl\u00e9 \u0161\u00edpy &#8211; Jaroslav Foglar"},"content":{"rendered":"<p>Romantick\u00e1 dobrodru\u017estv\u00ed a vesel\u00e9 p\u0159\u00edhody, kter\u00e9 cht\u011bj\u00ed pro\u017e\u00edvat snad v\u0161echny d\u011bti. Rychl\u00e9 \u0161\u00edpy v\u00e1s pobav\u00ed i pou\u010d\u00ed. Ani\u017e si to v prv\u00e9 chv\u00edli uv\u011bdom\u00edte, budete se sna\u017eit je napodobovat, stanou se va\u0161\u00ed u\u010debnic\u00ed kamar\u00e1dstv\u00ed, svornosti, odvahy, pochopen\u00ed druh\u00fdch, um\u011bn\u00ed si za ka\u017ed\u00e9 situace poradit.\u00a0N\u011bkter\u00e9 p\u0159\u00edb\u011bhy se v\u00e1m hloub\u011bji vryj\u00ed do pam\u011bti. \u0158adu let se ke knize m\u016f\u017eete vracet, abyste ji pak uschovali pro sv\u00e9 d\u011bti, tak jako to d\u011bl\u00e1vali va\u0161i otcov\u00e9 a d\u011bdov\u00e9 pro v\u00e1s. M\u016f\u017eete si ji p\u0159ed\u00e1vat z generace na generaci jako poselstv\u00ed n\u00e1dhern\u00e9ho d\u011btstv\u00ed, jako poklad z ryz\u00edho zlata, jako truhlu plnou dobrodru\u017estv\u00ed a u\u0161lechtilosti.\u00a0Komiksov\u00e9 vyd\u00e1n\u00ed.<\/p>\n","protected":false},"excerpt":{"rendered":"<p>Kniha Rychl\u00e9 \u0161\u00edpy vypr\u00e1v\u00ed o dobrodru\u017estv\u00edch a vesel\u00fdch p\u0159\u00edhod\u00e1ch skupiny kamar\u00e1d\u016f, kte\u0159\u00ed inspiruj\u00ed k p\u0159\u00e1telstv\u00ed, odvaze a vz\u00e1jemn\u00e9 pomoci. Je pln\u00e1 hodnot, kter\u00e9 d\u011bti p\u0159irozen\u011b cht\u011bj\u00ed napodobovat, a st\u00e1v\u00e1 se u\u010debnic\u00ed kamar\u00e1dstv\u00ed a mor\u00e1ln\u00edch z\u00e1sad. P\u0159\u00edb\u011bhy v t\u00e9to knize jsou nad\u010dasov\u00e9, p\u0159en\u00e1\u0161en\u00e9 z generace na generaci jako vz\u00e1cn\u00fd poklad, a nab\u00edzej\u00ed z\u00e1bavu i ponau\u010den\u00ed, kter\u00e9 si d\u011bti i dosp\u011bl\u00ed r\u00e1di p\u0159ipom\u00ednaj\u00ed.<\/p>\n","protected":false},"featured_media":5425,"comment_status":"open","ping_status":"closed","template":"","meta":[],"product_brand":[],"product_cat":[1827],"product_tag":[1549,1545,1547,1546,1550,1548],"class_list":{"0":"post-5424","1":"product","2":"type-product","3":"status-publish","4":"has-post-thumbnail","6":"product_cat-knihy-2024","7":"product_tag-ceska-proza","8":"product_tag-darky-pro-vetsi-skolaky","9":"product_tag-detska","10":"product_tag-filmove-predlohy","11":"product_tag-komiks","12":"product_tag-pohadky","14":"first","15":"instock","16":"sale","17":"taxable","18":"shipping-taxable","19":"purchasable","20":"product-type-simple"},"jetpack_sharing_enabled":true,"_links":{"self":[{"href":"https:\/\/etev7e.pef.czu.cz\/zs2223\/wp-json\/wp\/v2\/product\/5424","targetHints":{"allow":["GET"]}}],"collection":[{"href":"https:\/\/etev7e.pef.czu.cz\/zs2223\/wp-json\/wp\/v2\/product"}],"about":[{"href":"https:\/\/etev7e.pef.czu.cz\/zs2223\/wp-json\/wp\/v2\/types\/product"}],"replies":[{"embeddable":true,"href":"https:\/\/etev7e.pef.czu.cz\/zs2223\/wp-json\/wp\/v2\/comments?post=5424"}],"wp:featuredmedia":[{"embeddable":true,"href":"https:\/\/etev7e.pef.czu.cz\/zs2223\/wp-json\/wp\/v2\/media\/5425"}],"wp:attachment":[{"href":"https:\/\/etev7e.pef.czu.cz\/zs2223\/wp-json\/wp\/v2\/media?parent=5424"}],"wp:term":[{"taxonomy":"product_brand","embeddable":true,"href":"https:\/\/etev7e.pef.czu.cz\/zs2223\/wp-json\/wp\/v2\/product_brand?post=5424"},{"taxonomy":"product_cat","embeddable":true,"href":"https:\/\/etev7e.pef.czu.cz\/zs2223\/wp-json\/wp\/v2\/product_cat?post=5424"},{"taxonomy":"product_tag","embeddable":true,"href":"https:\/\/etev7e.pef.czu.cz\/zs2223\/wp-json\/wp\/v2\/product_tag?post=5424"}],"curies":[{"name":"wp","href":"https:\/\/api.w.org\/{rel}","templated":true}]}}