{"id":5429,"date":"2024-11-06T19:49:16","date_gmt":"2024-11-06T18:49:16","guid":{"rendered":"https:\/\/etev7e.pef.czu.cz\/zs2223\/?post_type=product&#038;p=5429"},"modified":"2024-11-28T20:31:12","modified_gmt":"2024-11-28T19:31:12","slug":"vrazdy-s-monogramem-sophie-hannah","status":"publish","type":"product","link":"https:\/\/etev7e.pef.czu.cz\/zs2223\/produkt\/vrazdy-s-monogramem-sophie-hannah\/","title":{"rendered":"Vra\u017edy s monogramem &#8211; Sophie Hannah"},"content":{"rendered":"<p>Vra\u017edy s monogramem odstartovaly v roce 2014 \u2013 se svolen\u00edm d\u011bdic\u016f Agathy Christie \u2013 s\u00e9rii nov\u00fdch p\u0159\u00edpad\u016f Hercula Poirota z pera Sophie Hannah. Zaznamenaly celosv\u011btov\u00fd \u00fasp\u011bch a autorka k nim p\u0159idala dal\u0161\u00ed dva p\u0159\u00edb\u011bhy \u2013 Zav\u0159enou truhlu (2016) a Z\u00e1hadu t\u0159\u00ed \u010dtvrtin (2018).<br \/>\nSpletit\u00e1 detektivka zasazen\u00e1 do Lond\u00fdna 20. let minul\u00e9ho stolet\u00ed za\u010d\u00edn\u00e1 v okam\u017eiku, kdy si slavn\u00fd Belgi\u010dan u\u017e\u00edv\u00e1 v kav\u00e1rn\u011b poklidnou ve\u010de\u0159i. Tu naru\u0161\u00ed p\u0159\u00edchod nerv\u00f3zn\u00ed mlad\u00e9 d\u00e1my, je\u017e se mu sv\u011b\u0159\u00ed, \u017ee je v ohro\u017een\u00ed \u017eivota, a ute\u010de. N\u011bkolik hodin pot\u00e9 se Poirot dozv\u00ed, \u017ee v luxusn\u00edm hotelu do\u0161lo k vra\u017ed\u00e1m t\u0159\u00ed host\u016f \u2013 v \u00fastech ka\u017ed\u00e9ho z nich se na\u0161el man\u017eetov\u00fd knofl\u00ed\u010dek. M\u016f\u017ee m\u00edt jejich smrt souvislost s chov\u00e1n\u00edm vystra\u0161en\u00e9 \u017eeny z kav\u00e1rny? Zat\u00edmco se Poirot pokou\u0161\u00ed propojit bizarn\u00ed kousky \u010f\u00e1belsky chytr\u00e9 zlo\u010dinn\u00e9 skl\u00e1danky, pln\u00e9 fale\u0161n\u00fdch stop a snadno p\u0159ehl\u00e9dnuteln\u00fdch detail\u016f, p\u0159ipravuje se dal\u0161\u00ed hotelov\u00fd pokoj pro \u010dtvrtou ob\u011b\u0165\u2026<\/p>\n","protected":false},"excerpt":{"rendered":"<p>Kniha Vra\u017edy s monogramem od Sophie Hannah p\u0159in\u00e1\u0161\u00ed nov\u00fd p\u0159\u00edpad slavn\u00e9ho detektiva Hercula Poirota, zasazen\u00fd do Lond\u00fdna 20. let. P\u0159\u00edb\u011bh za\u010d\u00edn\u00e1, kdy\u017e nerv\u00f3zn\u00ed \u017eena p\u0159eru\u0161\u00ed Poirotovu ve\u010de\u0159i a sv\u011b\u0159\u00ed mu, \u017ee je v ohro\u017een\u00ed \u017eivota. Kr\u00e1tce pot\u00e9 jsou v luxusn\u00edm hotelu nalezeni mrtv\u00ed t\u0159i host\u00e9, ka\u017ed\u00fd s man\u017eetov\u00fdm knofl\u00ed\u010dkem v \u00fastech. Poirot se sna\u017e\u00ed rozlu\u0161tit slo\u017eitou h\u00e1danku plnou fale\u0161n\u00fdch stop, aby odhalil pravdu a zabr\u00e1nil dal\u0161\u00ed vra\u017ed\u011b. Kniha nab\u00edz\u00ed nap\u00ednavou detektivku s klasick\u00fdm Poirotov\u00fdm \u0161armem a d\u016fmysln\u00fdmi z\u00e1pletkami.<\/p>\n","protected":false},"featured_media":5430,"comment_status":"open","ping_status":"closed","template":"","meta":[],"product_brand":[],"product_cat":[1827],"product_tag":[1569,786,1571,1567,1572,1566,1570,783,1568],"class_list":{"0":"post-5429","1":"product","2":"type-product","3":"status-publish","4":"has-post-thumbnail","6":"product_cat-knihy-2024","7":"product_tag-anglicka-detektivka","8":"product_tag-detektivka","9":"product_tag-falesne-stopy","10":"product_tag-hercula-poirota","11":"product_tag-napeti","12":"product_tag-nove-pripady","13":"product_tag-soukromy-detektiv","14":"product_tag-vrazda","15":"product_tag-vysetrovani","17":"first","18":"instock","19":"sale","20":"taxable","21":"shipping-taxable","22":"purchasable","23":"product-type-simple"},"jetpack_sharing_enabled":true,"_links":{"self":[{"href":"https:\/\/etev7e.pef.czu.cz\/zs2223\/wp-json\/wp\/v2\/product\/5429","targetHints":{"allow":["GET"]}}],"collection":[{"href":"https:\/\/etev7e.pef.czu.cz\/zs2223\/wp-json\/wp\/v2\/product"}],"about":[{"href":"https:\/\/etev7e.pef.czu.cz\/zs2223\/wp-json\/wp\/v2\/types\/product"}],"replies":[{"embeddable":true,"href":"https:\/\/etev7e.pef.czu.cz\/zs2223\/wp-json\/wp\/v2\/comments?post=5429"}],"wp:featuredmedia":[{"embeddable":true,"href":"https:\/\/etev7e.pef.czu.cz\/zs2223\/wp-json\/wp\/v2\/media\/5430"}],"wp:attachment":[{"href":"https:\/\/etev7e.pef.czu.cz\/zs2223\/wp-json\/wp\/v2\/media?parent=5429"}],"wp:term":[{"taxonomy":"product_brand","embeddable":true,"href":"https:\/\/etev7e.pef.czu.cz\/zs2223\/wp-json\/wp\/v2\/product_brand?post=5429"},{"taxonomy":"product_cat","embeddable":true,"href":"https:\/\/etev7e.pef.czu.cz\/zs2223\/wp-json\/wp\/v2\/product_cat?post=5429"},{"taxonomy":"product_tag","embeddable":true,"href":"https:\/\/etev7e.pef.czu.cz\/zs2223\/wp-json\/wp\/v2\/product_tag?post=5429"}],"curies":[{"name":"wp","href":"https:\/\/api.w.org\/{rel}","templated":true}]}}