{"id":5438,"date":"2024-11-06T23:24:44","date_gmt":"2024-11-06T22:24:44","guid":{"rendered":"https:\/\/etev7e.pef.czu.cz\/zs2223\/?post_type=product&#038;p=5438"},"modified":"2024-11-09T01:21:42","modified_gmt":"2024-11-09T00:21:42","slug":"motorovy-olej-5w-40","status":"publish","type":"product","link":"https:\/\/etev7e.pef.czu.cz\/zs2223\/produkt\/motorovy-olej-5w-40\/","title":{"rendered":"Motorov\u00fd olej 5W-40"},"content":{"rendered":"<p><span id=\"yui_3_17_2_1_1730931046923_34\">Syntetick\u00fd motorov\u00fd olej poskytuje <strong>vynikaj\u00edc\u00ed v\u00fdkonnost<\/strong> i p\u0159i extr\u00e9mn\u011b n\u00edzk\u00fdch teplot\u00e1ch. Je vhodn\u00fd pro pou\u017eit\u00ed v benzinov\u00fdch a dieselov\u00fdch motorech osobn\u00edch automobil\u016f, kde v\u00fdrobce doporu\u010duje <strong>olej viskozitn\u00ed t\u0159\u00eddy SAE 5W-40<\/strong> a s<strong>pecifikace ACEA C3, API SN\/CF<\/strong> anebo d\u0159\u00edv\u011bj\u0161\u00ed specifikace.<\/span><\/p>\n","protected":false},"excerpt":{"rendered":"<p><span id=\"yui_3_17_2_1_1730931046923_34\">Syntetick\u00fd motorov\u00fd olej vhodn\u00fd pro benzinov\u00e9 a dieselov\u00e9 motory osobn\u00edch automobil\u016f<br \/>\n<\/span><\/p>\n","protected":false},"featured_media":5439,"comment_status":"open","ping_status":"closed","template":"","meta":[],"product_brand":[],"product_cat":[1573],"product_tag":[1578,1577,872],"class_list":{"0":"post-5438","1":"product","2":"type-product","3":"status-publish","4":"has-post-thumbnail","6":"product_cat-autodily","7":"product_tag-5w-40","8":"product_tag-motorovy-olej","9":"product_tag-olej","11":"first","12":"instock","13":"taxable","14":"shipping-taxable","15":"purchasable","16":"product-type-simple"},"jetpack_sharing_enabled":true,"_links":{"self":[{"href":"https:\/\/etev7e.pef.czu.cz\/zs2223\/wp-json\/wp\/v2\/product\/5438","targetHints":{"allow":["GET"]}}],"collection":[{"href":"https:\/\/etev7e.pef.czu.cz\/zs2223\/wp-json\/wp\/v2\/product"}],"about":[{"href":"https:\/\/etev7e.pef.czu.cz\/zs2223\/wp-json\/wp\/v2\/types\/product"}],"replies":[{"embeddable":true,"href":"https:\/\/etev7e.pef.czu.cz\/zs2223\/wp-json\/wp\/v2\/comments?post=5438"}],"wp:featuredmedia":[{"embeddable":true,"href":"https:\/\/etev7e.pef.czu.cz\/zs2223\/wp-json\/wp\/v2\/media\/5439"}],"wp:attachment":[{"href":"https:\/\/etev7e.pef.czu.cz\/zs2223\/wp-json\/wp\/v2\/media?parent=5438"}],"wp:term":[{"taxonomy":"product_brand","embeddable":true,"href":"https:\/\/etev7e.pef.czu.cz\/zs2223\/wp-json\/wp\/v2\/product_brand?post=5438"},{"taxonomy":"product_cat","embeddable":true,"href":"https:\/\/etev7e.pef.czu.cz\/zs2223\/wp-json\/wp\/v2\/product_cat?post=5438"},{"taxonomy":"product_tag","embeddable":true,"href":"https:\/\/etev7e.pef.czu.cz\/zs2223\/wp-json\/wp\/v2\/product_tag?post=5438"}],"curies":[{"name":"wp","href":"https:\/\/api.w.org\/{rel}","templated":true}]}}