{"id":5443,"date":"2024-11-07T19:46:22","date_gmt":"2024-11-07T18:46:22","guid":{"rendered":"https:\/\/etev7e.pef.czu.cz\/zs2223\/?post_type=product&#038;p=5443"},"modified":"2024-11-07T19:46:23","modified_gmt":"2024-11-07T18:46:23","slug":"airpods-4","status":"publish","type":"product","link":"https:\/\/etev7e.pef.czu.cz\/zs2223\/produkt\/airpods-4\/","title":{"rendered":"AirPods 4"},"content":{"rendered":"<ul>\n<li>Bezdr\u00e1tov\u00e1 sluch\u00e1tka s mikrofonem<\/li>\n<li>Mo\u017enost p\u0159ep\u00edn\u00e1n\u00ed skladeb \u010di p\u0159ij\u00edm\u00e1n\u00ed hovor\u016f<\/li>\n<li>V\u00fddr\u017e baterie a\u017e 30 hodin<\/li>\n<li>\u010cip H2<\/li>\n<\/ul>\n","protected":false},"excerpt":{"rendered":"<p>Bezdr\u00e1tov\u00e1 sluch\u00e1tka s mikrofonem<\/p>\n","protected":false},"featured_media":5445,"comment_status":"open","ping_status":"closed","template":"","meta":[],"product_brand":[],"product_cat":[1445],"product_tag":[96,137,886],"class_list":{"0":"post-5443","1":"product","2":"type-product","3":"status-publish","4":"has-post-thumbnail","6":"product_cat-prislusenstvi-pro-mobilni-telefony","7":"product_tag-apple","8":"product_tag-bezdratova-sluchatka","9":"product_tag-iphone-prislusenstvi","11":"first","12":"instock","13":"sale","14":"taxable","15":"shipping-taxable","16":"purchasable","17":"product-type-simple"},"jetpack_sharing_enabled":true,"_links":{"self":[{"href":"https:\/\/etev7e.pef.czu.cz\/zs2223\/wp-json\/wp\/v2\/product\/5443","targetHints":{"allow":["GET"]}}],"collection":[{"href":"https:\/\/etev7e.pef.czu.cz\/zs2223\/wp-json\/wp\/v2\/product"}],"about":[{"href":"https:\/\/etev7e.pef.czu.cz\/zs2223\/wp-json\/wp\/v2\/types\/product"}],"replies":[{"embeddable":true,"href":"https:\/\/etev7e.pef.czu.cz\/zs2223\/wp-json\/wp\/v2\/comments?post=5443"}],"wp:featuredmedia":[{"embeddable":true,"href":"https:\/\/etev7e.pef.czu.cz\/zs2223\/wp-json\/wp\/v2\/media\/5445"}],"wp:attachment":[{"href":"https:\/\/etev7e.pef.czu.cz\/zs2223\/wp-json\/wp\/v2\/media?parent=5443"}],"wp:term":[{"taxonomy":"product_brand","embeddable":true,"href":"https:\/\/etev7e.pef.czu.cz\/zs2223\/wp-json\/wp\/v2\/product_brand?post=5443"},{"taxonomy":"product_cat","embeddable":true,"href":"https:\/\/etev7e.pef.czu.cz\/zs2223\/wp-json\/wp\/v2\/product_cat?post=5443"},{"taxonomy":"product_tag","embeddable":true,"href":"https:\/\/etev7e.pef.czu.cz\/zs2223\/wp-json\/wp\/v2\/product_tag?post=5443"}],"curies":[{"name":"wp","href":"https:\/\/api.w.org\/{rel}","templated":true}]}}