{"id":5454,"date":"2024-11-08T07:53:43","date_gmt":"2024-11-08T06:53:43","guid":{"rendered":"https:\/\/etev7e.pef.czu.cz\/zs2223\/?post_type=product&#038;p=5454"},"modified":"2024-11-11T10:29:15","modified_gmt":"2024-11-11T09:29:15","slug":"ariel-praci-prasek-color-60-prani-330-kg","status":"publish","type":"product","link":"https:\/\/etev7e.pef.czu.cz\/zs2223\/produkt\/ariel-praci-prasek-color-60-prani-330-kg\/","title":{"rendered":"Ariel prac\u00ed pr\u00e1\u0161ek Color 60 pran\u00ed, 3,30 kg"},"content":{"rendered":"<p><strong>Ariel Color prac\u00ed pr\u00e1\u0161ek<\/strong> je vhodn\u00fd na barevn\u00e9 pr\u00e1dlo, skv\u011ble zachov\u00e1 barvu i tvar pran\u00e9ho pr\u00e1dla. Pronik\u00e1 do hloubky vl\u00e1ken a perfektn\u011b odstra\u0148uje odoln\u00e9 ne\u010distoty. Ariel Color prac\u00ed pr\u00e1\u0161ek s n\u00edzkou p\u011bnivost\u00ed je ur\u010den pro barevn\u00e9 pr\u00e1dlo. D\u00edky speci\u00e1ln\u00ed ochran\u011b udr\u017e\u00ed z\u00e1\u0159iv\u00e9 barvy va\u0161eho oble\u010den\u00ed na dlouhou dobu. V\u0161e zvl\u00e1dne vy\u010distit a z\u00e1rove\u0148 rozz\u00e1\u0159it. Pr\u00e1\u0161ek se rychle rozpou\u0161t\u00ed a nezanech\u00e1v\u00e1 stopy na oble\u010den\u00ed. P\u0159\u00edpravek je \u00fa\u010dinn\u00fd ji\u017e od 30 \u00b0C. Ariel prac\u00ed pr\u00e1\u0161ek nejen odstra\u0148uje odoln\u00e9 skvrny t\u00edm, \u017ee pronik\u00e1 hluboko do vl\u00e1ken, ale tak\u00e9 zabra\u0148uje tomu, aby se skvrny v tkanin\u011b usazovaly. Ariel \u00fa\u010dinn\u011b odstra\u0148uje skvrny ji\u017e p\u0159i prvn\u00edm pran\u00ed, ale p\u0159itom je \u0161etrn\u00fd ke tkanin\u011b.<\/p>\n<p><strong>Vlastnosti Ariel Color prac\u00edho pr\u00e1\u0161ku<\/strong>:<\/p>\n<p>Prac\u00ed pr\u00e1\u0161ek vhodn\u00fd na barevn\u00e9 pr\u00e1dlo.<br \/>\nDod\u00e1 pr\u00e1dlu sv\u011b\u017e\u00ed v\u016fni.<br \/>\nRychle se rozpou\u0161t\u00ed a nezanech\u00e1v\u00e1 zbytky na pr\u00e1dle.<br \/>\nOchr\u00e1n\u00ed tkaniny.<br \/>\nUchov\u00e1v\u00e1 z\u00e1\u0159iv\u00e9 barvy pr\u00e1dla.<br \/>\n\u00da\u010dinn\u00fd ji\u017e od teploty 30 \u00b0C.<\/p>\n<p>Balen\u00ed obsahuje 60 prac\u00edch d\u00e1vek, 3,5 kg<\/p>\n<p><strong>Varov\u00e1n\u00ed:<\/strong><\/p>\n<div>\n<p>Zp\u016fsobuje v\u00e1\u017en\u00e9 podr\u00e1\u017ed\u011bn\u00ed o\u010d\u00ed. Uchov\u00e1vejte mimo dosah d\u011bt\u00ed. P\u0158I ZASA\u017dEN\u00cd O\u010c\u00cd: N\u011bkolik minut opatrn\u011b vyplachujte vodou. Nec\u00edt\u00edte-li se dob\u0159e, volejte TOXIKOLOGICK\u00c9 INFORMA\u010cN\u00cd ST\u0158EDISKO\/l\u00e9ka\u0159e. V\u017edy uchov\u00e1vejte mimo dosah d\u011bt\u00ed.<\/p>\n<\/div>\n","protected":false},"excerpt":{"rendered":"<p><strong>Ariel Color prac\u00ed pr\u00e1\u0161ek<\/strong> je vhodn\u00fd na barevn\u00e9 pr\u00e1dlo, skv\u011ble zachov\u00e1 barvu i tvar pran\u00e9ho pr\u00e1dla. Pronik\u00e1 do hloubky vl\u00e1ken a perfektn\u011b odstra\u0148uje odoln\u00e9 ne\u010distoty.<\/p>\n","protected":false},"featured_media":5466,"comment_status":"open","ping_status":"closed","template":"","meta":[],"product_brand":[],"product_cat":[1580],"product_tag":[],"class_list":{"0":"post-5454","1":"product","2":"type-product","3":"status-publish","4":"has-post-thumbnail","6":"product_cat-praci-prasky-a-gely","8":"first","9":"instock","10":"sale","11":"taxable","12":"shipping-taxable","13":"purchasable","14":"product-type-simple"},"jetpack_sharing_enabled":true,"_links":{"self":[{"href":"https:\/\/etev7e.pef.czu.cz\/zs2223\/wp-json\/wp\/v2\/product\/5454","targetHints":{"allow":["GET"]}}],"collection":[{"href":"https:\/\/etev7e.pef.czu.cz\/zs2223\/wp-json\/wp\/v2\/product"}],"about":[{"href":"https:\/\/etev7e.pef.czu.cz\/zs2223\/wp-json\/wp\/v2\/types\/product"}],"replies":[{"embeddable":true,"href":"https:\/\/etev7e.pef.czu.cz\/zs2223\/wp-json\/wp\/v2\/comments?post=5454"}],"wp:featuredmedia":[{"embeddable":true,"href":"https:\/\/etev7e.pef.czu.cz\/zs2223\/wp-json\/wp\/v2\/media\/5466"}],"wp:attachment":[{"href":"https:\/\/etev7e.pef.czu.cz\/zs2223\/wp-json\/wp\/v2\/media?parent=5454"}],"wp:term":[{"taxonomy":"product_brand","embeddable":true,"href":"https:\/\/etev7e.pef.czu.cz\/zs2223\/wp-json\/wp\/v2\/product_brand?post=5454"},{"taxonomy":"product_cat","embeddable":true,"href":"https:\/\/etev7e.pef.czu.cz\/zs2223\/wp-json\/wp\/v2\/product_cat?post=5454"},{"taxonomy":"product_tag","embeddable":true,"href":"https:\/\/etev7e.pef.czu.cz\/zs2223\/wp-json\/wp\/v2\/product_tag?post=5454"}],"curies":[{"name":"wp","href":"https:\/\/api.w.org\/{rel}","templated":true}]}}