{"id":5460,"date":"2024-11-08T11:12:12","date_gmt":"2024-11-08T10:12:12","guid":{"rendered":"https:\/\/etev7e.pef.czu.cz\/zs2223\/?post_type=product&#038;p=5460"},"modified":"2024-11-08T11:12:12","modified_gmt":"2024-11-08T10:12:12","slug":"kapalina-do-ostrikovacu-zimni","status":"publish","type":"product","link":"https:\/\/etev7e.pef.czu.cz\/zs2223\/produkt\/kapalina-do-ostrikovacu-zimni\/","title":{"rendered":"Kapalina do ost\u0159ikova\u010d\u016f &#8211; zimn\u00ed"},"content":{"rendered":"<p>Zimn\u00ed kapalina do ost\u0159ikova\u010d\u016f do &#8211; 30\u00b0C \u00fa\u010dinn\u011b odstra\u0148uje zimn\u00ed ne\u010distoty ze skel Va\u0161eho vozidla a je\u0161t\u011b ho cel\u00e9 kr\u00e1sn\u011b provon\u00ed!<\/p>\n","protected":false},"excerpt":{"rendered":"<p>Zimn\u00ed kapalina do ost\u0159ikova\u010d\u016f do -30\u00b0C \u010dist\u00ed skla a kr\u00e1sn\u011b von\u00ed.<\/p>\n","protected":false},"featured_media":5461,"comment_status":"open","ping_status":"closed","template":"","meta":[],"product_brand":[],"product_cat":[1573,1581],"product_tag":[],"class_list":{"0":"post-5460","1":"product","2":"type-product","3":"status-publish","4":"has-post-thumbnail","6":"product_cat-autodily","7":"product_cat-vody-do-ostrikovacu","9":"first","10":"instock","11":"taxable","12":"shipping-taxable","13":"purchasable","14":"product-type-simple"},"jetpack_sharing_enabled":true,"_links":{"self":[{"href":"https:\/\/etev7e.pef.czu.cz\/zs2223\/wp-json\/wp\/v2\/product\/5460","targetHints":{"allow":["GET"]}}],"collection":[{"href":"https:\/\/etev7e.pef.czu.cz\/zs2223\/wp-json\/wp\/v2\/product"}],"about":[{"href":"https:\/\/etev7e.pef.czu.cz\/zs2223\/wp-json\/wp\/v2\/types\/product"}],"replies":[{"embeddable":true,"href":"https:\/\/etev7e.pef.czu.cz\/zs2223\/wp-json\/wp\/v2\/comments?post=5460"}],"wp:featuredmedia":[{"embeddable":true,"href":"https:\/\/etev7e.pef.czu.cz\/zs2223\/wp-json\/wp\/v2\/media\/5461"}],"wp:attachment":[{"href":"https:\/\/etev7e.pef.czu.cz\/zs2223\/wp-json\/wp\/v2\/media?parent=5460"}],"wp:term":[{"taxonomy":"product_brand","embeddable":true,"href":"https:\/\/etev7e.pef.czu.cz\/zs2223\/wp-json\/wp\/v2\/product_brand?post=5460"},{"taxonomy":"product_cat","embeddable":true,"href":"https:\/\/etev7e.pef.czu.cz\/zs2223\/wp-json\/wp\/v2\/product_cat?post=5460"},{"taxonomy":"product_tag","embeddable":true,"href":"https:\/\/etev7e.pef.czu.cz\/zs2223\/wp-json\/wp\/v2\/product_tag?post=5460"}],"curies":[{"name":"wp","href":"https:\/\/api.w.org\/{rel}","templated":true}]}}