{"id":5463,"date":"2024-11-08T11:31:02","date_gmt":"2024-11-08T10:31:02","guid":{"rendered":"https:\/\/etev7e.pef.czu.cz\/zs2223\/?post_type=product&#038;p=5463"},"modified":"2024-11-11T10:24:39","modified_gmt":"2024-11-11T09:24:39","slug":"azurit-praci-gel-na-moderni-a-jemne-pradlo-62-prani-2480-ml","status":"publish","type":"product","link":"https:\/\/etev7e.pef.czu.cz\/zs2223\/produkt\/azurit-praci-gel-na-moderni-a-jemne-pradlo-62-prani-2480-ml\/","title":{"rendered":"Azurit prac\u00ed gel na modern\u00ed a jemn\u00e9 pr\u00e1dlo 62 pran\u00ed, 2480 ml"},"content":{"rendered":"<p>Speci\u00e1ln\u00ed <strong>prac\u00ed prost\u0159edek Azurit<\/strong> na modern\u00ed a jemn\u00e9 pr\u00e1dlo s p\u0159\u00edjemnou sv\u011b\u017e\u00ed v\u016fn\u00ed pro dokonalou p\u00e9\u010di o va\u0161e oble\u010den\u00ed. D\u00edky jedine\u010dn\u00e9mu slo\u017een\u00ed chr\u00e1n\u00ed barvy, pe\u010duje o vl\u00e1kna tkanin a pom\u00e1h\u00e1 pr\u00e1dlu zachovat p\u016fvodn\u00ed tvar. Je vhodn\u00fd ke ka\u017edodenn\u00edmu pou\u017eit\u00ed. Speci\u00e1ln\u00ed prac\u00ed prost\u0159edek na barevn\u00e9 pr\u00e1dlo s p\u0159\u00edjemnou sv\u011b\u017e\u00ed v\u016fn\u00ed pro dokonalou p\u00e9\u010di o va\u0161e oble\u010den\u00ed. D\u00edky unik\u00e1tn\u00edmu slo\u017een\u00ed chr\u00e1n\u00ed barvy, pe\u010duje o tkaniny, pom\u00e1h\u00e1 pr\u00e1dlu zachovat p\u016fvodn\u00ed tvar a zabra\u0148uje tak tvorb\u011b \u017emolk\u016f.<\/p>\n<p>&nbsp;<\/p>\n<p><strong>VAROV\u00c1N\u00cd<\/strong><\/p>\n<p>Zp\u016fsobuje v\u00e1\u017en\u00e9 podr\u00e1\u017ed\u011bn\u00ed o\u010d\u00ed. Uchov\u00e1vejte mimo dosah d\u011bt\u00ed. P\u0158I ZASA\u017dEN\u00cd O\u010c\u00cd: N\u011bkolik minut opatrn\u011b vyplachujte vodou. Vyjm\u011bte kontaktn\u00ed \u010do\u010dky, jsou-li nasazeny. Pokra\u010dujte ve vyplachov\u00e1n\u00ed. Je-li nutn\u00e1 l\u00e9ka\u0159sk\u00e1 pomoc, m\u011bjte po ruce obal nebo \u0161t\u00edtek v\u00fdrobku. P\u0159etrv\u00e1v\u00e1-li podr\u00e1\u017ed\u011bn\u00ed o\u010d\u00ed: Vyhledejte l\u00e9ka\u0159skou pomoc\/o\u0161et\u0159en\u00ed.<\/p>\n","protected":false},"excerpt":{"rendered":"<p>Speci\u00e1ln\u00ed<strong> prac\u00ed prost\u0159edek Azurit<\/strong> na modern\u00ed a jemn\u00e9 pr\u00e1dlo s p\u0159\u00edjemnou sv\u011b\u017e\u00ed v\u016fn\u00ed pro dokonalou p\u00e9\u010di o va\u0161e oble\u010den\u00ed.<\/p>\n","protected":false},"featured_media":5465,"comment_status":"open","ping_status":"closed","template":"","meta":[],"product_brand":[],"product_cat":[1580],"product_tag":[],"class_list":{"0":"post-5463","1":"product","2":"type-product","3":"status-publish","4":"has-post-thumbnail","6":"product_cat-praci-prasky-a-gely","8":"first","9":"instock","10":"sale","11":"taxable","12":"shipping-taxable","13":"purchasable","14":"product-type-simple"},"jetpack_sharing_enabled":true,"_links":{"self":[{"href":"https:\/\/etev7e.pef.czu.cz\/zs2223\/wp-json\/wp\/v2\/product\/5463","targetHints":{"allow":["GET"]}}],"collection":[{"href":"https:\/\/etev7e.pef.czu.cz\/zs2223\/wp-json\/wp\/v2\/product"}],"about":[{"href":"https:\/\/etev7e.pef.czu.cz\/zs2223\/wp-json\/wp\/v2\/types\/product"}],"replies":[{"embeddable":true,"href":"https:\/\/etev7e.pef.czu.cz\/zs2223\/wp-json\/wp\/v2\/comments?post=5463"}],"wp:featuredmedia":[{"embeddable":true,"href":"https:\/\/etev7e.pef.czu.cz\/zs2223\/wp-json\/wp\/v2\/media\/5465"}],"wp:attachment":[{"href":"https:\/\/etev7e.pef.czu.cz\/zs2223\/wp-json\/wp\/v2\/media?parent=5463"}],"wp:term":[{"taxonomy":"product_brand","embeddable":true,"href":"https:\/\/etev7e.pef.czu.cz\/zs2223\/wp-json\/wp\/v2\/product_brand?post=5463"},{"taxonomy":"product_cat","embeddable":true,"href":"https:\/\/etev7e.pef.czu.cz\/zs2223\/wp-json\/wp\/v2\/product_cat?post=5463"},{"taxonomy":"product_tag","embeddable":true,"href":"https:\/\/etev7e.pef.czu.cz\/zs2223\/wp-json\/wp\/v2\/product_tag?post=5463"}],"curies":[{"name":"wp","href":"https:\/\/api.w.org\/{rel}","templated":true}]}}