{"id":5468,"date":"2024-11-08T11:44:49","date_gmt":"2024-11-08T10:44:49","guid":{"rendered":"https:\/\/etev7e.pef.czu.cz\/zs2223\/?post_type=product&#038;p=5468"},"modified":"2024-11-11T10:27:56","modified_gmt":"2024-11-11T09:27:56","slug":"real-green-clean-praci-gel-142-prani-5-l","status":"publish","type":"product","link":"https:\/\/etev7e.pef.czu.cz\/zs2223\/produkt\/real-green-clean-praci-gel-142-prani-5-l\/","title":{"rendered":"Real Green Clean prac\u00ed gel, 142 pran\u00ed, 5 l"},"content":{"rendered":"<p>Trendov\u00e1 formulace se slo\u017ekami \u0161etrn\u00fdmi k p\u0159\u00edrod\u011b, ale p\u0159esto s vysokou \u00fa\u010dinnost\u00ed zajist\u00ed, \u017ee pr\u00e1dlo bude dokonale \u010dist\u00e9 i bez z\u00e1t\u011b\u017ee \u017eivotn\u00edho prost\u0159ed\u00ed. Obsahuje kombinaci n\u011bkolika druh\u016f enzym\u016f pro odstran\u011bn\u00ed v\u0161ech typ\u016f skvrn. P\u0159\u00edjemn\u011b provon\u00ed pr\u00e1dlo sv\u011b\u017e\u00ed v\u016fn\u00ed a dod\u00e1 mu i m\u011bkkost a hebkost.<\/p>\n<p><strong>Vlastnosti Real Green Clean gel na pran\u00ed<\/strong>:<\/p>\n<ul id=\"yui_3_17_2_1_1731062298055_34\">\n<li id=\"yui_3_17_2_1_1731062298055_35\">na b\u00edle a barevn\u00e9 pr\u00e1dlo<\/li>\n<li>bez fosf\u00e1t\u016f<\/li>\n<li>bez barviv<\/li>\n<li>bez optick\u00fdch rozjas\u0148ova\u010d\u016f<\/li>\n<li>pro m\u011bkkost a hebkost pr\u00e1dla<\/li>\n<li>\u0161etrn\u00fd k p\u0159\u00edrod\u011b, nezat\u011b\u017euje \u017eivotn\u00ed prost\u0159ed\u00ed<\/li>\n<\/ul>\n<p>Balen\u00ed obsahuje 142 prac\u00edch d\u00e1vek, 5,2 kg.<\/p>\n<p>&nbsp;<\/p>\n<p><strong>Varov\u00e1n\u00ed:<\/strong><\/p>\n<p>Korozivn\u00ed a \u017e\u00edrav\u00e9 l\u00e1tky. Obsah nebezpe\u010dn\u00fdch l\u00e1tek. Sulfonov\u00e9 kyseliny, C14-17-sek.alkan, sodn\u00e9 soli; Alkoholy, C12-14, ethoxylovan\u00e9, s\u00edrany, sodn\u00e9 soli. H315 Dr\u00e1\u017ed\u00ed k\u016f\u017ei. H318 Zp\u016fsobuje v\u00e1\u017en\u00e9 po\u0161kozen\u00ed o\u010d\u00ed. P101 Je-li nutn\u00e1 l\u00e9ka\u0159sk\u00e1 pomoc, m\u011bjte po ruce obal nebo \u0161t\u00edtek v\u00fdrobku. P102 Uchov\u00e1vejte mimo dosah d\u011bt\u00ed. P280 Pou\u017e\u00edvejte ochrann\u00e9 rukavice\/ochrann\u00fd od\u011bv\/ochrann\u00e9 br\u00fdle\/obli\u010dejov\u00fd \u0161t\u00edt. P302+P352 P\u0158I STYKU S K\u016e\u017d\u00cd: Omyjte velk\u00fdm mno\u017estv\u00edm vody a m\u00fddla. P305+P351+P338 P\u0158I ZASA\u017dEN\u00cd O\u010c\u00cd: N\u011bkolik minut opatrn\u011b vyplachujte vodou. Vyjm\u011bte kontaktn\u00ed \u010do\u010dky, jsou-li nasazeny a pokud je lze vyjmout snadno. Pokra\u010dujte ve vyplachov\u00e1n\u00ed. P310 Okam\u017eit\u011b volejte TOXIKOLOGICK\u00c9 INFORMA\u010cN\u00cd ST\u0158EDISKO\/l\u00e9ka\u0159e\/ tel. 224919 293 nebo 224 915 402 (24 hodin denn\u011b). P332+P313 P\u0159i podr\u00e1\u017ed\u011bn\u00ed k\u016f\u017ee: Vyhledejte l\u00e9ka\u0159skou pomoc\/o\u0161et\u0159en\u00ed.<\/p>\n","protected":false},"excerpt":{"rendered":"<p>Trendov\u00e1 formulace se slo\u017ekami \u0161etrn\u00fdmi k p\u0159\u00edrod\u011b, ale p\u0159esto s vysokou \u00fa\u010dinnost\u00ed zajist\u00ed, \u017ee pr\u00e1dlo bude dokonale \u010dist\u00e9 i bez z\u00e1t\u011b\u017ee \u017eivotn\u00edho prost\u0159ed\u00ed.<\/p>\n","protected":false},"featured_media":5469,"comment_status":"open","ping_status":"closed","template":"","meta":[],"product_brand":[],"product_cat":[1173,1580],"product_tag":[],"class_list":{"0":"post-5468","1":"product","2":"type-product","3":"status-publish","4":"has-post-thumbnail","6":"product_cat-kosmetika","7":"product_cat-praci-prasky-a-gely","9":"first","10":"instock","11":"taxable","12":"shipping-taxable","13":"purchasable","14":"product-type-simple"},"jetpack_sharing_enabled":true,"_links":{"self":[{"href":"https:\/\/etev7e.pef.czu.cz\/zs2223\/wp-json\/wp\/v2\/product\/5468","targetHints":{"allow":["GET"]}}],"collection":[{"href":"https:\/\/etev7e.pef.czu.cz\/zs2223\/wp-json\/wp\/v2\/product"}],"about":[{"href":"https:\/\/etev7e.pef.czu.cz\/zs2223\/wp-json\/wp\/v2\/types\/product"}],"replies":[{"embeddable":true,"href":"https:\/\/etev7e.pef.czu.cz\/zs2223\/wp-json\/wp\/v2\/comments?post=5468"}],"wp:featuredmedia":[{"embeddable":true,"href":"https:\/\/etev7e.pef.czu.cz\/zs2223\/wp-json\/wp\/v2\/media\/5469"}],"wp:attachment":[{"href":"https:\/\/etev7e.pef.czu.cz\/zs2223\/wp-json\/wp\/v2\/media?parent=5468"}],"wp:term":[{"taxonomy":"product_brand","embeddable":true,"href":"https:\/\/etev7e.pef.czu.cz\/zs2223\/wp-json\/wp\/v2\/product_brand?post=5468"},{"taxonomy":"product_cat","embeddable":true,"href":"https:\/\/etev7e.pef.czu.cz\/zs2223\/wp-json\/wp\/v2\/product_cat?post=5468"},{"taxonomy":"product_tag","embeddable":true,"href":"https:\/\/etev7e.pef.czu.cz\/zs2223\/wp-json\/wp\/v2\/product_tag?post=5468"}],"curies":[{"name":"wp","href":"https:\/\/api.w.org\/{rel}","templated":true}]}}