{"id":5472,"date":"2024-11-08T11:52:46","date_gmt":"2024-11-08T10:52:46","guid":{"rendered":"https:\/\/etev7e.pef.czu.cz\/zs2223\/?post_type=product&#038;p=5472"},"modified":"2024-11-11T10:27:16","modified_gmt":"2024-11-11T09:27:16","slug":"finish-tablety-do-mycky-all-in-1-max-lemon-94-ks","status":"publish","type":"product","link":"https:\/\/etev7e.pef.czu.cz\/zs2223\/produkt\/finish-tablety-do-mycky-all-in-1-max-lemon-94-ks\/","title":{"rendered":"Finish tablety do my\u010dky All in 1 Max Lemon, 94 ks"},"content":{"rendered":"<p><strong>Finish PowerBall All in 1 Max Lemon<\/strong> si porad\u00ed se v\u0161\u00edm, co mu p\u0159ijde do cesty. Jeho \u00fa\u010dinn\u00e9 slo\u017een\u00ed s PowerBall odstran\u00ed i p\u0159ipe\u010den\u00e9 j\u00eddlo, abyste v\u017edy dos\u00e1hli nejlep\u0161\u00edho v\u00fdsledku napoprv\u00e9. S v\u016fn\u00ed citronu.<\/p>\n<p dir=\"ltr\"><strong>Charakteristika Finish Powerball All in 1 tablety do my\u010dky<\/strong>:<\/p>\n<ul>\n<li>odstran\u011bn\u00ed nejsiln\u011bj\u0161\u00edch ne\u010distot, funkce p\u0159edm\u00e1\u010den\u00ed<\/li>\n<li>odstran\u011bn\u00ed \u010dajov\u00fdch skvrn, funkce soli<\/li>\n<li>funkce le\u0161tidla<\/li>\n<li>ochrana my\u010dky proti vodn\u00edmu kameni<\/li>\n<li>chr\u00e1n\u00ed filtr<\/li>\n<li>s\u00edla odstra\u0148uj\u00edc\u00ed mastnotu<\/li>\n<li>\u00fa\u010dinnost p\u0159i n\u00edzk\u00fdch teplot\u00e1ch<\/li>\n<li>ochrana filtru, ochrana sklenic<\/li>\n<li>v\u016fn\u011b citronu<\/li>\n<\/ul>\n<p>Balen\u00ed obsahuje 94 tablet, 2 kg.<\/p>\n<p>&nbsp;<\/p>\n<p>Pou\u017eit\u00ed:<\/p>\n<p>Pou\u017e\u00edvejte such\u00fdma rukama. Nerozbalujte. Zcela rozpustn\u00e9 ve vod\u011b. Vlo\u017ete jednu tabletu na myc\u00ed cyklus do such\u00e9ho z\u00e1sobn\u00edku. Nevkl\u00e1dejte do ko\u0161\u00edku na p\u0159\u00edbory. Pro lep\u0161\u00ed v\u00fdsledky a minimalizaci spot\u0159eby vody a energie zapn\u011bte program eko\/auto. Pokud se tableta nevejde do z\u00e1sobn\u00edku, pora\u010fte se s v\u00fdrobcem. Pro dosa\u017een\u00ed nejlep\u0161\u00edho v\u00fdsledku myt\u00ed um\u00edst\u011bte tabletu Finish Power All in 1 na dno my\u010dky vedle filtru. Zabudovan\u00e1 funkce soli je \u00fa\u010dinn\u00e1 p\u0159i pou\u017eit\u00ed m\u011bkk\u00e9\/st\u0159edn\u011b tvrd\u00e9 vody do 26\u00b0e (21\u00b0dH). Pokud m\u00e1te tvrd\u0161\u00ed vodu, pro lep\u0161\u00ed v\u00fdsledky pou\u017eijte s\u016fl zna\u010dky Finish. Vhodn\u00e9 pro septiky. Pro dokonal\u00e9 v\u00fdsledky su\u0161en\u00ed pou\u017eijte le\u0161tidlo zna\u010dky Finish. Po pou\u017eit\u00ed d\u016fkladn\u011b zav\u0159ete.<\/p>\n","protected":false},"excerpt":{"rendered":"<p>Finish PowerBall All in 1 Max Lemon si porad\u00ed se v\u0161\u00edm, co mu p\u0159ijde do cesty.<\/p>\n","protected":false},"featured_media":5473,"comment_status":"open","ping_status":"closed","template":"","meta":[],"product_brand":[],"product_cat":[1173,1583],"product_tag":[929,927,1584],"class_list":{"0":"post-5472","1":"product","2":"type-product","3":"status-publish","4":"has-post-thumbnail","6":"product_cat-kosmetika","7":"product_cat-prostredky-na-nadobi","8":"product_tag-mycka","9":"product_tag-nadobi","10":"product_tag-tablety","12":"first","13":"instock","14":"sale","15":"taxable","16":"shipping-taxable","17":"purchasable","18":"product-type-simple"},"jetpack_sharing_enabled":true,"_links":{"self":[{"href":"https:\/\/etev7e.pef.czu.cz\/zs2223\/wp-json\/wp\/v2\/product\/5472","targetHints":{"allow":["GET"]}}],"collection":[{"href":"https:\/\/etev7e.pef.czu.cz\/zs2223\/wp-json\/wp\/v2\/product"}],"about":[{"href":"https:\/\/etev7e.pef.czu.cz\/zs2223\/wp-json\/wp\/v2\/types\/product"}],"replies":[{"embeddable":true,"href":"https:\/\/etev7e.pef.czu.cz\/zs2223\/wp-json\/wp\/v2\/comments?post=5472"}],"wp:featuredmedia":[{"embeddable":true,"href":"https:\/\/etev7e.pef.czu.cz\/zs2223\/wp-json\/wp\/v2\/media\/5473"}],"wp:attachment":[{"href":"https:\/\/etev7e.pef.czu.cz\/zs2223\/wp-json\/wp\/v2\/media?parent=5472"}],"wp:term":[{"taxonomy":"product_brand","embeddable":true,"href":"https:\/\/etev7e.pef.czu.cz\/zs2223\/wp-json\/wp\/v2\/product_brand?post=5472"},{"taxonomy":"product_cat","embeddable":true,"href":"https:\/\/etev7e.pef.czu.cz\/zs2223\/wp-json\/wp\/v2\/product_cat?post=5472"},{"taxonomy":"product_tag","embeddable":true,"href":"https:\/\/etev7e.pef.czu.cz\/zs2223\/wp-json\/wp\/v2\/product_tag?post=5472"}],"curies":[{"name":"wp","href":"https:\/\/api.w.org\/{rel}","templated":true}]}}