{"id":5477,"date":"2024-11-08T11:58:09","date_gmt":"2024-11-08T10:58:09","guid":{"rendered":"https:\/\/etev7e.pef.czu.cz\/zs2223\/?post_type=product&#038;p=5477"},"modified":"2024-11-11T10:25:53","modified_gmt":"2024-11-11T09:25:53","slug":"jar-na-nadobi-citron-450-ml","status":"publish","type":"product","link":"https:\/\/etev7e.pef.czu.cz\/zs2223\/produkt\/jar-na-nadobi-citron-450-ml\/","title":{"rendered":"Jar na n\u00e1dob\u00ed citron, 450 ml"},"content":{"rendered":"<p style=\"text-align: left\"><strong>Jar na n\u00e1dob\u00ed<\/strong> je koncentrovan\u00fd prost\u0159edek na ru\u010dn\u00ed myt\u00ed n\u00e1dob\u00ed s v\u016fn\u00ed citronu. D\u00edky \u00fa\u010dinn\u00e9mu slo\u017een\u00ed sta\u010d\u00ed mal\u00e9 mno\u017estv\u00ed p\u0159\u00edpravku na velk\u00e9 mno\u017estv\u00ed n\u00e1dob\u00ed. M\u00e1 dlouhotrvaj\u00edc\u00ed aktivn\u00ed p\u011bnu. Snadno si porad\u00ed se zne\u010di\u0161t\u011bn\u00fdm a mastnotou.\u00a0Vhodn\u00fd pro ka\u017edodenn\u00ed myt\u00ed n\u00e1dob\u00ed \u2013 skleni\u010dky, porcel\u00e1n, tal\u00ed\u0159e, p\u0159\u00edbory, hrnce, p\u00e1nve a jin\u00e9. M\u00e1 p\u0159\u00edjemnou v\u016fni a je \u0161etrn\u00fd k ruk\u00e1m.\u00a0Od myc\u00edho prost\u0159edku na ru\u010dn\u00ed myt\u00ed n\u00e1dob\u00ed o\u010dek\u00e1v\u00e1me p\u0159edev\u0161\u00edm dokonal\u00e9 odma\u0161\u0165ovac\u00ed \u00fa\u010dinky a ty JAR na n\u00e1dob\u00ed rozhodn\u011b m\u00e1. P\u0159ekvap\u00ed V\u00e1s sv\u00fdm koncentrovan\u00fdm slo\u017een\u00edm, siln\u00fdmi \u010distic\u00edmi \u00fa\u010dinky a p\u0159\u00edjemnou v\u016fn\u00ed dle va\u0161\u00ed vlastn\u00ed volby. Je dostupn\u00fd v r\u016fzn\u00e9m objemu a v cel\u00e9 \u0159ad\u011b v\u016fn\u00ed, jako je nap\u0159. citron, pomeran\u010d, jablko a gran\u00e1tov\u00e9 jablko.<\/p>\n<p><strong>VAROV\u00c1N\u00cd:<\/strong><\/p>\n<p>Zp\u016fsobuje v\u00e1\u017en\u00e9 podr\u00e1\u017ed\u011bn\u00ed o\u010d\u00ed. \u0160kodliv\u00fd pro vodn\u00ed organismy, s dlouhodob\u00fdmi \u00fa\u010dinky. Uchov\u00e1vejte mimo dosah d\u011bt\u00ed. P\u0158I ZASA\u017dEN\u00cd O\u010c\u00cd: N\u011bkolik minut opatrn\u011b vyplachujte vodou. Vyjm\u011bte kontaktn\u00ed \u010do\u010dky, jsou-li nasazeny a pokud je lze vyjmout snadno. Pokra\u010dujte ve vypl achov\u00e1n\u00ed. P\u0159etrv\u00e1v\u00e1-li podr\u00e1\u017ed\u011bn\u00ed o\u010d\u00ed: Vyhledejte l\u00e9ka\u0159skou pomoc\/ o\u0161et\u0159en\u00ed.<\/p>\n","protected":false},"excerpt":{"rendered":"<p>Jar na n\u00e1dob\u00ed je koncentrovan\u00fd prost\u0159edek na ru\u010dn\u00ed myt\u00ed n\u00e1dob\u00ed s v\u016fn\u00ed citronu.<\/p>\n","protected":false},"featured_media":5478,"comment_status":"open","ping_status":"closed","template":"","meta":[],"product_brand":[],"product_cat":[1583],"product_tag":[927,930,796],"class_list":{"0":"post-5477","1":"product","2":"type-product","3":"status-publish","4":"has-post-thumbnail","6":"product_cat-prostredky-na-nadobi","7":"product_tag-nadobi","8":"product_tag-uklid","9":"product_tag-vybaveni-domacnosti","11":"first","12":"instock","13":"taxable","14":"shipping-taxable","15":"purchasable","16":"product-type-simple"},"jetpack_sharing_enabled":true,"_links":{"self":[{"href":"https:\/\/etev7e.pef.czu.cz\/zs2223\/wp-json\/wp\/v2\/product\/5477","targetHints":{"allow":["GET"]}}],"collection":[{"href":"https:\/\/etev7e.pef.czu.cz\/zs2223\/wp-json\/wp\/v2\/product"}],"about":[{"href":"https:\/\/etev7e.pef.czu.cz\/zs2223\/wp-json\/wp\/v2\/types\/product"}],"replies":[{"embeddable":true,"href":"https:\/\/etev7e.pef.czu.cz\/zs2223\/wp-json\/wp\/v2\/comments?post=5477"}],"wp:featuredmedia":[{"embeddable":true,"href":"https:\/\/etev7e.pef.czu.cz\/zs2223\/wp-json\/wp\/v2\/media\/5478"}],"wp:attachment":[{"href":"https:\/\/etev7e.pef.czu.cz\/zs2223\/wp-json\/wp\/v2\/media?parent=5477"}],"wp:term":[{"taxonomy":"product_brand","embeddable":true,"href":"https:\/\/etev7e.pef.czu.cz\/zs2223\/wp-json\/wp\/v2\/product_brand?post=5477"},{"taxonomy":"product_cat","embeddable":true,"href":"https:\/\/etev7e.pef.czu.cz\/zs2223\/wp-json\/wp\/v2\/product_cat?post=5477"},{"taxonomy":"product_tag","embeddable":true,"href":"https:\/\/etev7e.pef.czu.cz\/zs2223\/wp-json\/wp\/v2\/product_tag?post=5477"}],"curies":[{"name":"wp","href":"https:\/\/api.w.org\/{rel}","templated":true}]}}