{"id":5484,"date":"2024-11-08T16:57:48","date_gmt":"2024-11-08T15:57:48","guid":{"rendered":"https:\/\/etev7e.pef.czu.cz\/zs2223\/?post_type=product&#038;p=5484"},"modified":"2024-11-14T09:34:57","modified_gmt":"2024-11-14T08:34:57","slug":"red-bull-energy-drink-classic","status":"publish","type":"product","link":"https:\/\/etev7e.pef.czu.cz\/zs2223\/produkt\/red-bull-energy-drink-classic\/","title":{"rendered":"Red Bull Energy Drink Classic"},"content":{"rendered":"<p>Ikonick\u00fd energetick\u00fd n\u00e1poj, kter\u00fd dod\u00e1v\u00e1 energii a zlep\u0161uje soust\u0159ed\u011bn\u00ed. Vyroben z jedine\u010dn\u00e9 sm\u011bsi kofeinu, taurinu, vitam\u00edn\u016f skupiny B a cukr\u016f, je navr\u017een tak, aby povzbudil t\u011blo i mysl, a\u0165 u\u017e jste v pr\u00e1ci, studujete, nebo se v\u011bnujete sportu.<\/p>\n","protected":false},"excerpt":{"rendered":"<p>Ikonick\u00fd energetick\u00fd n\u00e1poj, kter\u00fd dod\u00e1v\u00e1 energii a zlep\u0161uje soust\u0159ed\u011bn\u00ed. Vyroben z jedine\u010dn\u00e9 sm\u011bsi kofeinu, taurinu, vitam\u00edn\u016f skupiny B a cukr\u016f, je navr\u017een tak, aby povzbudil t\u011blo i mysl, a\u0165 u\u017e jste v pr\u00e1ci, studujete, nebo se v\u011bnujete sportu.<\/p>\n","protected":false},"featured_media":5487,"comment_status":"open","ping_status":"closed","template":"","meta":[],"product_brand":[],"product_cat":[1585],"product_tag":[1780,861,1778,532,817,1781,1777,1779],"class_list":{"0":"post-5484","1":"product","2":"type-product","3":"status-publish","4":"has-post-thumbnail","6":"product_cat-napoje-redbull","7":"product_tag-250-ml","8":"product_tag-dodani-energie","9":"product_tag-kofein","10":"product_tag-napoje","11":"product_tag-nealkoholicke-napoje","12":"product_tag-plechovka","13":"product_tag-red-bull","14":"product_tag-taurin","16":"first","17":"instock","18":"sale","19":"taxable","20":"shipping-taxable","21":"purchasable","22":"product-type-simple"},"jetpack_sharing_enabled":true,"_links":{"self":[{"href":"https:\/\/etev7e.pef.czu.cz\/zs2223\/wp-json\/wp\/v2\/product\/5484","targetHints":{"allow":["GET"]}}],"collection":[{"href":"https:\/\/etev7e.pef.czu.cz\/zs2223\/wp-json\/wp\/v2\/product"}],"about":[{"href":"https:\/\/etev7e.pef.czu.cz\/zs2223\/wp-json\/wp\/v2\/types\/product"}],"replies":[{"embeddable":true,"href":"https:\/\/etev7e.pef.czu.cz\/zs2223\/wp-json\/wp\/v2\/comments?post=5484"}],"wp:featuredmedia":[{"embeddable":true,"href":"https:\/\/etev7e.pef.czu.cz\/zs2223\/wp-json\/wp\/v2\/media\/5487"}],"wp:attachment":[{"href":"https:\/\/etev7e.pef.czu.cz\/zs2223\/wp-json\/wp\/v2\/media?parent=5484"}],"wp:term":[{"taxonomy":"product_brand","embeddable":true,"href":"https:\/\/etev7e.pef.czu.cz\/zs2223\/wp-json\/wp\/v2\/product_brand?post=5484"},{"taxonomy":"product_cat","embeddable":true,"href":"https:\/\/etev7e.pef.czu.cz\/zs2223\/wp-json\/wp\/v2\/product_cat?post=5484"},{"taxonomy":"product_tag","embeddable":true,"href":"https:\/\/etev7e.pef.czu.cz\/zs2223\/wp-json\/wp\/v2\/product_tag?post=5484"}],"curies":[{"name":"wp","href":"https:\/\/api.w.org\/{rel}","templated":true}]}}