{"id":5488,"date":"2024-11-08T17:00:16","date_gmt":"2024-11-08T16:00:16","guid":{"rendered":"https:\/\/etev7e.pef.czu.cz\/zs2223\/?post_type=product&#038;p=5488"},"modified":"2024-11-14T09:35:10","modified_gmt":"2024-11-14T08:35:10","slug":"red-bull-sugarfree","status":"publish","type":"product","link":"https:\/\/etev7e.pef.czu.cz\/zs2223\/produkt\/red-bull-sugarfree\/","title":{"rendered":"Red Bull Sugarfree"},"content":{"rendered":"<p>Legend\u00e1rn\u00ed Red Bull nyn\u00ed i v bezcukrov\u00e9 variant\u011b. Ide\u00e1ln\u00ed spole\u010dn\u00edk pro aktivn\u00ed \u017eivotn\u00ed styl, kter\u00fd nezat\u00ed\u017e\u00ed j\u00eddeln\u00ed\u010dek. Cvi\u010d\u00ed\u0161, chce\u0161 si udr\u017eet \u0161t\u00edhlou linii, ale z\u00e1rove\u0148 pot\u0159ebuje\u0161 energii? Red Bull Sugarfree je pr\u00e1v\u011b pro tebe! Jedine\u010dn\u00e1 kombinace kofeinu, taurinu a vitam\u00edn\u016f ti pom\u016f\u017ee p\u0159ekonat \u00fanavu a zlep\u0161it soust\u0159ed\u011bn\u00ed.<\/p>\n","protected":false},"excerpt":{"rendered":"<p>Legend\u00e1rn\u00ed Red Bull nyn\u00ed i v bezcukrov\u00e9 variant\u011b. Ide\u00e1ln\u00ed spole\u010dn\u00edk pro aktivn\u00ed \u017eivotn\u00ed styl, kter\u00fd nezat\u00ed\u017e\u00ed j\u00eddeln\u00ed\u010dek. Cvi\u010d\u00ed\u0161, chce\u0161 si udr\u017eet \u0161t\u00edhlou linii, ale z\u00e1rove\u0148 pot\u0159ebuje\u0161 energii? Red Bull Sugarfree je pr\u00e1v\u011b pro tebe! Jedine\u010dn\u00e1 kombinace kofeinu, taurinu a vitam\u00edn\u016f ti pom\u016f\u017ee p\u0159ekonat \u00fanavu a zlep\u0161it soust\u0159ed\u011bn\u00ed.<\/p>\n","protected":false},"featured_media":5491,"comment_status":"open","ping_status":"closed","template":"","meta":[],"product_brand":[],"product_cat":[1585],"product_tag":[1780,1782,1028,861,1778,532,817,1781,1783,1784,1777,1779],"class_list":{"0":"post-5488","1":"product","2":"type-product","3":"status-publish","4":"has-post-thumbnail","6":"product_cat-napoje-redbull","7":"product_tag-250-ml","8":"product_tag-355-ml","9":"product_tag-bez-cukru","10":"product_tag-dodani-energie","11":"product_tag-kofein","12":"product_tag-napoje","13":"product_tag-nealkoholicke-napoje","14":"product_tag-plechovka","15":"product_tag-pro-sportovce","16":"product_tag-pro-studenty","17":"product_tag-red-bull","18":"product_tag-taurin","20":"first","21":"instock","22":"sale","23":"taxable","24":"shipping-taxable","25":"purchasable","26":"product-type-simple"},"jetpack_sharing_enabled":true,"_links":{"self":[{"href":"https:\/\/etev7e.pef.czu.cz\/zs2223\/wp-json\/wp\/v2\/product\/5488","targetHints":{"allow":["GET"]}}],"collection":[{"href":"https:\/\/etev7e.pef.czu.cz\/zs2223\/wp-json\/wp\/v2\/product"}],"about":[{"href":"https:\/\/etev7e.pef.czu.cz\/zs2223\/wp-json\/wp\/v2\/types\/product"}],"replies":[{"embeddable":true,"href":"https:\/\/etev7e.pef.czu.cz\/zs2223\/wp-json\/wp\/v2\/comments?post=5488"}],"wp:featuredmedia":[{"embeddable":true,"href":"https:\/\/etev7e.pef.czu.cz\/zs2223\/wp-json\/wp\/v2\/media\/5491"}],"wp:attachment":[{"href":"https:\/\/etev7e.pef.czu.cz\/zs2223\/wp-json\/wp\/v2\/media?parent=5488"}],"wp:term":[{"taxonomy":"product_brand","embeddable":true,"href":"https:\/\/etev7e.pef.czu.cz\/zs2223\/wp-json\/wp\/v2\/product_brand?post=5488"},{"taxonomy":"product_cat","embeddable":true,"href":"https:\/\/etev7e.pef.czu.cz\/zs2223\/wp-json\/wp\/v2\/product_cat?post=5488"},{"taxonomy":"product_tag","embeddable":true,"href":"https:\/\/etev7e.pef.czu.cz\/zs2223\/wp-json\/wp\/v2\/product_tag?post=5488"}],"curies":[{"name":"wp","href":"https:\/\/api.w.org\/{rel}","templated":true}]}}