{"id":5492,"date":"2024-11-08T17:32:51","date_gmt":"2024-11-08T16:32:51","guid":{"rendered":"https:\/\/etev7e.pef.czu.cz\/zs2223\/?post_type=product&#038;p=5492"},"modified":"2024-11-08T17:34:32","modified_gmt":"2024-11-08T16:34:32","slug":"ridex-filtr-motoroveho-oleje-7o0056","status":"publish","type":"product","link":"https:\/\/etev7e.pef.czu.cz\/zs2223\/produkt\/ridex-filtr-motoroveho-oleje-7o0056\/","title":{"rendered":"RIDEX &#8211; filtr motorov\u00e9ho oleje &#8211; 7O0056"},"content":{"rendered":"<p><span id=\"yui_3_17_2_1_1731081318787_37\"><span id=\"yui_3_17_2_1_1731081318787_36\">\u00a0Filtr motorov\u00e9ho oleje s t\u011bsn\u011bn\u00edm<\/span><\/span> a vlo\u017eka filtru pro VW Polo 9n 1.2 60 HP Benz\u00edn BBM nyn\u00ed vy\u010dist\u00ed o 15 % v\u00edce ne\u010distot z motorov\u00e9ho oleje ne\u017e p\u0159edchoz\u00ed generace filtr\u016f.<\/p>\n","protected":false},"excerpt":{"rendered":"<p>Pro spolehliv\u00fd chod motoru je zapot\u0159eb\u00ed tak\u00e9 kvalitn\u00ed olejov\u00fd filtr.\u00a0 Zamez\u00ed zne\u010di\u0161t\u011bn\u00ed motoru prachem, sazemi nebo kovov\u00fdmi \u010d\u00e1sticemi, kter\u00e9 vznikaj\u00ed v procesu pr\u00e1ce motoru. T\u00edm sni\u017euje hlu\u010dnost a prodlu\u017euje \u017eivotnost motoru. Doporu\u010den\u00fd interval v\u00fdm\u011bny olejov\u00e9ho filtru pro va\u0161e auto je ka\u017ed\u00fdch 15.000 km \/ ka\u017ed\u00fdch 12 m\u011bs\u00edc\u016f.<\/p>\n","protected":false},"featured_media":5499,"comment_status":"open","ping_status":"closed","template":"","meta":[],"product_brand":[],"product_cat":[1573],"product_tag":[1406,1591,1589,1590],"class_list":{"0":"post-5492","1":"product","2":"type-product","3":"status-publish","4":"has-post-thumbnail","6":"product_cat-autodily","7":"product_tag-auto-motor","8":"product_tag-filtr","9":"product_tag-filtr-motoroveho-oleje","10":"product_tag-olejovy-filtr","12":"first","13":"instock","14":"taxable","15":"shipping-taxable","16":"purchasable","17":"product-type-simple"},"jetpack_sharing_enabled":true,"_links":{"self":[{"href":"https:\/\/etev7e.pef.czu.cz\/zs2223\/wp-json\/wp\/v2\/product\/5492","targetHints":{"allow":["GET"]}}],"collection":[{"href":"https:\/\/etev7e.pef.czu.cz\/zs2223\/wp-json\/wp\/v2\/product"}],"about":[{"href":"https:\/\/etev7e.pef.czu.cz\/zs2223\/wp-json\/wp\/v2\/types\/product"}],"replies":[{"embeddable":true,"href":"https:\/\/etev7e.pef.czu.cz\/zs2223\/wp-json\/wp\/v2\/comments?post=5492"}],"wp:featuredmedia":[{"embeddable":true,"href":"https:\/\/etev7e.pef.czu.cz\/zs2223\/wp-json\/wp\/v2\/media\/5499"}],"wp:attachment":[{"href":"https:\/\/etev7e.pef.czu.cz\/zs2223\/wp-json\/wp\/v2\/media?parent=5492"}],"wp:term":[{"taxonomy":"product_brand","embeddable":true,"href":"https:\/\/etev7e.pef.czu.cz\/zs2223\/wp-json\/wp\/v2\/product_brand?post=5492"},{"taxonomy":"product_cat","embeddable":true,"href":"https:\/\/etev7e.pef.czu.cz\/zs2223\/wp-json\/wp\/v2\/product_cat?post=5492"},{"taxonomy":"product_tag","embeddable":true,"href":"https:\/\/etev7e.pef.czu.cz\/zs2223\/wp-json\/wp\/v2\/product_tag?post=5492"}],"curies":[{"name":"wp","href":"https:\/\/api.w.org\/{rel}","templated":true}]}}