{"id":5493,"date":"2024-11-08T17:03:08","date_gmt":"2024-11-08T16:03:08","guid":{"rendered":"https:\/\/etev7e.pef.czu.cz\/zs2223\/?post_type=product&#038;p=5493"},"modified":"2024-11-14T09:35:32","modified_gmt":"2024-11-14T08:35:32","slug":"red-bull-tropical-editon","status":"publish","type":"product","link":"https:\/\/etev7e.pef.czu.cz\/zs2223\/produkt\/red-bull-tropical-editon\/","title":{"rendered":"Red Bull Tropical Editon"},"content":{"rendered":"<p><span id=\"yui_3_17_2_1_1731081280509_1513\">Dodej si energii na cel\u00fd den a ochutnej explozi tropick\u00e9ho ovoce! Hork\u00e9 letn\u00ed dny si \u017e\u00e1daj\u00ed osv\u011b\u017een\u00ed? Tropical Edition je ide\u00e1ln\u00ed osv\u011b\u017een\u00ed. P\u0159inese ti nejen po\u0159\u00e1dnou d\u00e1vku energie, ale tak\u00e9 nezapomenuteln\u00fd chu\u0165ov\u00fd z\u00e1\u017eitek. K\u00a0p\u0159ekon\u00e1n\u00ed \u00fanavy ti pom\u016f\u017ee kofein a taurin a vitam\u00edny podpo\u0159\u00ed tv\u016fj organismus.<\/span><\/p>\n","protected":false},"excerpt":{"rendered":"<p><span id=\"yui_3_17_2_1_1731081280509_1513\">Dodej si energii na cel\u00fd den a ochutnej explozi tropick\u00e9ho ovoce! Hork\u00e9 letn\u00ed dny si \u017e\u00e1daj\u00ed osv\u011b\u017een\u00ed? Tropical Edition je ide\u00e1ln\u00ed osv\u011b\u017een\u00ed. P\u0159inese ti nejen po\u0159\u00e1dnou d\u00e1vku energie, ale tak\u00e9 nezapomenuteln\u00fd chu\u0165ov\u00fd z\u00e1\u017eitek. K\u00a0p\u0159ekon\u00e1n\u00ed \u00fanavy ti pom\u016f\u017ee kofein a taurin a vitam\u00edny podpo\u0159\u00ed tv\u016fj organismus.<\/span><\/p>\n","protected":false},"featured_media":5494,"comment_status":"open","ping_status":"closed","template":"","meta":[],"product_brand":[],"product_cat":[1585],"product_tag":[1780,861,1787,1789,1778,1788,532,817,1786,1781,1783,1784,1777,1779,1785],"class_list":{"0":"post-5493","1":"product","2":"type-product","3":"status-publish","4":"has-post-thumbnail","6":"product_cat-napoje-redbull","7":"product_tag-250-ml","8":"product_tag-dodani-energie","9":"product_tag-energeticky","10":"product_tag-exoticky","11":"product_tag-kofein","12":"product_tag-letni","13":"product_tag-napoje","14":"product_tag-nealkoholicke-napoje","15":"product_tag-osvezujici","16":"product_tag-plechovka","17":"product_tag-pro-sportovce","18":"product_tag-pro-studenty","19":"product_tag-red-bull","20":"product_tag-taurin","21":"product_tag-tropical","23":"first","24":"instock","25":"sale","26":"taxable","27":"shipping-taxable","28":"purchasable","29":"product-type-simple"},"jetpack_sharing_enabled":true,"_links":{"self":[{"href":"https:\/\/etev7e.pef.czu.cz\/zs2223\/wp-json\/wp\/v2\/product\/5493","targetHints":{"allow":["GET"]}}],"collection":[{"href":"https:\/\/etev7e.pef.czu.cz\/zs2223\/wp-json\/wp\/v2\/product"}],"about":[{"href":"https:\/\/etev7e.pef.czu.cz\/zs2223\/wp-json\/wp\/v2\/types\/product"}],"replies":[{"embeddable":true,"href":"https:\/\/etev7e.pef.czu.cz\/zs2223\/wp-json\/wp\/v2\/comments?post=5493"}],"wp:featuredmedia":[{"embeddable":true,"href":"https:\/\/etev7e.pef.czu.cz\/zs2223\/wp-json\/wp\/v2\/media\/5494"}],"wp:attachment":[{"href":"https:\/\/etev7e.pef.czu.cz\/zs2223\/wp-json\/wp\/v2\/media?parent=5493"}],"wp:term":[{"taxonomy":"product_brand","embeddable":true,"href":"https:\/\/etev7e.pef.czu.cz\/zs2223\/wp-json\/wp\/v2\/product_brand?post=5493"},{"taxonomy":"product_cat","embeddable":true,"href":"https:\/\/etev7e.pef.czu.cz\/zs2223\/wp-json\/wp\/v2\/product_cat?post=5493"},{"taxonomy":"product_tag","embeddable":true,"href":"https:\/\/etev7e.pef.czu.cz\/zs2223\/wp-json\/wp\/v2\/product_tag?post=5493"}],"curies":[{"name":"wp","href":"https:\/\/api.w.org\/{rel}","templated":true}]}}