{"id":5495,"date":"2024-11-08T17:05:16","date_gmt":"2024-11-08T16:05:16","guid":{"rendered":"https:\/\/etev7e.pef.czu.cz\/zs2223\/?post_type=product&#038;p=5495"},"modified":"2024-11-14T09:34:46","modified_gmt":"2024-11-14T08:34:46","slug":"red-bull-winter-edition-vanilla-iced-berry","status":"publish","type":"product","link":"https:\/\/etev7e.pef.czu.cz\/zs2223\/produkt\/red-bull-winter-edition-vanilla-iced-berry\/","title":{"rendered":"Red Bull Winter Edition (Vanilla &amp; Iced Berry)"},"content":{"rendered":"<p>Probu\u010f svou energii s Red Bull Winter Edition 2024. Neodolateln\u00e1 kombinace chut\u00ed sladk\u00e9 vanilky, bor\u016fvek a osv\u011b\u017euj\u00edc\u00edho eukalyptu t\u011b postav\u00ed na nohy i v chladn\u00fdch dnech. Ide\u00e1ln\u00ed spole\u010dn\u00edk na zimu plnou dobrodru\u017estv\u00ed. Vysok\u00fd obsah kofeinu \u2013 tento produkt nen\u00ed ur\u010den pro d\u011bti, t\u011bhotn\u00e9 a koj\u00edc\u00ed \u017eeny ani pro osoby citliv\u00e9 na kofein.<\/p>\n","protected":false},"excerpt":{"rendered":"<p>Probu\u010f svou energii s Red Bull Winter Edition 2024. Neodolateln\u00e1 kombinace chut\u00ed sladk\u00e9 vanilky, bor\u016fvek a osv\u011b\u017euj\u00edc\u00edho eukalyptu t\u011b postav\u00ed na nohy i v chladn\u00fdch dnech. Ide\u00e1ln\u00ed spole\u010dn\u00edk na zimu plnou dobrodru\u017estv\u00ed. Vysok\u00fd obsah kofeinu \u2013 tento produkt nen\u00ed ur\u010den pro d\u011bti, t\u011bhotn\u00e9 a koj\u00edc\u00ed \u017eeny ani pro osoby citliv\u00e9 na kofein.<\/p>\n","protected":false},"featured_media":5496,"comment_status":"open","ping_status":"closed","template":"","meta":[],"product_brand":[],"product_cat":[1585],"product_tag":[1791,861,1792,1794,532,817,1783,1784,1777,1793,1650,1790,843],"class_list":{"0":"post-5495","1":"product","2":"type-product","3":"status-publish","4":"has-post-thumbnail","6":"product_cat-napoje-redbull","7":"product_tag-boruvka","8":"product_tag-dodani-energie","9":"product_tag-eukalyptus","10":"product_tag-kridla-energie","11":"product_tag-napoje","12":"product_tag-nealkoholicke-napoje","13":"product_tag-pro-sportovce","14":"product_tag-pro-studenty","15":"product_tag-red-bull","16":"product_tag-sezonni","17":"product_tag-vanilka","18":"product_tag-winter-edition","19":"product_tag-zima","21":"first","22":"instock","23":"sale","24":"taxable","25":"shipping-taxable","26":"purchasable","27":"product-type-simple"},"jetpack_sharing_enabled":true,"_links":{"self":[{"href":"https:\/\/etev7e.pef.czu.cz\/zs2223\/wp-json\/wp\/v2\/product\/5495","targetHints":{"allow":["GET"]}}],"collection":[{"href":"https:\/\/etev7e.pef.czu.cz\/zs2223\/wp-json\/wp\/v2\/product"}],"about":[{"href":"https:\/\/etev7e.pef.czu.cz\/zs2223\/wp-json\/wp\/v2\/types\/product"}],"replies":[{"embeddable":true,"href":"https:\/\/etev7e.pef.czu.cz\/zs2223\/wp-json\/wp\/v2\/comments?post=5495"}],"wp:featuredmedia":[{"embeddable":true,"href":"https:\/\/etev7e.pef.czu.cz\/zs2223\/wp-json\/wp\/v2\/media\/5496"}],"wp:attachment":[{"href":"https:\/\/etev7e.pef.czu.cz\/zs2223\/wp-json\/wp\/v2\/media?parent=5495"}],"wp:term":[{"taxonomy":"product_brand","embeddable":true,"href":"https:\/\/etev7e.pef.czu.cz\/zs2223\/wp-json\/wp\/v2\/product_brand?post=5495"},{"taxonomy":"product_cat","embeddable":true,"href":"https:\/\/etev7e.pef.czu.cz\/zs2223\/wp-json\/wp\/v2\/product_cat?post=5495"},{"taxonomy":"product_tag","embeddable":true,"href":"https:\/\/etev7e.pef.czu.cz\/zs2223\/wp-json\/wp\/v2\/product_tag?post=5495"}],"curies":[{"name":"wp","href":"https:\/\/api.w.org\/{rel}","templated":true}]}}